{"id":3425330,"date":"2025-10-09T22:52:54","date_gmt":"2025-10-10T02:52:54","guid":{"rendered":"https:\/\/stoic-curie.212-227-153-4.plesk.page\/product\/set-2-stueck-leder-schutz-fuer-segelboot-drahtseil-terminals\/"},"modified":"2026-02-24T23:35:04","modified_gmt":"2026-02-24T23:35:04","slug":"set-2-stueck-leder-schutz-fuer-segelboot-drahtseil-terminals","status":"publish","type":"product","link":"https:\/\/stoic-curie.212-227-153-4.plesk.page\/de\/product\/set-2-stueck-leder-schutz-fuer-segelboot-drahtseil-terminals\/","title":{"rendered":"Set 2 St\u00fcck Leder-Schutz f\u00fcr Segelboot-Drahtseil-Terminals"},"content":{"rendered":"<p>Set 2 St\u00fcck Leder-Schutz f\u00fcr Segelboot-Drahtseil-Terminals &#8211; <\/p>\n<p>Behandelte echtes Leder bietet hochwertigen Schutz f\u00fcr Leitplankenterminals. Dank des vorgestanzten Leders ist die Montage einfach. Im Paket sind Nadel und Faden enthalten. Wird paarweise verkauft.<\/p>\n","protected":false},"excerpt":{"rendered":"<p>Set 2 St\u00fcck Leder-Schutz f\u00fcr Segelboot-Drahtseil-Terminals &#8211; Behandelte echtes Leder bietet hochwertigen Schutz f\u00fcr Leitplankenterminals. Dank des vorgestanzten Leders ist<\/p>\n","protected":false},"featured_media":5944049,"comment_status":"closed","ping_status":"closed","template":"","meta":[],"product_brand":[3205],"product_cat":[1479,1478,1471],"product_tag":[],"class_list":{"0":"post-3425330","1":"product","2":"type-product","3":"status-publish","4":"has-post-thumbnail","6":"product_brand-nova-argonautica-de","7":"product_cat-abdeckungen-und-schutzhuellen","8":"product_cat-segelbootbeschlaege","9":"product_cat-stuetzen","11":"first","12":"instock","13":"shipping-taxable","14":"purchasable","15":"product-type-simple"},"_links":{"self":[{"href":"https:\/\/stoic-curie.212-227-153-4.plesk.page\/de\/wp-json\/wp\/v2\/product\/3425330","targetHints":{"allow":["GET"]}}],"collection":[{"href":"https:\/\/stoic-curie.212-227-153-4.plesk.page\/de\/wp-json\/wp\/v2\/product"}],"about":[{"href":"https:\/\/stoic-curie.212-227-153-4.plesk.page\/de\/wp-json\/wp\/v2\/types\/product"}],"replies":[{"embeddable":true,"href":"https:\/\/stoic-curie.212-227-153-4.plesk.page\/de\/wp-json\/wp\/v2\/comments?post=3425330"}],"version-history":[{"count":0,"href":"https:\/\/stoic-curie.212-227-153-4.plesk.page\/de\/wp-json\/wp\/v2\/product\/3425330\/revisions"}],"wp:featuredmedia":[{"embeddable":true,"href":"https:\/\/stoic-curie.212-227-153-4.plesk.page\/de\/wp-json\/wp\/v2\/media\/5944049"}],"wp:attachment":[{"href":"https:\/\/stoic-curie.212-227-153-4.plesk.page\/de\/wp-json\/wp\/v2\/media?parent=3425330"}],"wp:term":[{"taxonomy":"product_brand","embeddable":true,"href":"https:\/\/stoic-curie.212-227-153-4.plesk.page\/de\/wp-json\/wp\/v2\/product_brand?post=3425330"},{"taxonomy":"product_cat","embeddable":true,"href":"https:\/\/stoic-curie.212-227-153-4.plesk.page\/de\/wp-json\/wp\/v2\/product_cat?post=3425330"},{"taxonomy":"product_tag","embeddable":true,"href":"https:\/\/stoic-curie.212-227-153-4.plesk.page\/de\/wp-json\/wp\/v2\/product_tag?post=3425330"}],"curies":[{"name":"wp","href":"https:\/\/api.w.org\/{rel}","templated":true}]}}