{"id":3425363,"date":"2025-10-09T22:52:55","date_gmt":"2025-10-10T02:52:55","guid":{"rendered":"https:\/\/stoic-curie.212-227-153-4.plesk.page\/product\/lederabdeckung-122-154-mm\/"},"modified":"2026-02-24T23:35:04","modified_gmt":"2026-02-24T23:35:04","slug":"lederabdeckung-122-154-mm","status":"publish","type":"product","link":"https:\/\/stoic-curie.212-227-153-4.plesk.page\/de\/product\/lederabdeckung-122-154-mm\/","title":{"rendered":"Lederabdeckung 122 <> 154 mm"},"content":{"rendered":"<p>Lederabdeckung 122 <> 154 mm &#8211; Echtes Leder sch\u00fctzt die Streuer optimal. Erh\u00e4ltlich in vier Gr\u00f6\u00dfen. Die Innenseite ist mit Neopren ausgekleidet und sorgt f\u00fcr eine perfekte Passform. Der Schutz wird durch einen langen Klettverschluss erg\u00e4nzt, der auch bei breiten Streuern passt. Schneiden Sie einfach den Klettverschluss auf die gew\u00fcnschte L\u00e4nge und befestigen Sie den Stiefel mit dem Klettverschluss auf der Innenseite. Verkaufseinheit: Paar.<\/p>\n","protected":false},"excerpt":{"rendered":"<p>Lederabdeckung 122 154 mm &#8211; Echtes Leder sch\u00fctzt die Streuer optimal. Erh\u00e4ltlich in vier Gr\u00f6\u00dfen. Die Innenseite ist mit Neopren<\/p>\n","protected":false},"featured_media":5944051,"comment_status":"closed","ping_status":"closed","template":"","meta":[],"product_brand":[2935],"product_cat":[1479,1484],"product_tag":[],"class_list":{"0":"post-3425363","1":"product","2":"type-product","3":"status-publish","4":"has-post-thumbnail","6":"product_brand-fendress-de","7":"product_cat-abdeckungen-und-schutzhuellen","8":"product_cat-zubehoer-fuer-segelboote","10":"first","11":"instock","12":"shipping-taxable","13":"purchasable","14":"product-type-simple"},"_links":{"self":[{"href":"https:\/\/stoic-curie.212-227-153-4.plesk.page\/de\/wp-json\/wp\/v2\/product\/3425363","targetHints":{"allow":["GET"]}}],"collection":[{"href":"https:\/\/stoic-curie.212-227-153-4.plesk.page\/de\/wp-json\/wp\/v2\/product"}],"about":[{"href":"https:\/\/stoic-curie.212-227-153-4.plesk.page\/de\/wp-json\/wp\/v2\/types\/product"}],"replies":[{"embeddable":true,"href":"https:\/\/stoic-curie.212-227-153-4.plesk.page\/de\/wp-json\/wp\/v2\/comments?post=3425363"}],"version-history":[{"count":0,"href":"https:\/\/stoic-curie.212-227-153-4.plesk.page\/de\/wp-json\/wp\/v2\/product\/3425363\/revisions"}],"wp:featuredmedia":[{"embeddable":true,"href":"https:\/\/stoic-curie.212-227-153-4.plesk.page\/de\/wp-json\/wp\/v2\/media\/5944051"}],"wp:attachment":[{"href":"https:\/\/stoic-curie.212-227-153-4.plesk.page\/de\/wp-json\/wp\/v2\/media?parent=3425363"}],"wp:term":[{"taxonomy":"product_brand","embeddable":true,"href":"https:\/\/stoic-curie.212-227-153-4.plesk.page\/de\/wp-json\/wp\/v2\/product_brand?post=3425363"},{"taxonomy":"product_cat","embeddable":true,"href":"https:\/\/stoic-curie.212-227-153-4.plesk.page\/de\/wp-json\/wp\/v2\/product_cat?post=3425363"},{"taxonomy":"product_tag","embeddable":true,"href":"https:\/\/stoic-curie.212-227-153-4.plesk.page\/de\/wp-json\/wp\/v2\/product_tag?post=3425363"}],"curies":[{"name":"wp","href":"https:\/\/api.w.org\/{rel}","templated":true}]}}