{"id":3425466,"date":"2025-10-09T22:53:00","date_gmt":"2025-10-10T02:53:00","guid":{"rendered":"https:\/\/stoic-curie.212-227-153-4.plesk.page\/product\/navishell-fender-huelle-unit-f7-grau\/"},"modified":"2026-02-24T23:35:04","modified_gmt":"2026-02-24T23:35:04","slug":"navishell-fender-huelle-unit-f7-grau","status":"publish","type":"product","link":"https:\/\/stoic-curie.212-227-153-4.plesk.page\/de\/product\/navishell-fender-huelle-unit-f7-grau\/","title":{"rendered":"Navishell Fender H\u00fclle Unit F7 Grau"},"content":{"rendered":"<p>Navishell Fender H\u00fclle Unit F7 Grau &#8211; <\/p>\n<p>Getestet gem\u00e4\u00df den Vorschriften TS4460 \/ BS EN ISO105 \/ B04 in der Gradierung 7.<\/p>\n","protected":false},"excerpt":{"rendered":"<p>Navishell Fender H\u00fclle Unit F7 Grau &#8211; Getestet gem\u00e4\u00df den Vorschriften TS4460 \/ BS EN ISO105 \/ B04 in der<\/p>\n","protected":false},"featured_media":5944056,"comment_status":"closed","ping_status":"closed","template":"","meta":[],"product_brand":[3175],"product_cat":[1564],"product_tag":[],"class_list":{"0":"post-3425466","1":"product","2":"type-product","3":"status-publish","4":"has-post-thumbnail","6":"product_brand-navishell-de","7":"product_cat-fenderhuellen","9":"first","10":"instock","11":"shipping-taxable","12":"purchasable","13":"product-type-simple"},"_links":{"self":[{"href":"https:\/\/stoic-curie.212-227-153-4.plesk.page\/de\/wp-json\/wp\/v2\/product\/3425466","targetHints":{"allow":["GET"]}}],"collection":[{"href":"https:\/\/stoic-curie.212-227-153-4.plesk.page\/de\/wp-json\/wp\/v2\/product"}],"about":[{"href":"https:\/\/stoic-curie.212-227-153-4.plesk.page\/de\/wp-json\/wp\/v2\/types\/product"}],"replies":[{"embeddable":true,"href":"https:\/\/stoic-curie.212-227-153-4.plesk.page\/de\/wp-json\/wp\/v2\/comments?post=3425466"}],"version-history":[{"count":0,"href":"https:\/\/stoic-curie.212-227-153-4.plesk.page\/de\/wp-json\/wp\/v2\/product\/3425466\/revisions"}],"wp:featuredmedia":[{"embeddable":true,"href":"https:\/\/stoic-curie.212-227-153-4.plesk.page\/de\/wp-json\/wp\/v2\/media\/5944056"}],"wp:attachment":[{"href":"https:\/\/stoic-curie.212-227-153-4.plesk.page\/de\/wp-json\/wp\/v2\/media?parent=3425466"}],"wp:term":[{"taxonomy":"product_brand","embeddable":true,"href":"https:\/\/stoic-curie.212-227-153-4.plesk.page\/de\/wp-json\/wp\/v2\/product_brand?post=3425466"},{"taxonomy":"product_cat","embeddable":true,"href":"https:\/\/stoic-curie.212-227-153-4.plesk.page\/de\/wp-json\/wp\/v2\/product_cat?post=3425466"},{"taxonomy":"product_tag","embeddable":true,"href":"https:\/\/stoic-curie.212-227-153-4.plesk.page\/de\/wp-json\/wp\/v2\/product_tag?post=3425466"}],"curies":[{"name":"wp","href":"https:\/\/api.w.org\/{rel}","templated":true}]}}