{"id":3425488,"date":"2025-10-09T22:53:00","date_gmt":"2025-10-10T02:53:00","guid":{"rendered":"https:\/\/stoic-curie.212-227-153-4.plesk.page\/product\/hochwertige-harte-faserbuerste-mit-pvc-gehaeuse-180-x-80-mm\/"},"modified":"2026-02-24T23:35:04","modified_gmt":"2026-02-24T23:35:04","slug":"hochwertige-harte-faserbuerste-mit-pvc-gehaeuse-180-x-80-mm","status":"publish","type":"product","link":"https:\/\/stoic-curie.212-227-153-4.plesk.page\/de\/product\/hochwertige-harte-faserbuerste-mit-pvc-gehaeuse-180-x-80-mm\/","title":{"rendered":"Hochwertige harte Faserb\u00fcrste mit PVC-Geh\u00e4use 180 x 80 mm"},"content":{"rendered":"<p>Hochwertige harte Faserb\u00fcrste mit PVC-Geh\u00e4use 180 x 80 mm &#8211; <\/p>\n<p>Hochwertige B\u00fcrste mit harten Fasern, PVC-Korpus, sto\u00dfd\u00e4mpfendem Gummi-Bumper und ergonomischem, gummiummanteltem Griff. Perfekt f\u00fcr starke Verschmutzungen und Entkalkungen.<\/p>\n","protected":false},"excerpt":{"rendered":"<p>Hochwertige harte Faserb\u00fcrste mit PVC-Geh\u00e4use 180 x 80 mm &#8211; Hochwertige B\u00fcrste mit harten Fasern, PVC-Korpus, sto\u00dfd\u00e4mpfendem Gummi-Bumper und ergonomischem,<\/p>\n","protected":false},"featured_media":5944058,"comment_status":"closed","ping_status":"closed","template":"","meta":[],"product_brand":[3490],"product_cat":[1346],"product_tag":[],"class_list":{"0":"post-3425488","1":"product","2":"type-product","3":"status-publish","4":"has-post-thumbnail","6":"product_brand-trem-de","7":"product_cat-reinigungsbuersten","9":"first","10":"instock","11":"shipping-taxable","12":"purchasable","13":"product-type-simple"},"_links":{"self":[{"href":"https:\/\/stoic-curie.212-227-153-4.plesk.page\/de\/wp-json\/wp\/v2\/product\/3425488","targetHints":{"allow":["GET"]}}],"collection":[{"href":"https:\/\/stoic-curie.212-227-153-4.plesk.page\/de\/wp-json\/wp\/v2\/product"}],"about":[{"href":"https:\/\/stoic-curie.212-227-153-4.plesk.page\/de\/wp-json\/wp\/v2\/types\/product"}],"replies":[{"embeddable":true,"href":"https:\/\/stoic-curie.212-227-153-4.plesk.page\/de\/wp-json\/wp\/v2\/comments?post=3425488"}],"version-history":[{"count":0,"href":"https:\/\/stoic-curie.212-227-153-4.plesk.page\/de\/wp-json\/wp\/v2\/product\/3425488\/revisions"}],"wp:featuredmedia":[{"embeddable":true,"href":"https:\/\/stoic-curie.212-227-153-4.plesk.page\/de\/wp-json\/wp\/v2\/media\/5944058"}],"wp:attachment":[{"href":"https:\/\/stoic-curie.212-227-153-4.plesk.page\/de\/wp-json\/wp\/v2\/media?parent=3425488"}],"wp:term":[{"taxonomy":"product_brand","embeddable":true,"href":"https:\/\/stoic-curie.212-227-153-4.plesk.page\/de\/wp-json\/wp\/v2\/product_brand?post=3425488"},{"taxonomy":"product_cat","embeddable":true,"href":"https:\/\/stoic-curie.212-227-153-4.plesk.page\/de\/wp-json\/wp\/v2\/product_cat?post=3425488"},{"taxonomy":"product_tag","embeddable":true,"href":"https:\/\/stoic-curie.212-227-153-4.plesk.page\/de\/wp-json\/wp\/v2\/product_tag?post=3425488"}],"curies":[{"name":"wp","href":"https:\/\/api.w.org\/{rel}","templated":true}]}}