{"id":3425493,"date":"2025-10-09T22:53:01","date_gmt":"2025-10-10T02:53:01","guid":{"rendered":"https:\/\/stoic-curie.212-227-153-4.plesk.page\/product\/magic-mikrofaserhandschuh-26x20cm\/"},"modified":"2026-02-24T23:35:04","modified_gmt":"2026-02-24T23:35:04","slug":"magic-mikrofaserhandschuh-26x20cm","status":"publish","type":"product","link":"https:\/\/stoic-curie.212-227-153-4.plesk.page\/de\/product\/magic-mikrofaserhandschuh-26x20cm\/","title":{"rendered":"Magic Mikrofaserhandschuh 26x20cm"},"content":{"rendered":"<p>Magic Mikrofaserhandschuh 26x20cm &#8211; <\/p>\n<p>Dieses spezielle Mikrofaser-Waschhandschuh ist perfekt f\u00fcr eine schnelle Reinigung jeder Oberfl\u00e4che. Eine Seite absorbiert Wasser und Reinigungsmittel f\u00fcr ein optimales Einseifen und Absp\u00fclen. Die andere Seite entfernt Schmutz und Kalkablagerungen.<\/p>\n","protected":false},"excerpt":{"rendered":"<p>Magic Mikrofaserhandschuh 26x20cm &#8211; Dieses spezielle Mikrofaser-Waschhandschuh ist perfekt f\u00fcr eine schnelle Reinigung jeder Oberfl\u00e4che. Eine Seite absorbiert Wasser und<\/p>\n","protected":false},"featured_media":5944061,"comment_status":"closed","ping_status":"closed","template":"","meta":[],"product_brand":[3235],"product_cat":[1346,1344],"product_tag":[],"class_list":{"0":"post-3425493","1":"product","2":"type-product","3":"status-publish","4":"has-post-thumbnail","6":"product_brand-osculati-de","7":"product_cat-reinigungsbuersten","8":"product_cat-werkzeuge-fuer-die-reinigung","10":"first","11":"instock","12":"shipping-taxable","13":"purchasable","14":"product-type-simple"},"_links":{"self":[{"href":"https:\/\/stoic-curie.212-227-153-4.plesk.page\/de\/wp-json\/wp\/v2\/product\/3425493","targetHints":{"allow":["GET"]}}],"collection":[{"href":"https:\/\/stoic-curie.212-227-153-4.plesk.page\/de\/wp-json\/wp\/v2\/product"}],"about":[{"href":"https:\/\/stoic-curie.212-227-153-4.plesk.page\/de\/wp-json\/wp\/v2\/types\/product"}],"replies":[{"embeddable":true,"href":"https:\/\/stoic-curie.212-227-153-4.plesk.page\/de\/wp-json\/wp\/v2\/comments?post=3425493"}],"version-history":[{"count":0,"href":"https:\/\/stoic-curie.212-227-153-4.plesk.page\/de\/wp-json\/wp\/v2\/product\/3425493\/revisions"}],"wp:featuredmedia":[{"embeddable":true,"href":"https:\/\/stoic-curie.212-227-153-4.plesk.page\/de\/wp-json\/wp\/v2\/media\/5944061"}],"wp:attachment":[{"href":"https:\/\/stoic-curie.212-227-153-4.plesk.page\/de\/wp-json\/wp\/v2\/media?parent=3425493"}],"wp:term":[{"taxonomy":"product_brand","embeddable":true,"href":"https:\/\/stoic-curie.212-227-153-4.plesk.page\/de\/wp-json\/wp\/v2\/product_brand?post=3425493"},{"taxonomy":"product_cat","embeddable":true,"href":"https:\/\/stoic-curie.212-227-153-4.plesk.page\/de\/wp-json\/wp\/v2\/product_cat?post=3425493"},{"taxonomy":"product_tag","embeddable":true,"href":"https:\/\/stoic-curie.212-227-153-4.plesk.page\/de\/wp-json\/wp\/v2\/product_tag?post=3425493"}],"curies":[{"name":"wp","href":"https:\/\/api.w.org\/{rel}","templated":true}]}}