{"id":3425618,"date":"2025-10-09T22:53:06","date_gmt":"2025-10-10T02:53:06","guid":{"rendered":"https:\/\/stoic-curie.212-227-153-4.plesk.page\/product\/3m-bootswachs-perfect-it-1-liter\/"},"modified":"2026-02-24T23:35:05","modified_gmt":"2026-02-24T23:35:05","slug":"3m-bootswachs-perfect-it-1-liter","status":"publish","type":"product","link":"https:\/\/stoic-curie.212-227-153-4.plesk.page\/de\/product\/3m-bootswachs-perfect-it-1-liter\/","title":{"rendered":"3M Bootswachs Perfect-it 1 Liter"},"content":{"rendered":"<p>3M Bootswachs Perfect-it 1 Liter &#8211; <\/p>\n<p>Nicht scheuernd und vielseitig, das 3M Perfect-it Bootswachs besteht aus nat\u00fcrlichen Wachsen, einschlie\u00dflich brasilianischem Carnauba. Die schnelle und einfache Anwendung garantiert einen langanhaltenden und sch\u00fctzenden Hochglanzeffekt.<\/p>\n","protected":false},"excerpt":{"rendered":"<p>3M Bootswachs Perfect-it 1 Liter &#8211; Nicht scheuernd und vielseitig, das 3M Perfect-it Bootswachs besteht aus nat\u00fcrlichen Wachsen, einschlie\u00dflich brasilianischem<\/p>\n","protected":false},"featured_media":5944095,"comment_status":"closed","ping_status":"closed","template":"","meta":[],"product_brand":[2770],"product_cat":[1341,1339],"product_tag":[],"class_list":{"0":"post-3425618","1":"product","2":"type-product","3":"status-publish","4":"has-post-thumbnail","6":"product_brand-3m-marine-de","7":"product_cat-produkte-zur-reinigung","8":"product_cat-produkte-zur-wartung","10":"first","11":"instock","12":"shipping-taxable","13":"purchasable","14":"product-type-simple"},"_links":{"self":[{"href":"https:\/\/stoic-curie.212-227-153-4.plesk.page\/de\/wp-json\/wp\/v2\/product\/3425618","targetHints":{"allow":["GET"]}}],"collection":[{"href":"https:\/\/stoic-curie.212-227-153-4.plesk.page\/de\/wp-json\/wp\/v2\/product"}],"about":[{"href":"https:\/\/stoic-curie.212-227-153-4.plesk.page\/de\/wp-json\/wp\/v2\/types\/product"}],"replies":[{"embeddable":true,"href":"https:\/\/stoic-curie.212-227-153-4.plesk.page\/de\/wp-json\/wp\/v2\/comments?post=3425618"}],"version-history":[{"count":0,"href":"https:\/\/stoic-curie.212-227-153-4.plesk.page\/de\/wp-json\/wp\/v2\/product\/3425618\/revisions"}],"wp:featuredmedia":[{"embeddable":true,"href":"https:\/\/stoic-curie.212-227-153-4.plesk.page\/de\/wp-json\/wp\/v2\/media\/5944095"}],"wp:attachment":[{"href":"https:\/\/stoic-curie.212-227-153-4.plesk.page\/de\/wp-json\/wp\/v2\/media?parent=3425618"}],"wp:term":[{"taxonomy":"product_brand","embeddable":true,"href":"https:\/\/stoic-curie.212-227-153-4.plesk.page\/de\/wp-json\/wp\/v2\/product_brand?post=3425618"},{"taxonomy":"product_cat","embeddable":true,"href":"https:\/\/stoic-curie.212-227-153-4.plesk.page\/de\/wp-json\/wp\/v2\/product_cat?post=3425618"},{"taxonomy":"product_tag","embeddable":true,"href":"https:\/\/stoic-curie.212-227-153-4.plesk.page\/de\/wp-json\/wp\/v2\/product_tag?post=3425618"}],"curies":[{"name":"wp","href":"https:\/\/api.w.org\/{rel}","templated":true}]}}