{"id":3425629,"date":"2025-10-09T22:53:06","date_gmt":"2025-10-10T02:53:06","guid":{"rendered":"https:\/\/stoic-curie.212-227-153-4.plesk.page\/product\/schnellverbinder-29mm-fuer-wassertanks\/"},"modified":"2026-02-24T23:35:05","modified_gmt":"2026-02-24T23:35:05","slug":"schnellverbinder-29mm-fuer-wassertanks","status":"publish","type":"product","link":"https:\/\/stoic-curie.212-227-153-4.plesk.page\/de\/product\/schnellverbinder-29mm-fuer-wassertanks\/","title":{"rendered":"Schnellverbinder 29mm f\u00fcr Wassertanks"},"content":{"rendered":"<p>Schnellverbinder 29mm f\u00fcr Wassertanks &#8211; <\/p>\n<p>Polypropylen-Schnellkupplung mit lebensmittelechter EPDM-Dichtung f\u00fcr jede Art von Wassertank. Schnelle Montage von au\u00dfen mit einem einfachen Loch. Wenn das Anschlussst\u00fcck eingedreht wird, wird die Dichtung komprimiert und garantiert eine dichte Verbindung.<\/p>\n","protected":false},"excerpt":{"rendered":"<p>Schnellverbinder 29mm f\u00fcr Wassertanks &#8211; Polypropylen-Schnellkupplung mit lebensmittelechter EPDM-Dichtung f\u00fcr jede Art von Wassertank. Schnelle Montage von au\u00dfen mit einem<\/p>\n","protected":false},"featured_media":5944099,"comment_status":"closed","ping_status":"closed","template":"","meta":[],"product_brand":[2855],"product_cat":[1377],"product_tag":[],"class_list":{"0":"post-3425629","1":"product","2":"type-product","3":"status-publish","4":"has-post-thumbnail","6":"product_brand-can-marine-de","7":"product_cat-wassertanks","9":"first","10":"instock","11":"shipping-taxable","12":"purchasable","13":"product-type-simple"},"_links":{"self":[{"href":"https:\/\/stoic-curie.212-227-153-4.plesk.page\/de\/wp-json\/wp\/v2\/product\/3425629","targetHints":{"allow":["GET"]}}],"collection":[{"href":"https:\/\/stoic-curie.212-227-153-4.plesk.page\/de\/wp-json\/wp\/v2\/product"}],"about":[{"href":"https:\/\/stoic-curie.212-227-153-4.plesk.page\/de\/wp-json\/wp\/v2\/types\/product"}],"replies":[{"embeddable":true,"href":"https:\/\/stoic-curie.212-227-153-4.plesk.page\/de\/wp-json\/wp\/v2\/comments?post=3425629"}],"version-history":[{"count":0,"href":"https:\/\/stoic-curie.212-227-153-4.plesk.page\/de\/wp-json\/wp\/v2\/product\/3425629\/revisions"}],"wp:featuredmedia":[{"embeddable":true,"href":"https:\/\/stoic-curie.212-227-153-4.plesk.page\/de\/wp-json\/wp\/v2\/media\/5944099"}],"wp:attachment":[{"href":"https:\/\/stoic-curie.212-227-153-4.plesk.page\/de\/wp-json\/wp\/v2\/media?parent=3425629"}],"wp:term":[{"taxonomy":"product_brand","embeddable":true,"href":"https:\/\/stoic-curie.212-227-153-4.plesk.page\/de\/wp-json\/wp\/v2\/product_brand?post=3425629"},{"taxonomy":"product_cat","embeddable":true,"href":"https:\/\/stoic-curie.212-227-153-4.plesk.page\/de\/wp-json\/wp\/v2\/product_cat?post=3425629"},{"taxonomy":"product_tag","embeddable":true,"href":"https:\/\/stoic-curie.212-227-153-4.plesk.page\/de\/wp-json\/wp\/v2\/product_tag?post=3425629"}],"curies":[{"name":"wp","href":"https:\/\/api.w.org\/{rel}","templated":true}]}}