{"id":3425646,"date":"2025-10-09T22:53:07","date_gmt":"2025-10-10T02:53:07","guid":{"rendered":"https:\/\/stoic-curie.212-227-153-4.plesk.page\/product\/schnellverbinder-52mm-fuer-wassertanks\/"},"modified":"2026-02-24T23:35:05","modified_gmt":"2026-02-24T23:35:05","slug":"schnellverbinder-52mm-fuer-wassertanks","status":"publish","type":"product","link":"https:\/\/stoic-curie.212-227-153-4.plesk.page\/de\/product\/schnellverbinder-52mm-fuer-wassertanks\/","title":{"rendered":"Schnellverbinder 52mm f\u00fcr Wassertanks"},"content":{"rendered":"<p>Schnellverbinder 52mm f\u00fcr Wassertanks &#8211; <\/p>\n<p>Polypropylen-Schnellverschlussverbinder mit lebensmittelechter EPDM-Dichtung f\u00fcr jede Art von Wassertank. Schnelle Montage von au\u00dfen mit einem einfachen Loch. Wenn das Fitting eingeschraubt wird, wird die Dichtung komprimiert und gew\u00e4hrleistet eine dichte Abdichtung.<\/p>\n","protected":false},"excerpt":{"rendered":"<p>Schnellverbinder 52mm f\u00fcr Wassertanks &#8211; Polypropylen-Schnellverschlussverbinder mit lebensmittelechter EPDM-Dichtung f\u00fcr jede Art von Wassertank. Schnelle Montage von au\u00dfen mit einem<\/p>\n","protected":false},"featured_media":5944099,"comment_status":"closed","ping_status":"closed","template":"","meta":[],"product_brand":[2855],"product_cat":[1377],"product_tag":[],"class_list":{"0":"post-3425646","1":"product","2":"type-product","3":"status-publish","4":"has-post-thumbnail","6":"product_brand-can-marine-de","7":"product_cat-wassertanks","9":"first","10":"instock","11":"shipping-taxable","12":"purchasable","13":"product-type-simple"},"_links":{"self":[{"href":"https:\/\/stoic-curie.212-227-153-4.plesk.page\/de\/wp-json\/wp\/v2\/product\/3425646","targetHints":{"allow":["GET"]}}],"collection":[{"href":"https:\/\/stoic-curie.212-227-153-4.plesk.page\/de\/wp-json\/wp\/v2\/product"}],"about":[{"href":"https:\/\/stoic-curie.212-227-153-4.plesk.page\/de\/wp-json\/wp\/v2\/types\/product"}],"replies":[{"embeddable":true,"href":"https:\/\/stoic-curie.212-227-153-4.plesk.page\/de\/wp-json\/wp\/v2\/comments?post=3425646"}],"version-history":[{"count":0,"href":"https:\/\/stoic-curie.212-227-153-4.plesk.page\/de\/wp-json\/wp\/v2\/product\/3425646\/revisions"}],"wp:featuredmedia":[{"embeddable":true,"href":"https:\/\/stoic-curie.212-227-153-4.plesk.page\/de\/wp-json\/wp\/v2\/media\/5944099"}],"wp:attachment":[{"href":"https:\/\/stoic-curie.212-227-153-4.plesk.page\/de\/wp-json\/wp\/v2\/media?parent=3425646"}],"wp:term":[{"taxonomy":"product_brand","embeddable":true,"href":"https:\/\/stoic-curie.212-227-153-4.plesk.page\/de\/wp-json\/wp\/v2\/product_brand?post=3425646"},{"taxonomy":"product_cat","embeddable":true,"href":"https:\/\/stoic-curie.212-227-153-4.plesk.page\/de\/wp-json\/wp\/v2\/product_cat?post=3425646"},{"taxonomy":"product_tag","embeddable":true,"href":"https:\/\/stoic-curie.212-227-153-4.plesk.page\/de\/wp-json\/wp\/v2\/product_tag?post=3425646"}],"curies":[{"name":"wp","href":"https:\/\/api.w.org\/{rel}","templated":true}]}}