{"id":3425707,"date":"2025-10-09T22:53:09","date_gmt":"2025-10-10T02:53:09","guid":{"rendered":"https:\/\/stoic-curie.212-227-153-4.plesk.page\/product\/spruehreiniger-fuer-klebstoffe-3m-500-ml\/"},"modified":"2026-02-24T23:35:05","modified_gmt":"2026-02-24T23:35:05","slug":"spruehreiniger-fuer-klebstoffe-3m-500-ml","status":"publish","type":"product","link":"https:\/\/stoic-curie.212-227-153-4.plesk.page\/de\/product\/spruehreiniger-fuer-klebstoffe-3m-500-ml\/","title":{"rendered":"Spr\u00fchreiniger f\u00fcr Klebstoffe 3M 500 ml"},"content":{"rendered":"<p>Spr\u00fchreiniger f\u00fcr Klebstoffe 3M 500 ml &#8211; <\/p>\n<p>Spr\u00fchreiniger, der in der Lage ist, Schmutz, Fett, Teer und die meisten Klebefilme zu l\u00f6sen und zu entfernen. Ein Naturprodukt auf der Basis von Zitrusfr\u00fcchten, das sich beim Absp\u00fclen mit Wasser emulgiert.<\/p>\n","protected":false},"excerpt":{"rendered":"<p>Spr\u00fchreiniger f\u00fcr Klebstoffe 3M 500 ml &#8211; Spr\u00fchreiniger, der in der Lage ist, Schmutz, Fett, Teer und die meisten Klebefilme<\/p>\n","protected":false},"featured_media":5944104,"comment_status":"closed","ping_status":"closed","template":"","meta":[],"product_brand":[2770],"product_cat":[1350,1341],"product_tag":[],"class_list":{"0":"post-3425707","1":"product","2":"type-product","3":"status-publish","4":"has-post-thumbnail","6":"product_brand-3m-marine-de","7":"product_cat-klebstoffe-und-dichtungsmassen","8":"product_cat-produkte-zur-reinigung","10":"first","11":"instock","12":"shipping-taxable","13":"purchasable","14":"product-type-simple"},"_links":{"self":[{"href":"https:\/\/stoic-curie.212-227-153-4.plesk.page\/de\/wp-json\/wp\/v2\/product\/3425707","targetHints":{"allow":["GET"]}}],"collection":[{"href":"https:\/\/stoic-curie.212-227-153-4.plesk.page\/de\/wp-json\/wp\/v2\/product"}],"about":[{"href":"https:\/\/stoic-curie.212-227-153-4.plesk.page\/de\/wp-json\/wp\/v2\/types\/product"}],"replies":[{"embeddable":true,"href":"https:\/\/stoic-curie.212-227-153-4.plesk.page\/de\/wp-json\/wp\/v2\/comments?post=3425707"}],"version-history":[{"count":0,"href":"https:\/\/stoic-curie.212-227-153-4.plesk.page\/de\/wp-json\/wp\/v2\/product\/3425707\/revisions"}],"wp:featuredmedia":[{"embeddable":true,"href":"https:\/\/stoic-curie.212-227-153-4.plesk.page\/de\/wp-json\/wp\/v2\/media\/5944104"}],"wp:attachment":[{"href":"https:\/\/stoic-curie.212-227-153-4.plesk.page\/de\/wp-json\/wp\/v2\/media?parent=3425707"}],"wp:term":[{"taxonomy":"product_brand","embeddable":true,"href":"https:\/\/stoic-curie.212-227-153-4.plesk.page\/de\/wp-json\/wp\/v2\/product_brand?post=3425707"},{"taxonomy":"product_cat","embeddable":true,"href":"https:\/\/stoic-curie.212-227-153-4.plesk.page\/de\/wp-json\/wp\/v2\/product_cat?post=3425707"},{"taxonomy":"product_tag","embeddable":true,"href":"https:\/\/stoic-curie.212-227-153-4.plesk.page\/de\/wp-json\/wp\/v2\/product_tag?post=3425707"}],"curies":[{"name":"wp","href":"https:\/\/api.w.org\/{rel}","templated":true}]}}