{"id":3425709,"date":"2025-10-09T22:53:10","date_gmt":"2025-10-10T02:53:10","guid":{"rendered":"https:\/\/stoic-curie.212-227-153-4.plesk.page\/product\/dichtmittel-3m-marine-5200-fc-295-ml\/"},"modified":"2026-02-24T23:35:05","modified_gmt":"2026-02-24T23:35:05","slug":"dichtmittel-3m-marine-5200-fc-295-ml","status":"publish","type":"product","link":"https:\/\/stoic-curie.212-227-153-4.plesk.page\/de\/product\/dichtmittel-3m-marine-5200-fc-295-ml\/","title":{"rendered":"Dichtmittel 3M Marine 5200 FC 295 ml"},"content":{"rendered":"<p>Dichtmittel 3M Marine 5200 FC 295 ml &#8211; <\/p>\n<p>Hochleistungs-PUR-Kleber und Dichtstoff mit schneller Polymerisation, einer Staubabl\u00fcftzeit von 1 Stunde und vollst\u00e4ndiger Aush\u00e4rtung innerhalb von 24 Stunden. Starke Abdichtung sowohl \u00fcber als auch unter der Wasserlinie, kann Deformationen und Vibrationen leicht absorbieren und bietet au\u00dfergew\u00f6hnlichen Widerstand gegen Witterungseinfl\u00fcsse und Meerwasser.<\/p>\n","protected":false},"excerpt":{"rendered":"<p>Dichtmittel 3M Marine 5200 FC 295 ml &#8211; Hochleistungs-PUR-Kleber und Dichtstoff mit schneller Polymerisation, einer Staubabl\u00fcftzeit von 1 Stunde und<\/p>\n","protected":false},"featured_media":5944105,"comment_status":"closed","ping_status":"closed","template":"","meta":[],"product_brand":[2770],"product_cat":[1350],"product_tag":[],"class_list":{"0":"post-3425709","1":"product","2":"type-product","3":"status-publish","4":"has-post-thumbnail","6":"product_brand-3m-marine-de","7":"product_cat-klebstoffe-und-dichtungsmassen","9":"first","10":"instock","11":"shipping-taxable","12":"purchasable","13":"product-type-simple"},"_links":{"self":[{"href":"https:\/\/stoic-curie.212-227-153-4.plesk.page\/de\/wp-json\/wp\/v2\/product\/3425709","targetHints":{"allow":["GET"]}}],"collection":[{"href":"https:\/\/stoic-curie.212-227-153-4.plesk.page\/de\/wp-json\/wp\/v2\/product"}],"about":[{"href":"https:\/\/stoic-curie.212-227-153-4.plesk.page\/de\/wp-json\/wp\/v2\/types\/product"}],"replies":[{"embeddable":true,"href":"https:\/\/stoic-curie.212-227-153-4.plesk.page\/de\/wp-json\/wp\/v2\/comments?post=3425709"}],"version-history":[{"count":0,"href":"https:\/\/stoic-curie.212-227-153-4.plesk.page\/de\/wp-json\/wp\/v2\/product\/3425709\/revisions"}],"wp:featuredmedia":[{"embeddable":true,"href":"https:\/\/stoic-curie.212-227-153-4.plesk.page\/de\/wp-json\/wp\/v2\/media\/5944105"}],"wp:attachment":[{"href":"https:\/\/stoic-curie.212-227-153-4.plesk.page\/de\/wp-json\/wp\/v2\/media?parent=3425709"}],"wp:term":[{"taxonomy":"product_brand","embeddable":true,"href":"https:\/\/stoic-curie.212-227-153-4.plesk.page\/de\/wp-json\/wp\/v2\/product_brand?post=3425709"},{"taxonomy":"product_cat","embeddable":true,"href":"https:\/\/stoic-curie.212-227-153-4.plesk.page\/de\/wp-json\/wp\/v2\/product_cat?post=3425709"},{"taxonomy":"product_tag","embeddable":true,"href":"https:\/\/stoic-curie.212-227-153-4.plesk.page\/de\/wp-json\/wp\/v2\/product_tag?post=3425709"}],"curies":[{"name":"wp","href":"https:\/\/api.w.org\/{rel}","templated":true}]}}