{"id":3425733,"date":"2025-10-09T22:53:10","date_gmt":"2025-10-10T02:53:10","guid":{"rendered":"https:\/\/stoic-curie.212-227-153-4.plesk.page\/product\/marine-kleb-und-dichtmasse-3m-4000uv-fc-295-ml-weiss\/"},"modified":"2026-02-24T23:35:05","modified_gmt":"2026-02-24T23:35:05","slug":"marine-kleb-und-dichtmasse-3m-4000uv-fc-295-ml-weiss","status":"publish","type":"product","link":"https:\/\/stoic-curie.212-227-153-4.plesk.page\/de\/product\/marine-kleb-und-dichtmasse-3m-4000uv-fc-295-ml-weiss\/","title":{"rendered":"Marine Kleb- und Dichtmasse 3m 4000UV-FC 295 ml Wei\u00df"},"content":{"rendered":"<p>Marine Kleb- und Dichtmasse 3m 4000UV-FC 295 ml Wei\u00df &#8211; <\/p>\n<p>Hochleistungsf\u00e4higer, UV-best\u00e4ndiger polymerer Dichtkleber. Starker Dichtstoff sowohl \u00fcber als auch unter der Wasserlinie, der nicht vergilbt.<\/p>\n","protected":false},"excerpt":{"rendered":"<p>Marine Kleb- und Dichtmasse 3m 4000UV-FC 295 ml Wei\u00df &#8211; Hochleistungsf\u00e4higer, UV-best\u00e4ndiger polymerer Dichtkleber. Starker Dichtstoff sowohl \u00fcber als auch<\/p>\n","protected":false},"featured_media":5944108,"comment_status":"closed","ping_status":"closed","template":"","meta":[],"product_brand":[2770],"product_cat":[1350],"product_tag":[],"class_list":{"0":"post-3425733","1":"product","2":"type-product","3":"status-publish","4":"has-post-thumbnail","6":"product_brand-3m-marine-de","7":"product_cat-klebstoffe-und-dichtungsmassen","9":"first","10":"instock","11":"shipping-taxable","12":"purchasable","13":"product-type-simple"},"_links":{"self":[{"href":"https:\/\/stoic-curie.212-227-153-4.plesk.page\/de\/wp-json\/wp\/v2\/product\/3425733","targetHints":{"allow":["GET"]}}],"collection":[{"href":"https:\/\/stoic-curie.212-227-153-4.plesk.page\/de\/wp-json\/wp\/v2\/product"}],"about":[{"href":"https:\/\/stoic-curie.212-227-153-4.plesk.page\/de\/wp-json\/wp\/v2\/types\/product"}],"replies":[{"embeddable":true,"href":"https:\/\/stoic-curie.212-227-153-4.plesk.page\/de\/wp-json\/wp\/v2\/comments?post=3425733"}],"version-history":[{"count":0,"href":"https:\/\/stoic-curie.212-227-153-4.plesk.page\/de\/wp-json\/wp\/v2\/product\/3425733\/revisions"}],"wp:featuredmedia":[{"embeddable":true,"href":"https:\/\/stoic-curie.212-227-153-4.plesk.page\/de\/wp-json\/wp\/v2\/media\/5944108"}],"wp:attachment":[{"href":"https:\/\/stoic-curie.212-227-153-4.plesk.page\/de\/wp-json\/wp\/v2\/media?parent=3425733"}],"wp:term":[{"taxonomy":"product_brand","embeddable":true,"href":"https:\/\/stoic-curie.212-227-153-4.plesk.page\/de\/wp-json\/wp\/v2\/product_brand?post=3425733"},{"taxonomy":"product_cat","embeddable":true,"href":"https:\/\/stoic-curie.212-227-153-4.plesk.page\/de\/wp-json\/wp\/v2\/product_cat?post=3425733"},{"taxonomy":"product_tag","embeddable":true,"href":"https:\/\/stoic-curie.212-227-153-4.plesk.page\/de\/wp-json\/wp\/v2\/product_tag?post=3425733"}],"curies":[{"name":"wp","href":"https:\/\/api.w.org\/{rel}","templated":true}]}}