{"id":3425736,"date":"2025-10-09T22:53:11","date_gmt":"2025-10-10T02:53:11","guid":{"rendered":"https:\/\/stoic-curie.212-227-153-4.plesk.page\/product\/marine-dichtmasse-3m-3200-280-ml-schwarz\/"},"modified":"2026-02-24T23:35:05","modified_gmt":"2026-02-24T23:35:05","slug":"marine-dichtmasse-3m-3200-280-ml-schwarz","status":"publish","type":"product","link":"https:\/\/stoic-curie.212-227-153-4.plesk.page\/de\/product\/marine-dichtmasse-3m-3200-280-ml-schwarz\/","title":{"rendered":"Marine Dichtmasse 3M 3200, 280 ml, Schwarz"},"content":{"rendered":"<p>Marine Dichtmasse 3M 3200, 280 ml, Schwarz &#8211; <\/p>\n<div>Flexibler Silikon-Dichtstoff, der mit Feuchtigkeit aush\u00e4rtet. Tropft nicht, ist schimmelresistent und bleibt flexibel mit hervorragender Best\u00e4ndigkeit gegen\u00fcber marinen Umgebungen. Ideal als Klebedichtmittel und f\u00fcr alle Arten von Abdichtungen oder Oberfl\u00e4chen, die UV-Strahlen ausgesetzt sind.<\/div>\n","protected":false},"excerpt":{"rendered":"<p>Marine Dichtmasse 3M 3200, 280 ml, Schwarz &#8211; Flexibler Silikon-Dichtstoff, der mit Feuchtigkeit aush\u00e4rtet. Tropft nicht, ist schimmelresistent und bleibt<\/p>\n","protected":false},"featured_media":5944111,"comment_status":"closed","ping_status":"closed","template":"","meta":[],"product_brand":[2770],"product_cat":[1350],"product_tag":[],"class_list":{"0":"post-3425736","1":"product","2":"type-product","3":"status-publish","4":"has-post-thumbnail","6":"product_brand-3m-marine-de","7":"product_cat-klebstoffe-und-dichtungsmassen","9":"first","10":"outofstock","11":"shipping-taxable","12":"purchasable","13":"product-type-simple"},"_links":{"self":[{"href":"https:\/\/stoic-curie.212-227-153-4.plesk.page\/de\/wp-json\/wp\/v2\/product\/3425736","targetHints":{"allow":["GET"]}}],"collection":[{"href":"https:\/\/stoic-curie.212-227-153-4.plesk.page\/de\/wp-json\/wp\/v2\/product"}],"about":[{"href":"https:\/\/stoic-curie.212-227-153-4.plesk.page\/de\/wp-json\/wp\/v2\/types\/product"}],"replies":[{"embeddable":true,"href":"https:\/\/stoic-curie.212-227-153-4.plesk.page\/de\/wp-json\/wp\/v2\/comments?post=3425736"}],"version-history":[{"count":0,"href":"https:\/\/stoic-curie.212-227-153-4.plesk.page\/de\/wp-json\/wp\/v2\/product\/3425736\/revisions"}],"wp:featuredmedia":[{"embeddable":true,"href":"https:\/\/stoic-curie.212-227-153-4.plesk.page\/de\/wp-json\/wp\/v2\/media\/5944111"}],"wp:attachment":[{"href":"https:\/\/stoic-curie.212-227-153-4.plesk.page\/de\/wp-json\/wp\/v2\/media?parent=3425736"}],"wp:term":[{"taxonomy":"product_brand","embeddable":true,"href":"https:\/\/stoic-curie.212-227-153-4.plesk.page\/de\/wp-json\/wp\/v2\/product_brand?post=3425736"},{"taxonomy":"product_cat","embeddable":true,"href":"https:\/\/stoic-curie.212-227-153-4.plesk.page\/de\/wp-json\/wp\/v2\/product_cat?post=3425736"},{"taxonomy":"product_tag","embeddable":true,"href":"https:\/\/stoic-curie.212-227-153-4.plesk.page\/de\/wp-json\/wp\/v2\/product_tag?post=3425736"}],"curies":[{"name":"wp","href":"https:\/\/api.w.org\/{rel}","templated":true}]}}