{"id":3425754,"date":"2025-10-09T22:53:11","date_gmt":"2025-10-10T02:53:11","guid":{"rendered":"https:\/\/stoic-curie.212-227-153-4.plesk.page\/product\/dichtmittel-3m-power-line-540-weiss-310-ml\/"},"modified":"2026-02-24T23:35:05","modified_gmt":"2026-02-24T23:35:05","slug":"dichtmittel-3m-power-line-540-weiss-310-ml","status":"publish","type":"product","link":"https:\/\/stoic-curie.212-227-153-4.plesk.page\/de\/product\/dichtmittel-3m-power-line-540-weiss-310-ml\/","title":{"rendered":"Dichtmittel 3M Power Line 540 Wei\u00df 310 ml"},"content":{"rendered":"<p>Dichtmittel 3M Power Line 540 Wei\u00df 310 ml &#8211; <\/p>\n<p>Hochleistungsf\u00e4higer, einkomponentiger Polyurethan-Feuchtigkeitsh\u00e4rtungsdichtstoff. Ideal f\u00fcr die Anwendung auf Dichtungen von mechanischen Befestigungen.<\/p>\n","protected":false},"excerpt":{"rendered":"<p>Dichtmittel 3M Power Line 540 Wei\u00df 310 ml &#8211; Hochleistungsf\u00e4higer, einkomponentiger Polyurethan-Feuchtigkeitsh\u00e4rtungsdichtstoff. Ideal f\u00fcr die Anwendung auf Dichtungen von mechanischen<\/p>\n","protected":false},"featured_media":5944113,"comment_status":"closed","ping_status":"closed","template":"","meta":[],"product_brand":[2770],"product_cat":[1350],"product_tag":[],"class_list":{"0":"post-3425754","1":"product","2":"type-product","3":"status-publish","4":"has-post-thumbnail","6":"product_brand-3m-marine-de","7":"product_cat-klebstoffe-und-dichtungsmassen","9":"first","10":"outofstock","11":"shipping-taxable","12":"purchasable","13":"product-type-simple"},"_links":{"self":[{"href":"https:\/\/stoic-curie.212-227-153-4.plesk.page\/de\/wp-json\/wp\/v2\/product\/3425754","targetHints":{"allow":["GET"]}}],"collection":[{"href":"https:\/\/stoic-curie.212-227-153-4.plesk.page\/de\/wp-json\/wp\/v2\/product"}],"about":[{"href":"https:\/\/stoic-curie.212-227-153-4.plesk.page\/de\/wp-json\/wp\/v2\/types\/product"}],"replies":[{"embeddable":true,"href":"https:\/\/stoic-curie.212-227-153-4.plesk.page\/de\/wp-json\/wp\/v2\/comments?post=3425754"}],"version-history":[{"count":0,"href":"https:\/\/stoic-curie.212-227-153-4.plesk.page\/de\/wp-json\/wp\/v2\/product\/3425754\/revisions"}],"wp:featuredmedia":[{"embeddable":true,"href":"https:\/\/stoic-curie.212-227-153-4.plesk.page\/de\/wp-json\/wp\/v2\/media\/5944113"}],"wp:attachment":[{"href":"https:\/\/stoic-curie.212-227-153-4.plesk.page\/de\/wp-json\/wp\/v2\/media?parent=3425754"}],"wp:term":[{"taxonomy":"product_brand","embeddable":true,"href":"https:\/\/stoic-curie.212-227-153-4.plesk.page\/de\/wp-json\/wp\/v2\/product_brand?post=3425754"},{"taxonomy":"product_cat","embeddable":true,"href":"https:\/\/stoic-curie.212-227-153-4.plesk.page\/de\/wp-json\/wp\/v2\/product_cat?post=3425754"},{"taxonomy":"product_tag","embeddable":true,"href":"https:\/\/stoic-curie.212-227-153-4.plesk.page\/de\/wp-json\/wp\/v2\/product_tag?post=3425754"}],"curies":[{"name":"wp","href":"https:\/\/api.w.org\/{rel}","templated":true}]}}