{"id":3425807,"date":"2025-10-09T22:53:13","date_gmt":"2025-10-10T02:53:13","guid":{"rendered":"https:\/\/stoic-curie.212-227-153-4.plesk.page\/product\/selbstklebendes-vinylband-3m-scotch-471-25-mm-x-33-m-schwarz\/"},"modified":"2026-02-24T23:35:05","modified_gmt":"2026-02-24T23:35:05","slug":"selbstklebendes-vinylband-3m-scotch-471-25-mm-x-33-m-schwarz","status":"publish","type":"product","link":"https:\/\/stoic-curie.212-227-153-4.plesk.page\/de\/product\/selbstklebendes-vinylband-3m-scotch-471-25-mm-x-33-m-schwarz\/","title":{"rendered":"Selbstklebendes Vinylband 3M Scotch 471 25 mm x 33 m Schwarz"},"content":{"rendered":"<p>Selbstklebendes Vinylband 3M Scotch 471 25 mm x 33 m Schwarz &#8211; <\/p>\n<p>Das 3M Scotch 471 PVC-Vinyl-Klebeband ist ideal f\u00fcr Markierungsanwendungen wie Wasserlinien oder Sicherheitsmarkierungen. Es eignet sich zum Wickeln, Abdichten und Schutz vor Abrieb. Die Dicke betr\u00e4gt 0,130 mm. Perfekt f\u00fcr flache, gebogene oder konvexe Oberfl\u00e4chen.<\/p>\n","protected":false},"excerpt":{"rendered":"<p>Selbstklebendes Vinylband 3M Scotch 471 25 mm x 33 m Schwarz &#8211; Das 3M Scotch 471 PVC-Vinyl-Klebeband ist ideal f\u00fcr<\/p>\n","protected":false},"featured_media":5944120,"comment_status":"closed","ping_status":"closed","template":"","meta":[],"product_brand":[2770],"product_cat":[1351],"product_tag":[],"class_list":{"0":"post-3425807","1":"product","2":"type-product","3":"status-publish","4":"has-post-thumbnail","6":"product_brand-3m-marine-de","7":"product_cat-klebeband-fuer-wasserlinien","9":"first","10":"outofstock","11":"shipping-taxable","12":"purchasable","13":"product-type-simple"},"_links":{"self":[{"href":"https:\/\/stoic-curie.212-227-153-4.plesk.page\/de\/wp-json\/wp\/v2\/product\/3425807","targetHints":{"allow":["GET"]}}],"collection":[{"href":"https:\/\/stoic-curie.212-227-153-4.plesk.page\/de\/wp-json\/wp\/v2\/product"}],"about":[{"href":"https:\/\/stoic-curie.212-227-153-4.plesk.page\/de\/wp-json\/wp\/v2\/types\/product"}],"replies":[{"embeddable":true,"href":"https:\/\/stoic-curie.212-227-153-4.plesk.page\/de\/wp-json\/wp\/v2\/comments?post=3425807"}],"version-history":[{"count":0,"href":"https:\/\/stoic-curie.212-227-153-4.plesk.page\/de\/wp-json\/wp\/v2\/product\/3425807\/revisions"}],"wp:featuredmedia":[{"embeddable":true,"href":"https:\/\/stoic-curie.212-227-153-4.plesk.page\/de\/wp-json\/wp\/v2\/media\/5944120"}],"wp:attachment":[{"href":"https:\/\/stoic-curie.212-227-153-4.plesk.page\/de\/wp-json\/wp\/v2\/media?parent=3425807"}],"wp:term":[{"taxonomy":"product_brand","embeddable":true,"href":"https:\/\/stoic-curie.212-227-153-4.plesk.page\/de\/wp-json\/wp\/v2\/product_brand?post=3425807"},{"taxonomy":"product_cat","embeddable":true,"href":"https:\/\/stoic-curie.212-227-153-4.plesk.page\/de\/wp-json\/wp\/v2\/product_cat?post=3425807"},{"taxonomy":"product_tag","embeddable":true,"href":"https:\/\/stoic-curie.212-227-153-4.plesk.page\/de\/wp-json\/wp\/v2\/product_tag?post=3425807"}],"curies":[{"name":"wp","href":"https:\/\/api.w.org\/{rel}","templated":true}]}}