{"id":3425895,"date":"2025-10-09T22:53:17","date_gmt":"2025-10-10T02:53:17","guid":{"rendered":"https:\/\/stoic-curie.212-227-153-4.plesk.page\/product\/3m-aura-9300-komfort-staubschutzmaske-staub-ffp1-nr-d\/"},"modified":"2026-02-24T23:35:05","modified_gmt":"2026-02-24T23:35:05","slug":"3m-aura-9300-komfort-staubschutzmaske-staub-ffp1-nr-d","status":"publish","type":"product","link":"https:\/\/stoic-curie.212-227-153-4.plesk.page\/de\/product\/3m-aura-9300-komfort-staubschutzmaske-staub-ffp1-nr-d\/","title":{"rendered":"3M Aura 9300+ Komfort-Staubschutzmaske, Staub FFP1 NR D"},"content":{"rendered":"<p>3M Aura 9300+ Komfort-Staubschutzmaske, Staub FFP1 NR D &#8211; <\/p>\n<p>3M Aura 9300+ Comfort Maske f\u00fcr feinen Staub, sch\u00e4dliche \u00d6le und Nebel ist mit einem Electret-Filter und einem Cool Flow-Ausatemventil ausgestattet, das die W\u00e4rmeansammlung reduziert und das Atmen erleichtert. Mit einem speziellen dreilagigen Design f\u00fcr bessere Anpassungsf\u00e4higkeit, einfacher Sprache und einer Innenschicht aus Stoff f\u00fcr h\u00f6heren Komfort. Ausgestattet mit Nasenb\u00fcgel und doppeltem Gummi. Entspricht EN149:2001 CE.<\/p>\n","protected":false},"excerpt":{"rendered":"<p>3M Aura 9300+ Komfort-Staubschutzmaske, Staub FFP1 NR D &#8211; 3M Aura 9300+ Comfort Maske f\u00fcr feinen Staub, sch\u00e4dliche \u00d6le und<\/p>\n","protected":false},"featured_media":5944129,"comment_status":"closed","ping_status":"closed","template":"","meta":[],"product_brand":[2770],"product_cat":[1345],"product_tag":[],"class_list":{"0":"post-3425895","1":"product","2":"type-product","3":"status-publish","4":"has-post-thumbnail","6":"product_brand-3m-marine-de","7":"product_cat-malerwerkzeug","9":"first","10":"instock","11":"shipping-taxable","12":"purchasable","13":"product-type-simple"},"_links":{"self":[{"href":"https:\/\/stoic-curie.212-227-153-4.plesk.page\/de\/wp-json\/wp\/v2\/product\/3425895","targetHints":{"allow":["GET"]}}],"collection":[{"href":"https:\/\/stoic-curie.212-227-153-4.plesk.page\/de\/wp-json\/wp\/v2\/product"}],"about":[{"href":"https:\/\/stoic-curie.212-227-153-4.plesk.page\/de\/wp-json\/wp\/v2\/types\/product"}],"replies":[{"embeddable":true,"href":"https:\/\/stoic-curie.212-227-153-4.plesk.page\/de\/wp-json\/wp\/v2\/comments?post=3425895"}],"version-history":[{"count":0,"href":"https:\/\/stoic-curie.212-227-153-4.plesk.page\/de\/wp-json\/wp\/v2\/product\/3425895\/revisions"}],"wp:featuredmedia":[{"embeddable":true,"href":"https:\/\/stoic-curie.212-227-153-4.plesk.page\/de\/wp-json\/wp\/v2\/media\/5944129"}],"wp:attachment":[{"href":"https:\/\/stoic-curie.212-227-153-4.plesk.page\/de\/wp-json\/wp\/v2\/media?parent=3425895"}],"wp:term":[{"taxonomy":"product_brand","embeddable":true,"href":"https:\/\/stoic-curie.212-227-153-4.plesk.page\/de\/wp-json\/wp\/v2\/product_brand?post=3425895"},{"taxonomy":"product_cat","embeddable":true,"href":"https:\/\/stoic-curie.212-227-153-4.plesk.page\/de\/wp-json\/wp\/v2\/product_cat?post=3425895"},{"taxonomy":"product_tag","embeddable":true,"href":"https:\/\/stoic-curie.212-227-153-4.plesk.page\/de\/wp-json\/wp\/v2\/product_tag?post=3425895"}],"curies":[{"name":"wp","href":"https:\/\/api.w.org\/{rel}","templated":true}]}}