{"id":3426075,"date":"2025-10-09T22:53:24","date_gmt":"2025-10-10T02:53:24","guid":{"rendered":"https:\/\/stoic-curie.212-227-153-4.plesk.page\/product\/selbstaufblasender-schluesselanhaenger\/"},"modified":"2026-02-24T23:35:05","modified_gmt":"2026-02-24T23:35:05","slug":"selbstaufblasender-schluesselanhaenger","status":"publish","type":"product","link":"https:\/\/stoic-curie.212-227-153-4.plesk.page\/de\/product\/selbstaufblasender-schluesselanhaenger\/","title":{"rendered":"Selbstaufblasender Schl\u00fcsselanh\u00e4nger"},"content":{"rendered":"<p>Selbstaufblasender Schl\u00fcsselanh\u00e4nger &#8211; <\/p>\n<p>Selbstaufblasender Schl\u00fcsselanh\u00e4nger. Er \u00f6ffnet sich, wenn er ins Wasser f\u00e4llt, und das Luftrohr bl\u00e4st sich auf, um zu verhindern, dass der Schl\u00fcssel verloren geht. Nach dem Aufblasen ist das Rohr 36 cm hoch und eignet sich f\u00fcr Gegenst\u00e4nde bis zu 80 g. Nur zur einmaligen Verwendung. Der aktivierende Stoff ist leicht reizend, daher Kontakt mit den Augen vermeiden.<\/p>\n","protected":false},"excerpt":{"rendered":"<p>Selbstaufblasender Schl\u00fcsselanh\u00e4nger &#8211; Selbstaufblasender Schl\u00fcsselanh\u00e4nger. Er \u00f6ffnet sich, wenn er ins Wasser f\u00e4llt, und das Luftrohr bl\u00e4st sich auf, um<\/p>\n","protected":false},"featured_media":5944134,"comment_status":"closed","ping_status":"closed","template":"","meta":[],"product_brand":[3235],"product_cat":[1566],"product_tag":[],"class_list":{"0":"post-3426075","1":"product","2":"type-product","3":"status-publish","4":"has-post-thumbnail","6":"product_brand-osculati-de","7":"product_cat-nautische-schluesselanhaenger","9":"first","10":"instock","11":"shipping-taxable","12":"purchasable","13":"product-type-simple"},"_links":{"self":[{"href":"https:\/\/stoic-curie.212-227-153-4.plesk.page\/de\/wp-json\/wp\/v2\/product\/3426075","targetHints":{"allow":["GET"]}}],"collection":[{"href":"https:\/\/stoic-curie.212-227-153-4.plesk.page\/de\/wp-json\/wp\/v2\/product"}],"about":[{"href":"https:\/\/stoic-curie.212-227-153-4.plesk.page\/de\/wp-json\/wp\/v2\/types\/product"}],"replies":[{"embeddable":true,"href":"https:\/\/stoic-curie.212-227-153-4.plesk.page\/de\/wp-json\/wp\/v2\/comments?post=3426075"}],"version-history":[{"count":0,"href":"https:\/\/stoic-curie.212-227-153-4.plesk.page\/de\/wp-json\/wp\/v2\/product\/3426075\/revisions"}],"wp:featuredmedia":[{"embeddable":true,"href":"https:\/\/stoic-curie.212-227-153-4.plesk.page\/de\/wp-json\/wp\/v2\/media\/5944134"}],"wp:attachment":[{"href":"https:\/\/stoic-curie.212-227-153-4.plesk.page\/de\/wp-json\/wp\/v2\/media?parent=3426075"}],"wp:term":[{"taxonomy":"product_brand","embeddable":true,"href":"https:\/\/stoic-curie.212-227-153-4.plesk.page\/de\/wp-json\/wp\/v2\/product_brand?post=3426075"},{"taxonomy":"product_cat","embeddable":true,"href":"https:\/\/stoic-curie.212-227-153-4.plesk.page\/de\/wp-json\/wp\/v2\/product_cat?post=3426075"},{"taxonomy":"product_tag","embeddable":true,"href":"https:\/\/stoic-curie.212-227-153-4.plesk.page\/de\/wp-json\/wp\/v2\/product_tag?post=3426075"}],"curies":[{"name":"wp","href":"https:\/\/api.w.org\/{rel}","templated":true}]}}