{"id":3426113,"date":"2025-10-09T22:53:26","date_gmt":"2025-10-10T02:53:26","guid":{"rendered":"https:\/\/stoic-curie.212-227-153-4.plesk.page\/product\/verchromte-luenetten-fuer-uflex-anzeigen-d85-rahmen\/"},"modified":"2026-02-24T23:35:05","modified_gmt":"2026-02-24T23:35:05","slug":"verchromte-luenetten-fuer-uflex-anzeigen-d85-rahmen","status":"publish","type":"product","link":"https:\/\/stoic-curie.212-227-153-4.plesk.page\/de\/product\/verchromte-luenetten-fuer-uflex-anzeigen-d85-rahmen\/","title":{"rendered":"Verchromte L\u00fcnetten f\u00fcr Uflex-Anzeigen D85 Rahmen"},"content":{"rendered":"<p>Verchromte L\u00fcnetten f\u00fcr Uflex-Anzeigen D85 Rahmen &#8211; <\/p>\n<p>Uflex IP67 wasserdichte Instrumente mit doppelschichtiger verst\u00e4rkter Antikondenslinse. Schwarzer Kunststoffrand und wei\u00dfes Zifferblatt. Universelle Spannung 12\/24V mit anpassbarem rotem oder gelbem Hintergrundlicht. Plug and Play-Installation mit verdrahtetem Molex-Anschluss. Alle Druck-, Temperatur-, Niveau- und Winkelanzeigen m\u00fcssen mit Sensoren vervollst\u00e4ndigt werden. Der GPS-Geschwindigkeitsanzeiger wird mit Empf\u00e4nger und Antenne geliefert.<\/p>\n","protected":false},"excerpt":{"rendered":"<p>Verchromte L\u00fcnetten f\u00fcr Uflex-Anzeigen D85 Rahmen &#8211; Uflex IP67 wasserdichte Instrumente mit doppelschichtiger verst\u00e4rkter Antikondenslinse. Schwarzer Kunststoffrand und wei\u00dfes Zifferblatt.<\/p>\n","protected":false},"featured_media":5944137,"comment_status":"closed","ping_status":"closed","template":"","meta":[],"product_brand":[3500],"product_cat":[1520],"product_tag":[],"class_list":{"0":"post-3426113","1":"product","2":"type-product","3":"status-publish","4":"has-post-thumbnail","6":"product_brand-ultraflex-uflex-de","7":"product_cat-uflex-messgeraete","9":"first","10":"instock","11":"shipping-taxable","12":"purchasable","13":"product-type-simple"},"_links":{"self":[{"href":"https:\/\/stoic-curie.212-227-153-4.plesk.page\/de\/wp-json\/wp\/v2\/product\/3426113","targetHints":{"allow":["GET"]}}],"collection":[{"href":"https:\/\/stoic-curie.212-227-153-4.plesk.page\/de\/wp-json\/wp\/v2\/product"}],"about":[{"href":"https:\/\/stoic-curie.212-227-153-4.plesk.page\/de\/wp-json\/wp\/v2\/types\/product"}],"replies":[{"embeddable":true,"href":"https:\/\/stoic-curie.212-227-153-4.plesk.page\/de\/wp-json\/wp\/v2\/comments?post=3426113"}],"version-history":[{"count":0,"href":"https:\/\/stoic-curie.212-227-153-4.plesk.page\/de\/wp-json\/wp\/v2\/product\/3426113\/revisions"}],"wp:featuredmedia":[{"embeddable":true,"href":"https:\/\/stoic-curie.212-227-153-4.plesk.page\/de\/wp-json\/wp\/v2\/media\/5944137"}],"wp:attachment":[{"href":"https:\/\/stoic-curie.212-227-153-4.plesk.page\/de\/wp-json\/wp\/v2\/media?parent=3426113"}],"wp:term":[{"taxonomy":"product_brand","embeddable":true,"href":"https:\/\/stoic-curie.212-227-153-4.plesk.page\/de\/wp-json\/wp\/v2\/product_brand?post=3426113"},{"taxonomy":"product_cat","embeddable":true,"href":"https:\/\/stoic-curie.212-227-153-4.plesk.page\/de\/wp-json\/wp\/v2\/product_cat?post=3426113"},{"taxonomy":"product_tag","embeddable":true,"href":"https:\/\/stoic-curie.212-227-153-4.plesk.page\/de\/wp-json\/wp\/v2\/product_tag?post=3426113"}],"curies":[{"name":"wp","href":"https:\/\/api.w.org\/{rel}","templated":true}]}}