{"id":3426144,"date":"2025-10-09T22:53:27","date_gmt":"2025-10-10T02:53:27","guid":{"rendered":"https:\/\/stoic-curie.212-227-153-4.plesk.page\/product\/led-taschenlampe-mit-clip-fuer-die-schirmmuetze\/"},"modified":"2026-02-24T23:35:05","modified_gmt":"2026-02-24T23:35:05","slug":"led-taschenlampe-mit-clip-fuer-die-schirmmuetze","status":"publish","type":"product","link":"https:\/\/stoic-curie.212-227-153-4.plesk.page\/de\/product\/led-taschenlampe-mit-clip-fuer-die-schirmmuetze\/","title":{"rendered":"LED-Taschenlampe mit Clip f\u00fcr die Schirmm\u00fctze"},"content":{"rendered":"<p>LED-Taschenlampe mit Clip f\u00fcr die Schirmm\u00fctze &#8211; <\/p>\n<p>Praktische und leichte LED-Taschenlampe mit Kappenvisierclip. Perfekt, um den Arbeitsbereich vorne zu beleuchten. 8 Stunden Autonomie.<\/p>\n","protected":false},"excerpt":{"rendered":"<p>LED-Taschenlampe mit Clip f\u00fcr die Schirmm\u00fctze &#8211; Praktische und leichte LED-Taschenlampe mit Kappenvisierclip. Perfekt, um den Arbeitsbereich vorne zu beleuchten.<\/p>\n","protected":false},"featured_media":5944143,"comment_status":"closed","ping_status":"closed","template":"","meta":[],"product_brand":[3220],"product_cat":[1451],"product_tag":[],"class_list":{"0":"post-3426144","1":"product","2":"type-product","3":"status-publish","4":"has-post-thumbnail","6":"product_brand-oceanled-de","7":"product_cat-taschenlampen","9":"first","10":"instock","11":"shipping-taxable","12":"purchasable","13":"product-type-simple"},"_links":{"self":[{"href":"https:\/\/stoic-curie.212-227-153-4.plesk.page\/de\/wp-json\/wp\/v2\/product\/3426144","targetHints":{"allow":["GET"]}}],"collection":[{"href":"https:\/\/stoic-curie.212-227-153-4.plesk.page\/de\/wp-json\/wp\/v2\/product"}],"about":[{"href":"https:\/\/stoic-curie.212-227-153-4.plesk.page\/de\/wp-json\/wp\/v2\/types\/product"}],"replies":[{"embeddable":true,"href":"https:\/\/stoic-curie.212-227-153-4.plesk.page\/de\/wp-json\/wp\/v2\/comments?post=3426144"}],"version-history":[{"count":0,"href":"https:\/\/stoic-curie.212-227-153-4.plesk.page\/de\/wp-json\/wp\/v2\/product\/3426144\/revisions"}],"wp:featuredmedia":[{"embeddable":true,"href":"https:\/\/stoic-curie.212-227-153-4.plesk.page\/de\/wp-json\/wp\/v2\/media\/5944143"}],"wp:attachment":[{"href":"https:\/\/stoic-curie.212-227-153-4.plesk.page\/de\/wp-json\/wp\/v2\/media?parent=3426144"}],"wp:term":[{"taxonomy":"product_brand","embeddable":true,"href":"https:\/\/stoic-curie.212-227-153-4.plesk.page\/de\/wp-json\/wp\/v2\/product_brand?post=3426144"},{"taxonomy":"product_cat","embeddable":true,"href":"https:\/\/stoic-curie.212-227-153-4.plesk.page\/de\/wp-json\/wp\/v2\/product_cat?post=3426144"},{"taxonomy":"product_tag","embeddable":true,"href":"https:\/\/stoic-curie.212-227-153-4.plesk.page\/de\/wp-json\/wp\/v2\/product_tag?post=3426144"}],"curies":[{"name":"wp","href":"https:\/\/api.w.org\/{rel}","templated":true}]}}