{"id":3426148,"date":"2025-10-09T22:53:27","date_gmt":"2025-10-10T02:53:27","guid":{"rendered":"https:\/\/stoic-curie.212-227-153-4.plesk.page\/product\/taschenlampe-led-tauchen-gelb-10-watt-ip68\/"},"modified":"2026-02-24T23:35:05","modified_gmt":"2026-02-24T23:35:05","slug":"taschenlampe-led-tauchen-gelb-10-watt-ip68","status":"publish","type":"product","link":"https:\/\/stoic-curie.212-227-153-4.plesk.page\/de\/product\/taschenlampe-led-tauchen-gelb-10-watt-ip68\/","title":{"rendered":"Taschenlampe LED-Tauchen Gelb 10 Watt IP68"},"content":{"rendered":"<p>Taschenlampe LED-Tauchen Gelb 10 Watt IP68 &#8211; <\/p>\n<p>Leistungsstarker, komplett wasserdichter IP68 professioneller LED-Taschenlampe f\u00fcr das Tauchen, Angeln und Freizeitbootfahren. Inklusive Armreifen, der es erm\u00f6glicht, die Taschenlampe zu fixieren und die H\u00e4nde frei zu haben. Helligkeit 800 Lumen. Reichweite 200 m.<\/p>\n","protected":false},"excerpt":{"rendered":"<p>Taschenlampe LED-Tauchen Gelb 10 Watt IP68 &#8211; Leistungsstarker, komplett wasserdichter IP68 professioneller LED-Taschenlampe f\u00fcr das Tauchen, Angeln und Freizeitbootfahren. Inklusive<\/p>\n","protected":false},"featured_media":5944145,"comment_status":"closed","ping_status":"closed","template":"","meta":[],"product_brand":[3220],"product_cat":[1451,1557],"product_tag":[],"class_list":{"0":"post-3426148","1":"product","2":"type-product","3":"status-publish","4":"has-post-thumbnail","6":"product_brand-oceanled-de","7":"product_cat-taschenlampen","8":"product_cat-tauchzubehoer","10":"first","11":"instock","12":"shipping-taxable","13":"purchasable","14":"product-type-simple"},"_links":{"self":[{"href":"https:\/\/stoic-curie.212-227-153-4.plesk.page\/de\/wp-json\/wp\/v2\/product\/3426148","targetHints":{"allow":["GET"]}}],"collection":[{"href":"https:\/\/stoic-curie.212-227-153-4.plesk.page\/de\/wp-json\/wp\/v2\/product"}],"about":[{"href":"https:\/\/stoic-curie.212-227-153-4.plesk.page\/de\/wp-json\/wp\/v2\/types\/product"}],"replies":[{"embeddable":true,"href":"https:\/\/stoic-curie.212-227-153-4.plesk.page\/de\/wp-json\/wp\/v2\/comments?post=3426148"}],"version-history":[{"count":0,"href":"https:\/\/stoic-curie.212-227-153-4.plesk.page\/de\/wp-json\/wp\/v2\/product\/3426148\/revisions"}],"wp:featuredmedia":[{"embeddable":true,"href":"https:\/\/stoic-curie.212-227-153-4.plesk.page\/de\/wp-json\/wp\/v2\/media\/5944145"}],"wp:attachment":[{"href":"https:\/\/stoic-curie.212-227-153-4.plesk.page\/de\/wp-json\/wp\/v2\/media?parent=3426148"}],"wp:term":[{"taxonomy":"product_brand","embeddable":true,"href":"https:\/\/stoic-curie.212-227-153-4.plesk.page\/de\/wp-json\/wp\/v2\/product_brand?post=3426148"},{"taxonomy":"product_cat","embeddable":true,"href":"https:\/\/stoic-curie.212-227-153-4.plesk.page\/de\/wp-json\/wp\/v2\/product_cat?post=3426148"},{"taxonomy":"product_tag","embeddable":true,"href":"https:\/\/stoic-curie.212-227-153-4.plesk.page\/de\/wp-json\/wp\/v2\/product_tag?post=3426148"}],"curies":[{"name":"wp","href":"https:\/\/api.w.org\/{rel}","templated":true}]}}