{"id":3426163,"date":"2025-10-09T22:53:28","date_gmt":"2025-10-10T02:53:28","guid":{"rendered":"https:\/\/stoic-curie.212-227-153-4.plesk.page\/product\/tragbare-led-suchleuchte-10w-12v-ip65\/"},"modified":"2026-02-24T23:35:05","modified_gmt":"2026-02-24T23:35:05","slug":"tragbare-led-suchleuchte-10w-12v-ip65","status":"publish","type":"product","link":"https:\/\/stoic-curie.212-227-153-4.plesk.page\/de\/product\/tragbare-led-suchleuchte-10w-12v-ip65\/","title":{"rendered":"Tragbare LED-Suchleuchte 10W, 12V, IP65"},"content":{"rendered":"<p>Tragbare LED-Suchleuchte 10W, 12V, IP65 &#8211; <\/p>\n<p>Leicht und leistungsstark: 10W CREE LED Handgriff-Spotlight. 12V Zigarettenanz\u00fcnderstecker und 4 Meter Kabel. IP65 wasserdicht und sto\u00dffestes Geh\u00e4use. Abmessungen: 182 x 196 x \u00d8 127 mm. Reichweite 500 m.<\/p>\n","protected":false},"excerpt":{"rendered":"<p>Tragbare LED-Suchleuchte 10W, 12V, IP65 &#8211; Leicht und leistungsstark: 10W CREE LED Handgriff-Spotlight. 12V Zigarettenanz\u00fcnderstecker und 4 Meter Kabel. IP65<\/p>\n","protected":false},"featured_media":5944148,"comment_status":"closed","ping_status":"closed","template":"","meta":[],"product_brand":[3220],"product_cat":[1451],"product_tag":[],"class_list":{"0":"post-3426163","1":"product","2":"type-product","3":"status-publish","4":"has-post-thumbnail","6":"product_brand-oceanled-de","7":"product_cat-taschenlampen","9":"first","10":"instock","11":"shipping-taxable","12":"purchasable","13":"product-type-simple"},"_links":{"self":[{"href":"https:\/\/stoic-curie.212-227-153-4.plesk.page\/de\/wp-json\/wp\/v2\/product\/3426163","targetHints":{"allow":["GET"]}}],"collection":[{"href":"https:\/\/stoic-curie.212-227-153-4.plesk.page\/de\/wp-json\/wp\/v2\/product"}],"about":[{"href":"https:\/\/stoic-curie.212-227-153-4.plesk.page\/de\/wp-json\/wp\/v2\/types\/product"}],"replies":[{"embeddable":true,"href":"https:\/\/stoic-curie.212-227-153-4.plesk.page\/de\/wp-json\/wp\/v2\/comments?post=3426163"}],"version-history":[{"count":0,"href":"https:\/\/stoic-curie.212-227-153-4.plesk.page\/de\/wp-json\/wp\/v2\/product\/3426163\/revisions"}],"wp:featuredmedia":[{"embeddable":true,"href":"https:\/\/stoic-curie.212-227-153-4.plesk.page\/de\/wp-json\/wp\/v2\/media\/5944148"}],"wp:attachment":[{"href":"https:\/\/stoic-curie.212-227-153-4.plesk.page\/de\/wp-json\/wp\/v2\/media?parent=3426163"}],"wp:term":[{"taxonomy":"product_brand","embeddable":true,"href":"https:\/\/stoic-curie.212-227-153-4.plesk.page\/de\/wp-json\/wp\/v2\/product_brand?post=3426163"},{"taxonomy":"product_cat","embeddable":true,"href":"https:\/\/stoic-curie.212-227-153-4.plesk.page\/de\/wp-json\/wp\/v2\/product_cat?post=3426163"},{"taxonomy":"product_tag","embeddable":true,"href":"https:\/\/stoic-curie.212-227-153-4.plesk.page\/de\/wp-json\/wp\/v2\/product_tag?post=3426163"}],"curies":[{"name":"wp","href":"https:\/\/api.w.org\/{rel}","templated":true}]}}