{"id":3426166,"date":"2025-10-09T22:53:28","date_gmt":"2025-10-10T02:53:28","guid":{"rendered":"https:\/\/stoic-curie.212-227-153-4.plesk.page\/product\/tragbare-led-suchscheinwerfer-10w-810-lumen\/"},"modified":"2026-02-24T23:35:05","modified_gmt":"2026-02-24T23:35:05","slug":"tragbare-led-suchscheinwerfer-10w-810-lumen","status":"publish","type":"product","link":"https:\/\/stoic-curie.212-227-153-4.plesk.page\/de\/product\/tragbare-led-suchscheinwerfer-10w-810-lumen\/","title":{"rendered":"Tragbare LED-Suchscheinwerfer 10W, 810 Lumen"},"content":{"rendered":"<p>Tragbare LED-Suchscheinwerfer 10W, 810 Lumen &#8211; <\/p>\n<p>Leichte und leistungsstarke wiederaufladbare LED-Handscheinwerfer mit mehr als 2 Stunden Autonomie durch Lithium-Batterie. Komplett mit 220V Ladeger\u00e4t und 12V Zigarettenanz\u00fcnderstecker. IP65 wasserdicht und sto\u00dffest. Abmessungen: 182 x 196 x \u00d8 127 mm.<\/p>\n","protected":false},"excerpt":{"rendered":"<p>Tragbare LED-Suchscheinwerfer 10W, 810 Lumen &#8211; Leichte und leistungsstarke wiederaufladbare LED-Handscheinwerfer mit mehr als 2 Stunden Autonomie durch Lithium-Batterie. Komplett<\/p>\n","protected":false},"featured_media":5944150,"comment_status":"closed","ping_status":"closed","template":"","meta":[],"product_brand":[3220],"product_cat":[1451],"product_tag":[],"class_list":{"0":"post-3426166","1":"product","2":"type-product","3":"status-publish","4":"has-post-thumbnail","6":"product_brand-oceanled-de","7":"product_cat-taschenlampen","9":"first","10":"outofstock","11":"shipping-taxable","12":"purchasable","13":"product-type-simple"},"_links":{"self":[{"href":"https:\/\/stoic-curie.212-227-153-4.plesk.page\/de\/wp-json\/wp\/v2\/product\/3426166","targetHints":{"allow":["GET"]}}],"collection":[{"href":"https:\/\/stoic-curie.212-227-153-4.plesk.page\/de\/wp-json\/wp\/v2\/product"}],"about":[{"href":"https:\/\/stoic-curie.212-227-153-4.plesk.page\/de\/wp-json\/wp\/v2\/types\/product"}],"replies":[{"embeddable":true,"href":"https:\/\/stoic-curie.212-227-153-4.plesk.page\/de\/wp-json\/wp\/v2\/comments?post=3426166"}],"version-history":[{"count":0,"href":"https:\/\/stoic-curie.212-227-153-4.plesk.page\/de\/wp-json\/wp\/v2\/product\/3426166\/revisions"}],"wp:featuredmedia":[{"embeddable":true,"href":"https:\/\/stoic-curie.212-227-153-4.plesk.page\/de\/wp-json\/wp\/v2\/media\/5944150"}],"wp:attachment":[{"href":"https:\/\/stoic-curie.212-227-153-4.plesk.page\/de\/wp-json\/wp\/v2\/media?parent=3426166"}],"wp:term":[{"taxonomy":"product_brand","embeddable":true,"href":"https:\/\/stoic-curie.212-227-153-4.plesk.page\/de\/wp-json\/wp\/v2\/product_brand?post=3426166"},{"taxonomy":"product_cat","embeddable":true,"href":"https:\/\/stoic-curie.212-227-153-4.plesk.page\/de\/wp-json\/wp\/v2\/product_cat?post=3426166"},{"taxonomy":"product_tag","embeddable":true,"href":"https:\/\/stoic-curie.212-227-153-4.plesk.page\/de\/wp-json\/wp\/v2\/product_tag?post=3426166"}],"curies":[{"name":"wp","href":"https:\/\/api.w.org\/{rel}","templated":true}]}}