{"id":3426174,"date":"2025-10-09T22:53:28","date_gmt":"2025-10-10T02:53:28","guid":{"rendered":"https:\/\/stoic-curie.212-227-153-4.plesk.page\/product\/scrubbis-teleskopstiel\/"},"modified":"2026-02-24T23:35:05","modified_gmt":"2026-02-24T23:35:05","slug":"scrubbis-teleskopstiel","status":"publish","type":"product","link":"https:\/\/stoic-curie.212-227-153-4.plesk.page\/de\/product\/scrubbis-teleskopstiel\/","title":{"rendered":"Scrubbis Teleskopstiel"},"content":{"rendered":"<p>Scrubbis Teleskopstiel &#8211; <\/p>\n<p>Innovatives und benutzerfreundliches Scrubbis Waterline System Reinigungsset, das es Ihnen erm\u00f6glicht, die Wasserlinie zu reinigen, w\u00e4hrend das Boot im Wasser ist. Es nutzt die Auftriebskraft der B\u00fcrste (1 kg), um Druck \u00fcber Schaber und Schwamm an den Bootsw\u00e4nden auszu\u00fcben. Mit einer einfachen Bewegung des Griffs k\u00f6nnen Sie Flecken, Verunreinigungen, Algen und Bewuchs m\u00fchelos entfernen. Die B\u00fcrste verf\u00fcgt \u00fcber zwei Seiten: eine mit Schabern und die andere mit einem groben Schwamm. Der Griff ist bis zu 210 cm ausziehbar. Griff und B\u00fcrste werden separat verkauft.<\/p>\n","protected":false},"excerpt":{"rendered":"<p>Scrubbis Teleskopstiel &#8211; Innovatives und benutzerfreundliches Scrubbis Waterline System Reinigungsset, das es Ihnen erm\u00f6glicht, die Wasserlinie zu reinigen, w\u00e4hrend das<\/p>\n","protected":false},"featured_media":5944170,"comment_status":"closed","ping_status":"closed","template":"","meta":[],"product_brand":[3340],"product_cat":[1346],"product_tag":[],"class_list":{"0":"post-3426174","1":"product","2":"type-product","3":"status-publish","4":"has-post-thumbnail","6":"product_brand-scrubbis-de","7":"product_cat-reinigungsbuersten","9":"first","10":"instock","11":"shipping-taxable","12":"purchasable","13":"product-type-simple"},"_links":{"self":[{"href":"https:\/\/stoic-curie.212-227-153-4.plesk.page\/de\/wp-json\/wp\/v2\/product\/3426174","targetHints":{"allow":["GET"]}}],"collection":[{"href":"https:\/\/stoic-curie.212-227-153-4.plesk.page\/de\/wp-json\/wp\/v2\/product"}],"about":[{"href":"https:\/\/stoic-curie.212-227-153-4.plesk.page\/de\/wp-json\/wp\/v2\/types\/product"}],"replies":[{"embeddable":true,"href":"https:\/\/stoic-curie.212-227-153-4.plesk.page\/de\/wp-json\/wp\/v2\/comments?post=3426174"}],"version-history":[{"count":0,"href":"https:\/\/stoic-curie.212-227-153-4.plesk.page\/de\/wp-json\/wp\/v2\/product\/3426174\/revisions"}],"wp:featuredmedia":[{"embeddable":true,"href":"https:\/\/stoic-curie.212-227-153-4.plesk.page\/de\/wp-json\/wp\/v2\/media\/5944170"}],"wp:attachment":[{"href":"https:\/\/stoic-curie.212-227-153-4.plesk.page\/de\/wp-json\/wp\/v2\/media?parent=3426174"}],"wp:term":[{"taxonomy":"product_brand","embeddable":true,"href":"https:\/\/stoic-curie.212-227-153-4.plesk.page\/de\/wp-json\/wp\/v2\/product_brand?post=3426174"},{"taxonomy":"product_cat","embeddable":true,"href":"https:\/\/stoic-curie.212-227-153-4.plesk.page\/de\/wp-json\/wp\/v2\/product_cat?post=3426174"},{"taxonomy":"product_tag","embeddable":true,"href":"https:\/\/stoic-curie.212-227-153-4.plesk.page\/de\/wp-json\/wp\/v2\/product_tag?post=3426174"}],"curies":[{"name":"wp","href":"https:\/\/api.w.org\/{rel}","templated":true}]}}