{"id":3426197,"date":"2025-10-09T22:53:29","date_gmt":"2025-10-10T02:53:29","guid":{"rendered":"https:\/\/stoic-curie.212-227-153-4.plesk.page\/product\/einfacher-block-master-50-mm-umlenkrolle-fuer-10-mm-leinen\/"},"modified":"2026-02-24T23:35:05","modified_gmt":"2026-02-24T23:35:05","slug":"einfacher-block-master-50-mm-umlenkrolle-fuer-10-mm-leinen","status":"publish","type":"product","link":"https:\/\/stoic-curie.212-227-153-4.plesk.page\/de\/product\/einfacher-block-master-50-mm-umlenkrolle-fuer-10-mm-leinen\/","title":{"rendered":"Einfacher Block Master 50 mm Umlenkrolle f\u00fcr 10 mm Leinen"},"content":{"rendered":"<p>Einfacher Block Master 50 mm Umlenkrolle f\u00fcr 10 mm Leinen &#8211; <\/p>\n<p>Master-Gleitlagerbl\u00f6cke, die f\u00fcr geringes Gewicht, St\u00e4rke und \u00fcberlegene Handhabung entwickelt wurden. Hergestellt aus glasfaserverst\u00e4rktem Nylon, um eine metall\u00e4hnliche Festigkeit zu bieten. Selbstschmierende Scheiben reduzieren die Reibung und erh\u00f6hen die Effizienz. Das Gleitlager aus Edelstahl 316 sorgt f\u00fcr eine reibungslose Rotation, die den Seglern eine einfachere Kraft\u00fcbertragung und geringeren Verschlei\u00df an Seilen erm\u00f6glicht. Gleitlager: Edelstahl 316 Scheibendurchmesser 50 mm: selbstschmierende Acetal-Verbundstoffe Wangen: verst\u00e4rkter glasfaserverst\u00e4rkter Nylon-Verbundstoff, UV-stabilisiert Drehbare \u00d6se: geschmiedeter Edelstahl 316 der G\u00fcteklasse Arbeitslast: WL Bruchlast: BL HINWEIS: Die Arbeits-\/Bruchlast der Bl\u00f6cke mit K\u00f6mpfer basieren auf der Festigkeit des K\u00f6mpfers.<\/p>\n","protected":false},"excerpt":{"rendered":"<p>Einfacher Block Master 50 mm Umlenkrolle f\u00fcr 10 mm Leinen &#8211; Master-Gleitlagerbl\u00f6cke, die f\u00fcr geringes Gewicht, St\u00e4rke und \u00fcberlegene Handhabung<\/p>\n","protected":false},"featured_media":5944185,"comment_status":"closed","ping_status":"closed","template":"","meta":[],"product_brand":[3130],"product_cat":[1483],"product_tag":[],"class_list":{"0":"post-3426197","1":"product","2":"type-product","3":"status-publish","4":"has-post-thumbnail","6":"product_brand-master-de","7":"product_cat-master-bloecke","9":"first","10":"instock","11":"shipping-taxable","12":"purchasable","13":"product-type-simple"},"_links":{"self":[{"href":"https:\/\/stoic-curie.212-227-153-4.plesk.page\/de\/wp-json\/wp\/v2\/product\/3426197","targetHints":{"allow":["GET"]}}],"collection":[{"href":"https:\/\/stoic-curie.212-227-153-4.plesk.page\/de\/wp-json\/wp\/v2\/product"}],"about":[{"href":"https:\/\/stoic-curie.212-227-153-4.plesk.page\/de\/wp-json\/wp\/v2\/types\/product"}],"replies":[{"embeddable":true,"href":"https:\/\/stoic-curie.212-227-153-4.plesk.page\/de\/wp-json\/wp\/v2\/comments?post=3426197"}],"version-history":[{"count":0,"href":"https:\/\/stoic-curie.212-227-153-4.plesk.page\/de\/wp-json\/wp\/v2\/product\/3426197\/revisions"}],"wp:featuredmedia":[{"embeddable":true,"href":"https:\/\/stoic-curie.212-227-153-4.plesk.page\/de\/wp-json\/wp\/v2\/media\/5944185"}],"wp:attachment":[{"href":"https:\/\/stoic-curie.212-227-153-4.plesk.page\/de\/wp-json\/wp\/v2\/media?parent=3426197"}],"wp:term":[{"taxonomy":"product_brand","embeddable":true,"href":"https:\/\/stoic-curie.212-227-153-4.plesk.page\/de\/wp-json\/wp\/v2\/product_brand?post=3426197"},{"taxonomy":"product_cat","embeddable":true,"href":"https:\/\/stoic-curie.212-227-153-4.plesk.page\/de\/wp-json\/wp\/v2\/product_cat?post=3426197"},{"taxonomy":"product_tag","embeddable":true,"href":"https:\/\/stoic-curie.212-227-153-4.plesk.page\/de\/wp-json\/wp\/v2\/product_tag?post=3426197"}],"curies":[{"name":"wp","href":"https:\/\/api.w.org\/{rel}","templated":true}]}}