{"id":3426200,"date":"2025-10-09T22:53:30","date_gmt":"2025-10-10T02:53:30","guid":{"rendered":"https:\/\/stoic-curie.212-227-153-4.plesk.page\/product\/umlenkrolle-einzeln-mit-knebel-master-60mm-fuer-leinen-bis-12mm\/"},"modified":"2026-02-24T23:35:05","modified_gmt":"2026-02-24T23:35:05","slug":"umlenkrolle-einzeln-mit-knebel-master-60mm-fuer-leinen-bis-12mm","status":"publish","type":"product","link":"https:\/\/stoic-curie.212-227-153-4.plesk.page\/de\/product\/umlenkrolle-einzeln-mit-knebel-master-60mm-fuer-leinen-bis-12mm\/","title":{"rendered":"Umlenkrolle Einzeln mit Knebel Master 60mm f\u00fcr Leinen bis 12mm"},"content":{"rendered":"<p>Umlenkrolle Einzeln mit Knebel Master 60mm f\u00fcr Leinen bis 12mm &#8211; <\/p>\n<p>Master-Gleitlagerbl\u00f6cke, die f\u00fcr geringes Gewicht, Festigkeit und \u00fcberlegene Handhabung entwickelt wurden. Hergestellt aus glasfaserverst\u00e4rktem Nylon, um metall\u00e4hnliche Festigkeit zu bieten. Der selbstschmierende Block reduziert die Reibung und erh\u00f6ht die Effizienz. Der Gleitlager aus Edelstahl 316 sorgt f\u00fcr eine sanfte Drehung, die den Seglern eine einfachere Kraft\u00fcbertragung und geringeren Verschlei\u00df an der Leine erm\u00f6glicht. Gleitlager: Edelstahl 316. Blockdurchmesser 60 mm: selbstschmierende Acetal-Verbundmaterial. Backen: verst\u00e4rktes glasfaserverst\u00e4rktes Nylon-Verbundmaterial, UV-stabilisiert. Drehbarer Karabiner: geschmiedeter Edelstahl 316 der G\u00fcteklasse. WL: Arbeitslast. BL: Bruchlast. HINWEIS: Arbeits-\/Bruchlast der Bl\u00f6cke mit Klemmen basiert auf der Festigkeit der Klemme.<\/p>\n","protected":false},"excerpt":{"rendered":"<p>Umlenkrolle Einzeln mit Knebel Master 60mm f\u00fcr Leinen bis 12mm &#8211; Master-Gleitlagerbl\u00f6cke, die f\u00fcr geringes Gewicht, Festigkeit und \u00fcberlegene Handhabung<\/p>\n","protected":false},"featured_media":5944186,"comment_status":"closed","ping_status":"closed","template":"","meta":[],"product_brand":[3130],"product_cat":[1483],"product_tag":[],"class_list":{"0":"post-3426200","1":"product","2":"type-product","3":"status-publish","4":"has-post-thumbnail","6":"product_brand-master-de","7":"product_cat-master-bloecke","9":"first","10":"instock","11":"shipping-taxable","12":"purchasable","13":"product-type-simple"},"_links":{"self":[{"href":"https:\/\/stoic-curie.212-227-153-4.plesk.page\/de\/wp-json\/wp\/v2\/product\/3426200","targetHints":{"allow":["GET"]}}],"collection":[{"href":"https:\/\/stoic-curie.212-227-153-4.plesk.page\/de\/wp-json\/wp\/v2\/product"}],"about":[{"href":"https:\/\/stoic-curie.212-227-153-4.plesk.page\/de\/wp-json\/wp\/v2\/types\/product"}],"replies":[{"embeddable":true,"href":"https:\/\/stoic-curie.212-227-153-4.plesk.page\/de\/wp-json\/wp\/v2\/comments?post=3426200"}],"version-history":[{"count":0,"href":"https:\/\/stoic-curie.212-227-153-4.plesk.page\/de\/wp-json\/wp\/v2\/product\/3426200\/revisions"}],"wp:featuredmedia":[{"embeddable":true,"href":"https:\/\/stoic-curie.212-227-153-4.plesk.page\/de\/wp-json\/wp\/v2\/media\/5944186"}],"wp:attachment":[{"href":"https:\/\/stoic-curie.212-227-153-4.plesk.page\/de\/wp-json\/wp\/v2\/media?parent=3426200"}],"wp:term":[{"taxonomy":"product_brand","embeddable":true,"href":"https:\/\/stoic-curie.212-227-153-4.plesk.page\/de\/wp-json\/wp\/v2\/product_brand?post=3426200"},{"taxonomy":"product_cat","embeddable":true,"href":"https:\/\/stoic-curie.212-227-153-4.plesk.page\/de\/wp-json\/wp\/v2\/product_cat?post=3426200"},{"taxonomy":"product_tag","embeddable":true,"href":"https:\/\/stoic-curie.212-227-153-4.plesk.page\/de\/wp-json\/wp\/v2\/product_tag?post=3426200"}],"curies":[{"name":"wp","href":"https:\/\/api.w.org\/{rel}","templated":true}]}}