{"id":3426222,"date":"2025-10-09T22:53:30","date_gmt":"2025-10-10T02:53:30","guid":{"rendered":"https:\/\/stoic-curie.212-227-153-4.plesk.page\/product\/jobe-tasche-fuer-schleppreifen-1-2-personen\/"},"modified":"2026-02-24T23:35:05","modified_gmt":"2026-02-24T23:35:05","slug":"jobe-tasche-fuer-schleppreifen-1-2-personen","status":"publish","type":"product","link":"https:\/\/stoic-curie.212-227-153-4.plesk.page\/de\/product\/jobe-tasche-fuer-schleppreifen-1-2-personen\/","title":{"rendered":"Jobe Tasche f\u00fcr Schleppreifen 1-2 Personen"},"content":{"rendered":"<p>Jobe Tasche f\u00fcr Schleppreifen 1-2 Personen &#8211; <\/p>\n<p>Praktische Nylon-Tasche mit verst\u00e4rkten Verschl\u00fcssen und Griffen zur Aufbewahrung von 1- oder 2-Personen-Towables. Sie erm\u00f6glicht es, die aufblasbaren Ger\u00e4te an Bord und in der Garage sicher und sauber zu halten.<\/p>\n","protected":false},"excerpt":{"rendered":"<p>Jobe Tasche f\u00fcr Schleppreifen 1-2 Personen &#8211; Praktische Nylon-Tasche mit verst\u00e4rkten Verschl\u00fcssen und Griffen zur Aufbewahrung von 1- oder 2-Personen-Towables.<\/p>\n","protected":false},"featured_media":5944192,"comment_status":"closed","ping_status":"closed","template":"","meta":[],"product_brand":[3040],"product_cat":[1559],"product_tag":[],"class_list":{"0":"post-3426222","1":"product","2":"type-product","3":"status-publish","4":"has-post-thumbnail","6":"product_brand-jobe-sports-de","7":"product_cat-wasserski-zubehoer","9":"first","10":"instock","11":"shipping-taxable","12":"purchasable","13":"product-type-simple"},"_links":{"self":[{"href":"https:\/\/stoic-curie.212-227-153-4.plesk.page\/de\/wp-json\/wp\/v2\/product\/3426222","targetHints":{"allow":["GET"]}}],"collection":[{"href":"https:\/\/stoic-curie.212-227-153-4.plesk.page\/de\/wp-json\/wp\/v2\/product"}],"about":[{"href":"https:\/\/stoic-curie.212-227-153-4.plesk.page\/de\/wp-json\/wp\/v2\/types\/product"}],"replies":[{"embeddable":true,"href":"https:\/\/stoic-curie.212-227-153-4.plesk.page\/de\/wp-json\/wp\/v2\/comments?post=3426222"}],"version-history":[{"count":0,"href":"https:\/\/stoic-curie.212-227-153-4.plesk.page\/de\/wp-json\/wp\/v2\/product\/3426222\/revisions"}],"wp:featuredmedia":[{"embeddable":true,"href":"https:\/\/stoic-curie.212-227-153-4.plesk.page\/de\/wp-json\/wp\/v2\/media\/5944192"}],"wp:attachment":[{"href":"https:\/\/stoic-curie.212-227-153-4.plesk.page\/de\/wp-json\/wp\/v2\/media?parent=3426222"}],"wp:term":[{"taxonomy":"product_brand","embeddable":true,"href":"https:\/\/stoic-curie.212-227-153-4.plesk.page\/de\/wp-json\/wp\/v2\/product_brand?post=3426222"},{"taxonomy":"product_cat","embeddable":true,"href":"https:\/\/stoic-curie.212-227-153-4.plesk.page\/de\/wp-json\/wp\/v2\/product_cat?post=3426222"},{"taxonomy":"product_tag","embeddable":true,"href":"https:\/\/stoic-curie.212-227-153-4.plesk.page\/de\/wp-json\/wp\/v2\/product_tag?post=3426222"}],"curies":[{"name":"wp","href":"https:\/\/api.w.org\/{rel}","templated":true}]}}