{"id":3426239,"date":"2025-10-09T22:53:31","date_gmt":"2025-10-10T02:53:31","guid":{"rendered":"https:\/\/stoic-curie.212-227-153-4.plesk.page\/product\/universal-sport-weste-jobe-blau-50n\/"},"modified":"2026-02-24T23:35:05","modified_gmt":"2026-02-24T23:35:05","slug":"universal-sport-weste-jobe-blau-50n","status":"publish","type":"product","link":"https:\/\/stoic-curie.212-227-153-4.plesk.page\/de\/product\/universal-sport-weste-jobe-blau-50n\/","title":{"rendered":"Universal Sport Weste Jobe Blau 50N"},"content":{"rendered":"<p>Universal Sport Weste Jobe Blau 50N &#8211; <\/p>\n<p>Jobe ISO EN12402-5 zugelassene 50N Auftriebsweste, geeignet f\u00fcr Wassersportarten. Hergestellt aus weichem PE-Schaum, beschichtet mit widerstandsf\u00e4higem Nylonstoff und ausgestattet mit einem Wasserablaufsystem. Universelle Gr\u00f6\u00dfe f\u00fcr Erwachsene, vielseitig durch verstellbare Riemen. Mit einem schnell l\u00f6sbaren YKK-Schnellverschluss. 50N &#8211; Auftriebshilfe und Schwimmhilfe. Dies ist keine Schwimmweste. F\u00fcr regelm\u00e4\u00dfige Schwimmer. Nur in der N\u00e4he des Ufers zu verwenden.<\/p>\n","protected":false},"excerpt":{"rendered":"<p>Universal Sport Weste Jobe Blau 50N &#8211; Jobe ISO EN12402-5 zugelassene 50N Auftriebsweste, geeignet f\u00fcr Wassersportarten. Hergestellt aus weichem PE-Schaum,<\/p>\n","protected":false},"featured_media":5944194,"comment_status":"closed","ping_status":"closed","template":"","meta":[],"product_brand":[3040],"product_cat":[1316,1555],"product_tag":[],"class_list":{"0":"post-3426239","1":"product","2":"type-product","3":"status-publish","4":"has-post-thumbnail","6":"product_brand-jobe-sports-de","7":"product_cat-auftriebshilfen","8":"product_cat-rettungswesten-fuer-wassersport","10":"first","11":"instock","12":"shipping-taxable","13":"purchasable","14":"product-type-simple"},"_links":{"self":[{"href":"https:\/\/stoic-curie.212-227-153-4.plesk.page\/de\/wp-json\/wp\/v2\/product\/3426239","targetHints":{"allow":["GET"]}}],"collection":[{"href":"https:\/\/stoic-curie.212-227-153-4.plesk.page\/de\/wp-json\/wp\/v2\/product"}],"about":[{"href":"https:\/\/stoic-curie.212-227-153-4.plesk.page\/de\/wp-json\/wp\/v2\/types\/product"}],"replies":[{"embeddable":true,"href":"https:\/\/stoic-curie.212-227-153-4.plesk.page\/de\/wp-json\/wp\/v2\/comments?post=3426239"}],"version-history":[{"count":0,"href":"https:\/\/stoic-curie.212-227-153-4.plesk.page\/de\/wp-json\/wp\/v2\/product\/3426239\/revisions"}],"wp:featuredmedia":[{"embeddable":true,"href":"https:\/\/stoic-curie.212-227-153-4.plesk.page\/de\/wp-json\/wp\/v2\/media\/5944194"}],"wp:attachment":[{"href":"https:\/\/stoic-curie.212-227-153-4.plesk.page\/de\/wp-json\/wp\/v2\/media?parent=3426239"}],"wp:term":[{"taxonomy":"product_brand","embeddable":true,"href":"https:\/\/stoic-curie.212-227-153-4.plesk.page\/de\/wp-json\/wp\/v2\/product_brand?post=3426239"},{"taxonomy":"product_cat","embeddable":true,"href":"https:\/\/stoic-curie.212-227-153-4.plesk.page\/de\/wp-json\/wp\/v2\/product_cat?post=3426239"},{"taxonomy":"product_tag","embeddable":true,"href":"https:\/\/stoic-curie.212-227-153-4.plesk.page\/de\/wp-json\/wp\/v2\/product_tag?post=3426239"}],"curies":[{"name":"wp","href":"https:\/\/api.w.org\/{rel}","templated":true}]}}