{"id":3426247,"date":"2025-10-09T22:53:31","date_gmt":"2025-10-10T02:53:31","guid":{"rendered":"https:\/\/stoic-curie.212-227-153-4.plesk.page\/product\/sport-schwimmweste-jobe-jugend-blau-50n\/"},"modified":"2026-02-24T23:35:05","modified_gmt":"2026-02-24T23:35:05","slug":"sport-schwimmweste-jobe-jugend-blau-50n","status":"publish","type":"product","link":"https:\/\/stoic-curie.212-227-153-4.plesk.page\/de\/product\/sport-schwimmweste-jobe-jugend-blau-50n\/","title":{"rendered":"Sport-Schwimmweste Jobe Jugend Blau 50N"},"content":{"rendered":"<p>Sport-Schwimmweste Jobe Jugend Blau 50N &#8211; <\/p>\n<p>Jobe ISO EN12402-5 zugelassene 50N Auftriebsweste, geeignet f\u00fcr Wassersport. Hergestellt aus weichem PE-Schaum, beschichtet mit strapazierf\u00e4higem Nylonmaterial und einem Wasserabflussystem. Universelle Gr\u00f6\u00dfe f\u00fcr Kinder mit verstellbaren Tr\u00e4gern und schnellem YKK-Schnellverschluss. 50N &#8211; Auftrieb und Schwimmhilfe. Dies ist keine Schwimmweste. F\u00fcr regelm\u00e4\u00dfige Schwimmer. Nur in K\u00fcstenn\u00e4he verwenden.<\/p>\n","protected":false},"excerpt":{"rendered":"<p>Sport-Schwimmweste Jobe Jugend Blau 50N &#8211; Jobe ISO EN12402-5 zugelassene 50N Auftriebsweste, geeignet f\u00fcr Wassersport. Hergestellt aus weichem PE-Schaum, beschichtet<\/p>\n","protected":false},"featured_media":5944198,"comment_status":"closed","ping_status":"closed","template":"","meta":[],"product_brand":[3040],"product_cat":[1316,1319,1555],"product_tag":[],"class_list":{"0":"post-3426247","1":"product","2":"type-product","3":"status-publish","4":"has-post-thumbnail","6":"product_brand-jobe-sports-de","7":"product_cat-auftriebshilfen","8":"product_cat-rettungswesten-fuer-kinder","9":"product_cat-rettungswesten-fuer-wassersport","11":"first","12":"outofstock","13":"shipping-taxable","14":"purchasable","15":"product-type-simple"},"_links":{"self":[{"href":"https:\/\/stoic-curie.212-227-153-4.plesk.page\/de\/wp-json\/wp\/v2\/product\/3426247","targetHints":{"allow":["GET"]}}],"collection":[{"href":"https:\/\/stoic-curie.212-227-153-4.plesk.page\/de\/wp-json\/wp\/v2\/product"}],"about":[{"href":"https:\/\/stoic-curie.212-227-153-4.plesk.page\/de\/wp-json\/wp\/v2\/types\/product"}],"replies":[{"embeddable":true,"href":"https:\/\/stoic-curie.212-227-153-4.plesk.page\/de\/wp-json\/wp\/v2\/comments?post=3426247"}],"version-history":[{"count":0,"href":"https:\/\/stoic-curie.212-227-153-4.plesk.page\/de\/wp-json\/wp\/v2\/product\/3426247\/revisions"}],"wp:featuredmedia":[{"embeddable":true,"href":"https:\/\/stoic-curie.212-227-153-4.plesk.page\/de\/wp-json\/wp\/v2\/media\/5944198"}],"wp:attachment":[{"href":"https:\/\/stoic-curie.212-227-153-4.plesk.page\/de\/wp-json\/wp\/v2\/media?parent=3426247"}],"wp:term":[{"taxonomy":"product_brand","embeddable":true,"href":"https:\/\/stoic-curie.212-227-153-4.plesk.page\/de\/wp-json\/wp\/v2\/product_brand?post=3426247"},{"taxonomy":"product_cat","embeddable":true,"href":"https:\/\/stoic-curie.212-227-153-4.plesk.page\/de\/wp-json\/wp\/v2\/product_cat?post=3426247"},{"taxonomy":"product_tag","embeddable":true,"href":"https:\/\/stoic-curie.212-227-153-4.plesk.page\/de\/wp-json\/wp\/v2\/product_tag?post=3426247"}],"curies":[{"name":"wp","href":"https:\/\/api.w.org\/{rel}","templated":true}]}}