{"id":3426308,"date":"2025-10-09T22:53:34","date_gmt":"2025-10-10T02:53:34","guid":{"rendered":"https:\/\/stoic-curie.212-227-153-4.plesk.page\/product\/ersatz-basis-fuer-pedestal-twist-lock\/"},"modified":"2026-02-24T23:35:05","modified_gmt":"2026-02-24T23:35:05","slug":"ersatz-basis-fuer-pedestal-twist-lock","status":"publish","type":"product","link":"https:\/\/stoic-curie.212-227-153-4.plesk.page\/de\/product\/ersatz-basis-fuer-pedestal-twist-lock\/","title":{"rendered":"Ersatz-Basis f\u00fcr Pedestal Twist-Lock"},"content":{"rendered":"<p>Ersatz-Basis f\u00fcr Pedestal Twist-Lock &#8211; <\/p>\n<p>Twist-Lock Oberfl\u00e4chenmontage niedrige Profilbasis (kein Durchgangsloch auf dem Deck erforderlich). Aluminium mit anodisierter Satin-Oberfl\u00e4che, teleskopierbarer Tischfu\u00df. Hochwertige Verarbeitung. H\u00f6he 50-70 cm.<\/p>\n","protected":false},"excerpt":{"rendered":"<p>Ersatz-Basis f\u00fcr Pedestal Twist-Lock &#8211; Twist-Lock Oberfl\u00e4chenmontage niedrige Profilbasis (kein Durchgangsloch auf dem Deck erforderlich). Aluminium mit anodisierter Satin-Oberfl\u00e4che, teleskopierbarer<\/p>\n","protected":false},"featured_media":5943304,"comment_status":"closed","ping_status":"closed","template":"","meta":[],"product_brand":[3490],"product_cat":[1355],"product_tag":[],"class_list":{"0":"post-3426308","1":"product","2":"type-product","3":"status-publish","4":"has-post-thumbnail","6":"product_brand-trem-de","7":"product_cat-stuehle-und-tische","9":"first","10":"outofstock","11":"shipping-taxable","12":"purchasable","13":"product-type-simple"},"_links":{"self":[{"href":"https:\/\/stoic-curie.212-227-153-4.plesk.page\/de\/wp-json\/wp\/v2\/product\/3426308","targetHints":{"allow":["GET"]}}],"collection":[{"href":"https:\/\/stoic-curie.212-227-153-4.plesk.page\/de\/wp-json\/wp\/v2\/product"}],"about":[{"href":"https:\/\/stoic-curie.212-227-153-4.plesk.page\/de\/wp-json\/wp\/v2\/types\/product"}],"replies":[{"embeddable":true,"href":"https:\/\/stoic-curie.212-227-153-4.plesk.page\/de\/wp-json\/wp\/v2\/comments?post=3426308"}],"version-history":[{"count":0,"href":"https:\/\/stoic-curie.212-227-153-4.plesk.page\/de\/wp-json\/wp\/v2\/product\/3426308\/revisions"}],"wp:featuredmedia":[{"embeddable":true,"href":"https:\/\/stoic-curie.212-227-153-4.plesk.page\/de\/wp-json\/wp\/v2\/media\/5943304"}],"wp:attachment":[{"href":"https:\/\/stoic-curie.212-227-153-4.plesk.page\/de\/wp-json\/wp\/v2\/media?parent=3426308"}],"wp:term":[{"taxonomy":"product_brand","embeddable":true,"href":"https:\/\/stoic-curie.212-227-153-4.plesk.page\/de\/wp-json\/wp\/v2\/product_brand?post=3426308"},{"taxonomy":"product_cat","embeddable":true,"href":"https:\/\/stoic-curie.212-227-153-4.plesk.page\/de\/wp-json\/wp\/v2\/product_cat?post=3426308"},{"taxonomy":"product_tag","embeddable":true,"href":"https:\/\/stoic-curie.212-227-153-4.plesk.page\/de\/wp-json\/wp\/v2\/product_tag?post=3426308"}],"curies":[{"name":"wp","href":"https:\/\/api.w.org\/{rel}","templated":true}]}}