{"id":3426312,"date":"2025-10-09T22:53:34","date_gmt":"2025-10-10T02:53:34","guid":{"rendered":"https:\/\/stoic-curie.212-227-153-4.plesk.page\/product\/sitzkissen-modell-eltex-classic\/"},"modified":"2026-02-24T23:35:05","modified_gmt":"2026-02-24T23:35:05","slug":"sitzkissen-modell-eltex-classic","status":"publish","type":"product","link":"https:\/\/stoic-curie.212-227-153-4.plesk.page\/de\/product\/sitzkissen-modell-eltex-classic\/","title":{"rendered":"Sitzkissen Modell Eltex Classic"},"content":{"rendered":"<p>Sitzkissen Modell Eltex Classic &#8211; <\/p>\n<p>Robuster Polyethylen-Classic-Steuermannstuhl. Stark und widerstandsf\u00e4hig, v\u00f6llig wartungsfrei. Erg\u00e4nzen Sie ihn mit Kissen f\u00fcr zus\u00e4tzlichen Sitzkomfort.<\/p>\n","protected":false},"excerpt":{"rendered":"<p>Sitzkissen Modell Eltex Classic &#8211; Robuster Polyethylen-Classic-Steuermannstuhl. Stark und widerstandsf\u00e4hig, v\u00f6llig wartungsfrei. Erg\u00e4nzen Sie ihn mit Kissen f\u00fcr zus\u00e4tzlichen Sitzkomfort.<\/p>\n","protected":false},"featured_media":5944217,"comment_status":"closed","ping_status":"closed","template":"","meta":[],"product_brand":[2965],"product_cat":[1391],"product_tag":[],"class_list":{"0":"post-3426312","1":"product","2":"type-product","3":"status-publish","4":"has-post-thumbnail","6":"product_brand-garelick-de","7":"product_cat-bootsitze","9":"first","10":"instock","11":"shipping-taxable","12":"purchasable","13":"product-type-simple"},"_links":{"self":[{"href":"https:\/\/stoic-curie.212-227-153-4.plesk.page\/de\/wp-json\/wp\/v2\/product\/3426312","targetHints":{"allow":["GET"]}}],"collection":[{"href":"https:\/\/stoic-curie.212-227-153-4.plesk.page\/de\/wp-json\/wp\/v2\/product"}],"about":[{"href":"https:\/\/stoic-curie.212-227-153-4.plesk.page\/de\/wp-json\/wp\/v2\/types\/product"}],"replies":[{"embeddable":true,"href":"https:\/\/stoic-curie.212-227-153-4.plesk.page\/de\/wp-json\/wp\/v2\/comments?post=3426312"}],"version-history":[{"count":0,"href":"https:\/\/stoic-curie.212-227-153-4.plesk.page\/de\/wp-json\/wp\/v2\/product\/3426312\/revisions"}],"wp:featuredmedia":[{"embeddable":true,"href":"https:\/\/stoic-curie.212-227-153-4.plesk.page\/de\/wp-json\/wp\/v2\/media\/5944217"}],"wp:attachment":[{"href":"https:\/\/stoic-curie.212-227-153-4.plesk.page\/de\/wp-json\/wp\/v2\/media?parent=3426312"}],"wp:term":[{"taxonomy":"product_brand","embeddable":true,"href":"https:\/\/stoic-curie.212-227-153-4.plesk.page\/de\/wp-json\/wp\/v2\/product_brand?post=3426312"},{"taxonomy":"product_cat","embeddable":true,"href":"https:\/\/stoic-curie.212-227-153-4.plesk.page\/de\/wp-json\/wp\/v2\/product_cat?post=3426312"},{"taxonomy":"product_tag","embeddable":true,"href":"https:\/\/stoic-curie.212-227-153-4.plesk.page\/de\/wp-json\/wp\/v2\/product_tag?post=3426312"}],"curies":[{"name":"wp","href":"https:\/\/api.w.org\/{rel}","templated":true}]}}