{"id":3426480,"date":"2025-10-09T22:53:41","date_gmt":"2025-10-10T02:53:41","guid":{"rendered":"https:\/\/stoic-curie.212-227-153-4.plesk.page\/product\/fenderleinen-schwarz-10-mm-3-m\/"},"modified":"2026-02-24T23:35:05","modified_gmt":"2026-02-24T23:35:05","slug":"fenderleinen-schwarz-10-mm-3-m","status":"publish","type":"product","link":"https:\/\/stoic-curie.212-227-153-4.plesk.page\/de\/product\/fenderleinen-schwarz-10-mm-3-m\/","title":{"rendered":"Fenderleinen Schwarz 10 mm 3 m"},"content":{"rendered":"<p>Fenderleinen Schwarz 10 mm 3 m &#8211; <\/p>\n<p>Fender Bride flache Linien zur Aufh\u00e4ngung von Fendern, hergestellt aus hochfestem Polyester-Spinnengarn in der gleichen Farbe wie die Fenderbez\u00fcge. Leicht und robust, UV-best\u00e4ndig. Verkauft in praktischen Packungen zu 2 oder 3 Metern.<\/p>\n","protected":false},"excerpt":{"rendered":"<p>Fenderleinen Schwarz 10 mm 3 m &#8211; Fender Bride flache Linien zur Aufh\u00e4ngung von Fendern, hergestellt aus hochfestem Polyester-Spinnengarn in<\/p>\n","protected":false},"featured_media":5939654,"comment_status":"closed","ping_status":"closed","template":"","meta":[],"product_brand":[3100],"product_cat":[1560],"product_tag":[],"class_list":{"0":"post-3426480","1":"product","2":"type-product","3":"status-publish","4":"has-post-thumbnail","6":"product_brand-marco-benvenuti-de","7":"product_cat-fender-zubehoer","9":"first","10":"instock","11":"shipping-taxable","12":"purchasable","13":"product-type-simple"},"_links":{"self":[{"href":"https:\/\/stoic-curie.212-227-153-4.plesk.page\/de\/wp-json\/wp\/v2\/product\/3426480","targetHints":{"allow":["GET"]}}],"collection":[{"href":"https:\/\/stoic-curie.212-227-153-4.plesk.page\/de\/wp-json\/wp\/v2\/product"}],"about":[{"href":"https:\/\/stoic-curie.212-227-153-4.plesk.page\/de\/wp-json\/wp\/v2\/types\/product"}],"replies":[{"embeddable":true,"href":"https:\/\/stoic-curie.212-227-153-4.plesk.page\/de\/wp-json\/wp\/v2\/comments?post=3426480"}],"version-history":[{"count":0,"href":"https:\/\/stoic-curie.212-227-153-4.plesk.page\/de\/wp-json\/wp\/v2\/product\/3426480\/revisions"}],"wp:featuredmedia":[{"embeddable":true,"href":"https:\/\/stoic-curie.212-227-153-4.plesk.page\/de\/wp-json\/wp\/v2\/media\/5939654"}],"wp:attachment":[{"href":"https:\/\/stoic-curie.212-227-153-4.plesk.page\/de\/wp-json\/wp\/v2\/media?parent=3426480"}],"wp:term":[{"taxonomy":"product_brand","embeddable":true,"href":"https:\/\/stoic-curie.212-227-153-4.plesk.page\/de\/wp-json\/wp\/v2\/product_brand?post=3426480"},{"taxonomy":"product_cat","embeddable":true,"href":"https:\/\/stoic-curie.212-227-153-4.plesk.page\/de\/wp-json\/wp\/v2\/product_cat?post=3426480"},{"taxonomy":"product_tag","embeddable":true,"href":"https:\/\/stoic-curie.212-227-153-4.plesk.page\/de\/wp-json\/wp\/v2\/product_tag?post=3426480"}],"curies":[{"name":"wp","href":"https:\/\/api.w.org\/{rel}","templated":true}]}}