{"id":3426651,"date":"2025-10-09T22:53:49","date_gmt":"2025-10-10T02:53:49","guid":{"rendered":"https:\/\/stoic-curie.212-227-153-4.plesk.page\/product\/fenderleinen-sand-8-mm-2-m\/"},"modified":"2026-02-24T23:35:05","modified_gmt":"2026-02-24T23:35:05","slug":"fenderleinen-sand-8-mm-2-m","status":"publish","type":"product","link":"https:\/\/stoic-curie.212-227-153-4.plesk.page\/de\/product\/fenderleinen-sand-8-mm-2-m\/","title":{"rendered":"Fenderleinen Sand 8 mm 2 m"},"content":{"rendered":"<p>Fenderleinen Sand 8 mm 2 m &#8211; <\/p>\n<p>Fender Bride flache Leinen zum Aufh\u00e4ngen von Fendern, hergestellt aus hochfestem polyestergesponnenem Garn in der gleichen Farbe wie die Fenderbez\u00fcge. Leicht und robust, UV-best\u00e4ndig. Verkauft in praktischen Packungen mit 2 oder 3 Metern.<\/p>\n","protected":false},"excerpt":{"rendered":"<p>Fenderleinen Sand 8 mm 2 m &#8211; Fender Bride flache Leinen zum Aufh\u00e4ngen von Fendern, hergestellt aus hochfestem polyestergesponnenem Garn<\/p>\n","protected":false},"featured_media":5939654,"comment_status":"closed","ping_status":"closed","template":"","meta":[],"product_brand":[3100],"product_cat":[1560],"product_tag":[],"class_list":{"0":"post-3426651","1":"product","2":"type-product","3":"status-publish","4":"has-post-thumbnail","6":"product_brand-marco-benvenuti-de","7":"product_cat-fender-zubehoer","9":"first","10":"instock","11":"shipping-taxable","12":"purchasable","13":"product-type-simple"},"_links":{"self":[{"href":"https:\/\/stoic-curie.212-227-153-4.plesk.page\/de\/wp-json\/wp\/v2\/product\/3426651","targetHints":{"allow":["GET"]}}],"collection":[{"href":"https:\/\/stoic-curie.212-227-153-4.plesk.page\/de\/wp-json\/wp\/v2\/product"}],"about":[{"href":"https:\/\/stoic-curie.212-227-153-4.plesk.page\/de\/wp-json\/wp\/v2\/types\/product"}],"replies":[{"embeddable":true,"href":"https:\/\/stoic-curie.212-227-153-4.plesk.page\/de\/wp-json\/wp\/v2\/comments?post=3426651"}],"version-history":[{"count":0,"href":"https:\/\/stoic-curie.212-227-153-4.plesk.page\/de\/wp-json\/wp\/v2\/product\/3426651\/revisions"}],"wp:featuredmedia":[{"embeddable":true,"href":"https:\/\/stoic-curie.212-227-153-4.plesk.page\/de\/wp-json\/wp\/v2\/media\/5939654"}],"wp:attachment":[{"href":"https:\/\/stoic-curie.212-227-153-4.plesk.page\/de\/wp-json\/wp\/v2\/media?parent=3426651"}],"wp:term":[{"taxonomy":"product_brand","embeddable":true,"href":"https:\/\/stoic-curie.212-227-153-4.plesk.page\/de\/wp-json\/wp\/v2\/product_brand?post=3426651"},{"taxonomy":"product_cat","embeddable":true,"href":"https:\/\/stoic-curie.212-227-153-4.plesk.page\/de\/wp-json\/wp\/v2\/product_cat?post=3426651"},{"taxonomy":"product_tag","embeddable":true,"href":"https:\/\/stoic-curie.212-227-153-4.plesk.page\/de\/wp-json\/wp\/v2\/product_tag?post=3426651"}],"curies":[{"name":"wp","href":"https:\/\/api.w.org\/{rel}","templated":true}]}}