{"id":3426736,"date":"2025-10-09T22:53:52","date_gmt":"2025-10-10T02:53:52","guid":{"rendered":"https:\/\/stoic-curie.212-227-153-4.plesk.page\/product\/vertikale-bugfender-weiss-60x15cm\/"},"modified":"2026-02-24T23:35:05","modified_gmt":"2026-02-24T23:35:05","slug":"vertikale-bugfender-weiss-60x15cm","status":"publish","type":"product","link":"https:\/\/stoic-curie.212-227-153-4.plesk.page\/de\/product\/vertikale-bugfender-weiss-60x15cm\/","title":{"rendered":"Vertikale Bugfender wei\u00df 60x15cm"},"content":{"rendered":"<p>Vertikale Bugfender wei\u00df 60x15cm &#8211; <\/p>\n<p>Der Bogen-Schutzfender f\u00fcr Segelboote bietet optimalen Schutz, wenn der Anker gehoben wird oder beim Anlegen im Bugbereich. Sein robustes PVC-Material sorgt f\u00fcr eine optimale Sto\u00dfd\u00e4mpfung (er ist nicht entleerbar und enth\u00e4lt keine Luft). Vier Seil\u00f6sen erm\u00f6glichen eine sichere Befestigung am Bug.<\/p>\n","protected":false},"excerpt":{"rendered":"<p>Vertikale Bugfender wei\u00df 60x15cm &#8211; Der Bogen-Schutzfender f\u00fcr Segelboote bietet optimalen Schutz, wenn der Anker gehoben wird oder beim Anlegen<\/p>\n","protected":false},"featured_media":5944271,"comment_status":"closed","ping_status":"closed","template":"","meta":[],"product_brand":[3090],"product_cat":[1562,1561],"product_tag":[],"class_list":{"0":"post-3426736","1":"product","2":"type-product","3":"status-publish","4":"has-post-thumbnail","6":"product_brand-majoni-de","7":"product_cat-anlegestossdaempfer","8":"product_cat-fender","10":"first","11":"instock","12":"shipping-taxable","13":"purchasable","14":"product-type-simple"},"_links":{"self":[{"href":"https:\/\/stoic-curie.212-227-153-4.plesk.page\/de\/wp-json\/wp\/v2\/product\/3426736","targetHints":{"allow":["GET"]}}],"collection":[{"href":"https:\/\/stoic-curie.212-227-153-4.plesk.page\/de\/wp-json\/wp\/v2\/product"}],"about":[{"href":"https:\/\/stoic-curie.212-227-153-4.plesk.page\/de\/wp-json\/wp\/v2\/types\/product"}],"replies":[{"embeddable":true,"href":"https:\/\/stoic-curie.212-227-153-4.plesk.page\/de\/wp-json\/wp\/v2\/comments?post=3426736"}],"version-history":[{"count":0,"href":"https:\/\/stoic-curie.212-227-153-4.plesk.page\/de\/wp-json\/wp\/v2\/product\/3426736\/revisions"}],"wp:featuredmedia":[{"embeddable":true,"href":"https:\/\/stoic-curie.212-227-153-4.plesk.page\/de\/wp-json\/wp\/v2\/media\/5944271"}],"wp:attachment":[{"href":"https:\/\/stoic-curie.212-227-153-4.plesk.page\/de\/wp-json\/wp\/v2\/media?parent=3426736"}],"wp:term":[{"taxonomy":"product_brand","embeddable":true,"href":"https:\/\/stoic-curie.212-227-153-4.plesk.page\/de\/wp-json\/wp\/v2\/product_brand?post=3426736"},{"taxonomy":"product_cat","embeddable":true,"href":"https:\/\/stoic-curie.212-227-153-4.plesk.page\/de\/wp-json\/wp\/v2\/product_cat?post=3426736"},{"taxonomy":"product_tag","embeddable":true,"href":"https:\/\/stoic-curie.212-227-153-4.plesk.page\/de\/wp-json\/wp\/v2\/product_tag?post=3426736"}],"curies":[{"name":"wp","href":"https:\/\/api.w.org\/{rel}","templated":true}]}}