{"id":3426894,"date":"2025-10-09T22:54:00","date_gmt":"2025-10-10T02:54:00","guid":{"rendered":"https:\/\/stoic-curie.212-227-153-4.plesk.page\/product\/anlegeleine-schwarz-12-mm-x-8-m-mit-thimble\/"},"modified":"2026-02-24T23:35:05","modified_gmt":"2026-02-24T23:35:05","slug":"anlegeleine-schwarz-12-mm-x-8-m-mit-thimble","status":"publish","type":"product","link":"https:\/\/stoic-curie.212-227-153-4.plesk.page\/de\/product\/anlegeleine-schwarz-12-mm-x-8-m-mit-thimble\/","title":{"rendered":"Anlegeleine Schwarz 12 mm x 8 m mit Thimble"},"content":{"rendered":"<p>Anlegeleine Schwarz 12 mm x 8 m mit Thimble &#8211; <\/p>\n<p>Mooring- und Ankerseil mit gesplei\u00dftem Edelstahlverst\u00e4rkungsring. Hergestellt aus hochfestem doppelt geflochtenem Polyester. Nicht schwimmf\u00e4hig.<\/p>\n","protected":false},"excerpt":{"rendered":"<p>Anlegeleine Schwarz 12 mm x 8 m mit Thimble &#8211; Mooring- und Ankerseil mit gesplei\u00dftem Edelstahlverst\u00e4rkungsring. Hergestellt aus hochfestem doppelt<\/p>\n","protected":false},"featured_media":5944282,"comment_status":"closed","ping_status":"closed","template":"","meta":[],"product_brand":[3100],"product_cat":[1575,1336],"product_tag":[],"class_list":{"0":"post-3426894","1":"product","2":"type-product","3":"status-publish","4":"has-post-thumbnail","6":"product_brand-marco-benvenuti-de","7":"product_cat-ankerseile","8":"product_cat-vorgefertigte-seile","10":"first","11":"instock","12":"shipping-taxable","13":"purchasable","14":"product-type-simple"},"_links":{"self":[{"href":"https:\/\/stoic-curie.212-227-153-4.plesk.page\/de\/wp-json\/wp\/v2\/product\/3426894","targetHints":{"allow":["GET"]}}],"collection":[{"href":"https:\/\/stoic-curie.212-227-153-4.plesk.page\/de\/wp-json\/wp\/v2\/product"}],"about":[{"href":"https:\/\/stoic-curie.212-227-153-4.plesk.page\/de\/wp-json\/wp\/v2\/types\/product"}],"replies":[{"embeddable":true,"href":"https:\/\/stoic-curie.212-227-153-4.plesk.page\/de\/wp-json\/wp\/v2\/comments?post=3426894"}],"version-history":[{"count":0,"href":"https:\/\/stoic-curie.212-227-153-4.plesk.page\/de\/wp-json\/wp\/v2\/product\/3426894\/revisions"}],"wp:featuredmedia":[{"embeddable":true,"href":"https:\/\/stoic-curie.212-227-153-4.plesk.page\/de\/wp-json\/wp\/v2\/media\/5944282"}],"wp:attachment":[{"href":"https:\/\/stoic-curie.212-227-153-4.plesk.page\/de\/wp-json\/wp\/v2\/media?parent=3426894"}],"wp:term":[{"taxonomy":"product_brand","embeddable":true,"href":"https:\/\/stoic-curie.212-227-153-4.plesk.page\/de\/wp-json\/wp\/v2\/product_brand?post=3426894"},{"taxonomy":"product_cat","embeddable":true,"href":"https:\/\/stoic-curie.212-227-153-4.plesk.page\/de\/wp-json\/wp\/v2\/product_cat?post=3426894"},{"taxonomy":"product_tag","embeddable":true,"href":"https:\/\/stoic-curie.212-227-153-4.plesk.page\/de\/wp-json\/wp\/v2\/product_tag?post=3426894"}],"curies":[{"name":"wp","href":"https:\/\/api.w.org\/{rel}","templated":true}]}}