{"id":3426930,"date":"2025-10-09T22:54:02","date_gmt":"2025-10-10T02:54:02","guid":{"rendered":"https:\/\/stoic-curie.212-227-153-4.plesk.page\/product\/vorgespleisste-dockleine-weiss-10mm-x-6m\/"},"modified":"2026-02-24T23:35:05","modified_gmt":"2026-02-24T23:35:05","slug":"vorgespleisste-dockleine-weiss-10mm-x-6m","status":"publish","type":"product","link":"https:\/\/stoic-curie.212-227-153-4.plesk.page\/de\/product\/vorgespleisste-dockleine-weiss-10mm-x-6m\/","title":{"rendered":"Vorgesplei\u00dfte Dockleine Wei\u00df 10mm x 6m"},"content":{"rendered":"<p>Vorgesplei\u00dfte Dockleine Wei\u00df 10mm x 6m &#8211; <\/p>\n<p>Fertig zu verwenden, gesplei\u00dftes weiches Auge doppelt geflochtenes Polyester-Docktau. Schwimmt nicht.<\/p>\n","protected":false},"excerpt":{"rendered":"<p>Vorgesplei\u00dfte Dockleine Wei\u00df 10mm x 6m &#8211; Fertig zu verwenden, gesplei\u00dftes weiches Auge doppelt geflochtenes Polyester-Docktau. Schwimmt nicht.<\/p>\n","protected":false},"featured_media":5942144,"comment_status":"closed","ping_status":"closed","template":"","meta":[],"product_brand":[3100],"product_cat":[1335,1336],"product_tag":[],"class_list":{"0":"post-3426930","1":"product","2":"type-product","3":"status-publish","4":"has-post-thumbnail","6":"product_brand-marco-benvenuti-de","7":"product_cat-anlege-und-festmacherleinen","8":"product_cat-vorgefertigte-seile","10":"first","11":"instock","12":"shipping-taxable","13":"purchasable","14":"product-type-simple"},"_links":{"self":[{"href":"https:\/\/stoic-curie.212-227-153-4.plesk.page\/de\/wp-json\/wp\/v2\/product\/3426930","targetHints":{"allow":["GET"]}}],"collection":[{"href":"https:\/\/stoic-curie.212-227-153-4.plesk.page\/de\/wp-json\/wp\/v2\/product"}],"about":[{"href":"https:\/\/stoic-curie.212-227-153-4.plesk.page\/de\/wp-json\/wp\/v2\/types\/product"}],"replies":[{"embeddable":true,"href":"https:\/\/stoic-curie.212-227-153-4.plesk.page\/de\/wp-json\/wp\/v2\/comments?post=3426930"}],"version-history":[{"count":0,"href":"https:\/\/stoic-curie.212-227-153-4.plesk.page\/de\/wp-json\/wp\/v2\/product\/3426930\/revisions"}],"wp:featuredmedia":[{"embeddable":true,"href":"https:\/\/stoic-curie.212-227-153-4.plesk.page\/de\/wp-json\/wp\/v2\/media\/5942144"}],"wp:attachment":[{"href":"https:\/\/stoic-curie.212-227-153-4.plesk.page\/de\/wp-json\/wp\/v2\/media?parent=3426930"}],"wp:term":[{"taxonomy":"product_brand","embeddable":true,"href":"https:\/\/stoic-curie.212-227-153-4.plesk.page\/de\/wp-json\/wp\/v2\/product_brand?post=3426930"},{"taxonomy":"product_cat","embeddable":true,"href":"https:\/\/stoic-curie.212-227-153-4.plesk.page\/de\/wp-json\/wp\/v2\/product_cat?post=3426930"},{"taxonomy":"product_tag","embeddable":true,"href":"https:\/\/stoic-curie.212-227-153-4.plesk.page\/de\/wp-json\/wp\/v2\/product_tag?post=3426930"}],"curies":[{"name":"wp","href":"https:\/\/api.w.org\/{rel}","templated":true}]}}