{"id":3426957,"date":"2025-10-09T22:54:03","date_gmt":"2025-10-10T02:54:03","guid":{"rendered":"https:\/\/stoic-curie.212-227-153-4.plesk.page\/product\/klassische-maske-fuer-feinstaub-3m-8000-ffp2-nr-d\/"},"modified":"2026-02-24T23:35:05","modified_gmt":"2026-02-24T23:35:05","slug":"klassische-maske-fuer-feinstaub-3m-8000-ffp2-nr-d","status":"publish","type":"product","link":"https:\/\/stoic-curie.212-227-153-4.plesk.page\/de\/product\/klassische-maske-fuer-feinstaub-3m-8000-ffp2-nr-d\/","title":{"rendered":"Klassische Maske f\u00fcr Feinstaub 3M 8000 FFP2 NR D"},"content":{"rendered":"<p>Klassische Maske f\u00fcr Feinstaub 3M 8000 FFP2 NR D &#8211; <\/p>\n<p>3M 8000 Classic Maske f\u00fcr feinen Staub, sch\u00e4dliche \u00d6le und D\u00e4mpfe, ausgestattet mit einem Elektretfilter und einem Cool Flow Ausatemventil, das die W\u00e4rmeansammlung reduziert und eine leichte Atmung erm\u00f6glicht. Hervorragende Anpassung an jedes Gesicht dank der konvexen Form, der Naseclip und dem doppelten Gummiband. Entspricht EN149:2001 CE.<\/p>\n","protected":false},"excerpt":{"rendered":"<p>Klassische Maske f\u00fcr Feinstaub 3M 8000 FFP2 NR D &#8211; 3M 8000 Classic Maske f\u00fcr feinen Staub, sch\u00e4dliche \u00d6le und<\/p>\n","protected":false},"featured_media":5944130,"comment_status":"closed","ping_status":"closed","template":"","meta":[],"product_brand":[2770],"product_cat":[1345],"product_tag":[],"class_list":{"0":"post-3426957","1":"product","2":"type-product","3":"status-publish","4":"has-post-thumbnail","6":"product_brand-3m-marine-de","7":"product_cat-malerwerkzeug","9":"first","10":"instock","11":"shipping-taxable","12":"purchasable","13":"product-type-simple"},"_links":{"self":[{"href":"https:\/\/stoic-curie.212-227-153-4.plesk.page\/de\/wp-json\/wp\/v2\/product\/3426957","targetHints":{"allow":["GET"]}}],"collection":[{"href":"https:\/\/stoic-curie.212-227-153-4.plesk.page\/de\/wp-json\/wp\/v2\/product"}],"about":[{"href":"https:\/\/stoic-curie.212-227-153-4.plesk.page\/de\/wp-json\/wp\/v2\/types\/product"}],"replies":[{"embeddable":true,"href":"https:\/\/stoic-curie.212-227-153-4.plesk.page\/de\/wp-json\/wp\/v2\/comments?post=3426957"}],"version-history":[{"count":0,"href":"https:\/\/stoic-curie.212-227-153-4.plesk.page\/de\/wp-json\/wp\/v2\/product\/3426957\/revisions"}],"wp:featuredmedia":[{"embeddable":true,"href":"https:\/\/stoic-curie.212-227-153-4.plesk.page\/de\/wp-json\/wp\/v2\/media\/5944130"}],"wp:attachment":[{"href":"https:\/\/stoic-curie.212-227-153-4.plesk.page\/de\/wp-json\/wp\/v2\/media?parent=3426957"}],"wp:term":[{"taxonomy":"product_brand","embeddable":true,"href":"https:\/\/stoic-curie.212-227-153-4.plesk.page\/de\/wp-json\/wp\/v2\/product_brand?post=3426957"},{"taxonomy":"product_cat","embeddable":true,"href":"https:\/\/stoic-curie.212-227-153-4.plesk.page\/de\/wp-json\/wp\/v2\/product_cat?post=3426957"},{"taxonomy":"product_tag","embeddable":true,"href":"https:\/\/stoic-curie.212-227-153-4.plesk.page\/de\/wp-json\/wp\/v2\/product_tag?post=3426957"}],"curies":[{"name":"wp","href":"https:\/\/api.w.org\/{rel}","templated":true}]}}