{"id":3426980,"date":"2025-10-09T22:54:04","date_gmt":"2025-10-10T02:54:04","guid":{"rendered":"https:\/\/stoic-curie.212-227-153-4.plesk.page\/product\/wasserdichtes-12v-led-signallicht-26mm-weiss\/"},"modified":"2026-02-24T23:35:05","modified_gmt":"2026-02-24T23:35:05","slug":"wasserdichtes-12v-led-signallicht-26mm-weiss","status":"publish","type":"product","link":"https:\/\/stoic-curie.212-227-153-4.plesk.page\/de\/product\/wasserdichtes-12v-led-signallicht-26mm-weiss\/","title":{"rendered":"Wasserdichtes 12V LED Signallicht 26mm Wei\u00df"},"content":{"rendered":"<p>Wasserdichtes 12V LED Signallicht 26mm Wei\u00df &#8211; <\/p>\n<p>Edelstahl-Einbauleuchte 12V LED mit Courtesy-Funktion. Robust und IP67 wasserdicht, ideal f\u00fcr die Montage an Stufen und Erh\u00f6hungen. Geringer Verbrauch von 0,8W. 6000 K\u00c2\u00b0 kaltes wei\u00dfes Licht. Komplett mit wasserdichtem Kabel mit Sicherung.<\/p>\n","protected":false},"excerpt":{"rendered":"<p>Wasserdichtes 12V LED Signallicht 26mm Wei\u00df &#8211; Edelstahl-Einbauleuchte 12V LED mit Courtesy-Funktion. Robust und IP67 wasserdicht, ideal f\u00fcr die Montage<\/p>\n","protected":false},"featured_media":5944288,"comment_status":"closed","ping_status":"closed","template":"","meta":[],"product_brand":[3220],"product_cat":[1452,1443],"product_tag":[],"class_list":{"0":"post-3426980","1":"product","2":"type-product","3":"status-publish","4":"has-post-thumbnail","6":"product_brand-oceanled-de","7":"product_cat-bootsbeleuchtung","8":"product_cat-bootshinweislichter","10":"first","11":"instock","12":"shipping-taxable","13":"purchasable","14":"product-type-simple"},"_links":{"self":[{"href":"https:\/\/stoic-curie.212-227-153-4.plesk.page\/de\/wp-json\/wp\/v2\/product\/3426980","targetHints":{"allow":["GET"]}}],"collection":[{"href":"https:\/\/stoic-curie.212-227-153-4.plesk.page\/de\/wp-json\/wp\/v2\/product"}],"about":[{"href":"https:\/\/stoic-curie.212-227-153-4.plesk.page\/de\/wp-json\/wp\/v2\/types\/product"}],"replies":[{"embeddable":true,"href":"https:\/\/stoic-curie.212-227-153-4.plesk.page\/de\/wp-json\/wp\/v2\/comments?post=3426980"}],"version-history":[{"count":0,"href":"https:\/\/stoic-curie.212-227-153-4.plesk.page\/de\/wp-json\/wp\/v2\/product\/3426980\/revisions"}],"wp:featuredmedia":[{"embeddable":true,"href":"https:\/\/stoic-curie.212-227-153-4.plesk.page\/de\/wp-json\/wp\/v2\/media\/5944288"}],"wp:attachment":[{"href":"https:\/\/stoic-curie.212-227-153-4.plesk.page\/de\/wp-json\/wp\/v2\/media?parent=3426980"}],"wp:term":[{"taxonomy":"product_brand","embeddable":true,"href":"https:\/\/stoic-curie.212-227-153-4.plesk.page\/de\/wp-json\/wp\/v2\/product_brand?post=3426980"},{"taxonomy":"product_cat","embeddable":true,"href":"https:\/\/stoic-curie.212-227-153-4.plesk.page\/de\/wp-json\/wp\/v2\/product_cat?post=3426980"},{"taxonomy":"product_tag","embeddable":true,"href":"https:\/\/stoic-curie.212-227-153-4.plesk.page\/de\/wp-json\/wp\/v2\/product_tag?post=3426980"}],"curies":[{"name":"wp","href":"https:\/\/api.w.org\/{rel}","templated":true}]}}