{"id":3427167,"date":"2025-10-09T22:54:13","date_gmt":"2025-10-10T02:54:13","guid":{"rendered":"https:\/\/stoic-curie.212-227-153-4.plesk.page\/product\/pvc-bogen-3-8-x-12-mm-fuer-wassertanks\/"},"modified":"2026-02-24T23:35:05","modified_gmt":"2026-02-24T23:35:05","slug":"pvc-bogen-3-8-x-12-mm-fuer-wassertanks","status":"publish","type":"product","link":"https:\/\/stoic-curie.212-227-153-4.plesk.page\/de\/product\/pvc-bogen-3-8-x-12-mm-fuer-wassertanks\/","title":{"rendered":"PVC-Bogen 3\/8&#8243; x 12 mm f\u00fcr Wassertanks"},"content":{"rendered":"<p>PVC-Bogen 3\/8&#8243; x 12 mm f\u00fcr Wassertanks &#8211; <\/p>\n<p>Nylonanschl\u00fcsse f\u00fcr Frischwassertanks f\u00fcr Einlass und Auslass. Komplett mit Basis und Dichtung zur Montage an dem Loch, das im Tank gebohrt werden muss.<\/p>\n","protected":false},"excerpt":{"rendered":"<p>PVC-Bogen 3\/8&#8243; x 12 mm f\u00fcr Wassertanks &#8211; Nylonanschl\u00fcsse f\u00fcr Frischwassertanks f\u00fcr Einlass und Auslass. Komplett mit Basis und Dichtung<\/p>\n","protected":false},"featured_media":5944323,"comment_status":"closed","ping_status":"closed","template":"","meta":[],"product_brand":[2855],"product_cat":[1377],"product_tag":[],"class_list":{"0":"post-3427167","1":"product","2":"type-product","3":"status-publish","4":"has-post-thumbnail","6":"product_brand-can-marine-de","7":"product_cat-wassertanks","9":"first","10":"instock","11":"shipping-taxable","12":"purchasable","13":"product-type-simple"},"_links":{"self":[{"href":"https:\/\/stoic-curie.212-227-153-4.plesk.page\/de\/wp-json\/wp\/v2\/product\/3427167","targetHints":{"allow":["GET"]}}],"collection":[{"href":"https:\/\/stoic-curie.212-227-153-4.plesk.page\/de\/wp-json\/wp\/v2\/product"}],"about":[{"href":"https:\/\/stoic-curie.212-227-153-4.plesk.page\/de\/wp-json\/wp\/v2\/types\/product"}],"replies":[{"embeddable":true,"href":"https:\/\/stoic-curie.212-227-153-4.plesk.page\/de\/wp-json\/wp\/v2\/comments?post=3427167"}],"version-history":[{"count":0,"href":"https:\/\/stoic-curie.212-227-153-4.plesk.page\/de\/wp-json\/wp\/v2\/product\/3427167\/revisions"}],"wp:featuredmedia":[{"embeddable":true,"href":"https:\/\/stoic-curie.212-227-153-4.plesk.page\/de\/wp-json\/wp\/v2\/media\/5944323"}],"wp:attachment":[{"href":"https:\/\/stoic-curie.212-227-153-4.plesk.page\/de\/wp-json\/wp\/v2\/media?parent=3427167"}],"wp:term":[{"taxonomy":"product_brand","embeddable":true,"href":"https:\/\/stoic-curie.212-227-153-4.plesk.page\/de\/wp-json\/wp\/v2\/product_brand?post=3427167"},{"taxonomy":"product_cat","embeddable":true,"href":"https:\/\/stoic-curie.212-227-153-4.plesk.page\/de\/wp-json\/wp\/v2\/product_cat?post=3427167"},{"taxonomy":"product_tag","embeddable":true,"href":"https:\/\/stoic-curie.212-227-153-4.plesk.page\/de\/wp-json\/wp\/v2\/product_tag?post=3427167"}],"curies":[{"name":"wp","href":"https:\/\/api.w.org\/{rel}","templated":true}]}}