{"id":3427257,"date":"2025-10-09T22:54:18","date_gmt":"2025-10-10T02:54:18","guid":{"rendered":"https:\/\/stoic-curie.212-227-153-4.plesk.page\/product\/fendress-fenderbezug-f1-schwarz\/"},"modified":"2026-02-24T23:35:05","modified_gmt":"2026-02-24T23:35:05","slug":"fendress-fenderbezug-f1-schwarz","status":"publish","type":"product","link":"https:\/\/stoic-curie.212-227-153-4.plesk.page\/de\/product\/fendress-fenderbezug-f1-schwarz\/","title":{"rendered":"Fendress Fenderbezug F1 Schwarz"},"content":{"rendered":"<p>Fendress Fenderbezug F1 Schwarz &#8211; <\/p>\n<p>Handgefertigte Fendress Fenderbez\u00fcge aus samtweichem Fleece. Premium-Schutz f\u00fcr Ihre Fender, w\u00e4hrend sie das Quietschen der Fender und unangenehme Abnutzungserscheinungen beseitigen. Weich und dennoch robust sch\u00fctzen diese Fenderbez\u00fcge effektiv Ihre Gel-Coat-Lackierung und verl\u00e4ngern die Lebensdauer Ihrer Fender. <br \/> \u2022 \u201eFendress Covers\u201c sind aus 100 % Acryl, handgefertigte Premium-Qualit\u00e4t, widerstandsf\u00e4hig und nicht abrasive Loopstrickware. Die weichen, samtigen Fleece-Fenderbez\u00fcge bieten den ultimativen Schutz f\u00fcr Ihre Decks. <br \/> \u2022 \u201eFendress Covers\u201c sind UV- und salzwasserbest\u00e4ndig und sch\u00fctzen Ihre Gel-Coat-Lackierung effektiv vor Abnutzungserscheinungen und Abrieb. Der strapazierf\u00e4hige und dicke Fleece-Stoff bietet die besten Eigenschaften, einschlie\u00dflich Riss- und Abriebfestigkeit, schnelles Trocknen und einfache Entfernung zum Reinigen. <br \/> \u2022 \u201eFendress Covers\u201c verl\u00e4ngern die Lebensdauer Ihrer Fender und beseitigen l\u00e4stiges Fender-Quietschen. UV-best\u00e4ndige Farben hinterlassen keine Abdr\u00fccke auf Ihrem Deck. Maschinenwaschbar. <br \/> \u2022 \u201eFendress Covers\u201c verf\u00fcgen \u00fcber einen strapazierf\u00e4higen oberen Bereich und einen elastischen Saum f\u00fcr eine ma\u00dfgeschneiderte Passform f\u00fcr alle Fender-Typen. Die Bez\u00fcge sind in 9 Farben erh\u00e4ltlich.<\/p>\n","protected":false},"excerpt":{"rendered":"<p>Fendress Fenderbezug F1 Schwarz &#8211; Handgefertigte Fendress Fenderbez\u00fcge aus samtweichem Fleece. Premium-Schutz f\u00fcr Ihre Fender, w\u00e4hrend sie das Quietschen der<\/p>\n","protected":false},"featured_media":5944361,"comment_status":"closed","ping_status":"closed","template":"","meta":[],"product_brand":[2935],"product_cat":[1564],"product_tag":[],"class_list":{"0":"post-3427257","1":"product","2":"type-product","3":"status-publish","4":"has-post-thumbnail","6":"product_brand-fendress-de","7":"product_cat-fenderhuellen","9":"first","10":"instock","11":"shipping-taxable","12":"purchasable","13":"product-type-simple"},"_links":{"self":[{"href":"https:\/\/stoic-curie.212-227-153-4.plesk.page\/de\/wp-json\/wp\/v2\/product\/3427257","targetHints":{"allow":["GET"]}}],"collection":[{"href":"https:\/\/stoic-curie.212-227-153-4.plesk.page\/de\/wp-json\/wp\/v2\/product"}],"about":[{"href":"https:\/\/stoic-curie.212-227-153-4.plesk.page\/de\/wp-json\/wp\/v2\/types\/product"}],"replies":[{"embeddable":true,"href":"https:\/\/stoic-curie.212-227-153-4.plesk.page\/de\/wp-json\/wp\/v2\/comments?post=3427257"}],"version-history":[{"count":0,"href":"https:\/\/stoic-curie.212-227-153-4.plesk.page\/de\/wp-json\/wp\/v2\/product\/3427257\/revisions"}],"wp:featuredmedia":[{"embeddable":true,"href":"https:\/\/stoic-curie.212-227-153-4.plesk.page\/de\/wp-json\/wp\/v2\/media\/5944361"}],"wp:attachment":[{"href":"https:\/\/stoic-curie.212-227-153-4.plesk.page\/de\/wp-json\/wp\/v2\/media?parent=3427257"}],"wp:term":[{"taxonomy":"product_brand","embeddable":true,"href":"https:\/\/stoic-curie.212-227-153-4.plesk.page\/de\/wp-json\/wp\/v2\/product_brand?post=3427257"},{"taxonomy":"product_cat","embeddable":true,"href":"https:\/\/stoic-curie.212-227-153-4.plesk.page\/de\/wp-json\/wp\/v2\/product_cat?post=3427257"},{"taxonomy":"product_tag","embeddable":true,"href":"https:\/\/stoic-curie.212-227-153-4.plesk.page\/de\/wp-json\/wp\/v2\/product_tag?post=3427257"}],"curies":[{"name":"wp","href":"https:\/\/api.w.org\/{rel}","templated":true}]}}