{"id":3427301,"date":"2025-10-09T22:54:19","date_gmt":"2025-10-10T02:54:19","guid":{"rendered":"https:\/\/stoic-curie.212-227-153-4.plesk.page\/product\/fendress-fenderbezug-f2-soft-grey\/"},"modified":"2026-02-24T23:35:05","modified_gmt":"2026-02-24T23:35:05","slug":"fendress-fenderbezug-f2-soft-grey","status":"publish","type":"product","link":"https:\/\/stoic-curie.212-227-153-4.plesk.page\/de\/product\/fendress-fenderbezug-f2-soft-grey\/","title":{"rendered":"Fendress Fenderbezug F2 Soft Grey"},"content":{"rendered":"<p>Fendress Fenderbezug F2 Soft Grey &#8211; <\/p>\n<p>Pl\u00fcsch-Fleece-Handgefertigte Fendress Fenderabdeckungen. Premium-Schutz f\u00fcr Ihre Fender, w\u00e4hrend sie Fenderquietschen und Kratzer eliminieren. Weich und dennoch robust sch\u00fctzen diese Fenderabdeckungen effizient Ihren Gel-Coat-Lack und lassen Ihre Fender l\u00e4nger halten.<\/p>\n<p>\u2022 &#8220;Fendress Covers&#8221; sind 100% Acryl, handgefertigte Premiumqualit\u00e4t, resistent und nicht-abrasiv produziert. Weiche, pl\u00fcschige Fleece-Fenderabdeckungen bieten den ultimativen Schutz f\u00fcr Ihre Oberfl\u00e4chen.<\/p>\n<p>\u2022 &#8220;Fendress Covers&#8221; sind UV- und salzwasserbest\u00e4ndig und sch\u00fctzen effizient Ihre Gel-Coat-Lackierung vor Kratzern und Abrieb. Der strapazierf\u00e4hige Fleece-Stoff hat alle besten Eigenschaften, einschlie\u00dflich Riss- und Abriebfestigkeit, schnelle Trocknung und einfache Entfernung zur Reinigung.<\/p>\n<p>\u2022 &#8220;Fendress Covers&#8221; lassen Ihre Fender l\u00e4nger halten und eliminieren st\u00f6rendes Fenderquietschen. UV-best\u00e4ndige Farben hinterlassen keine Spuren auf Ihren Oberfl\u00e4chen. Maschinenwaschbar.<\/p>\n<p>\u2022 &#8220;Fendress Covers&#8221; mit hohem Widerstand oben und elastischem Abschluss bieten eine ma\u00dfgeschneiderte Passform f\u00fcr alle Arten von Fendern. Die Abdeckungen sind in 9 Farben erh\u00e4ltlich.<\/p>\n","protected":false},"excerpt":{"rendered":"<p>Fendress Fenderbezug F2 Soft Grey &#8211; Pl\u00fcsch-Fleece-Handgefertigte Fendress Fenderabdeckungen. Premium-Schutz f\u00fcr Ihre Fender, w\u00e4hrend sie Fenderquietschen und Kratzer eliminieren. Weich<\/p>\n","protected":false},"featured_media":5944363,"comment_status":"closed","ping_status":"closed","template":"","meta":[],"product_brand":[2935],"product_cat":[1564],"product_tag":[],"class_list":{"0":"post-3427301","1":"product","2":"type-product","3":"status-publish","4":"has-post-thumbnail","6":"product_brand-fendress-de","7":"product_cat-fenderhuellen","9":"first","10":"instock","11":"shipping-taxable","12":"purchasable","13":"product-type-simple"},"_links":{"self":[{"href":"https:\/\/stoic-curie.212-227-153-4.plesk.page\/de\/wp-json\/wp\/v2\/product\/3427301","targetHints":{"allow":["GET"]}}],"collection":[{"href":"https:\/\/stoic-curie.212-227-153-4.plesk.page\/de\/wp-json\/wp\/v2\/product"}],"about":[{"href":"https:\/\/stoic-curie.212-227-153-4.plesk.page\/de\/wp-json\/wp\/v2\/types\/product"}],"replies":[{"embeddable":true,"href":"https:\/\/stoic-curie.212-227-153-4.plesk.page\/de\/wp-json\/wp\/v2\/comments?post=3427301"}],"version-history":[{"count":0,"href":"https:\/\/stoic-curie.212-227-153-4.plesk.page\/de\/wp-json\/wp\/v2\/product\/3427301\/revisions"}],"wp:featuredmedia":[{"embeddable":true,"href":"https:\/\/stoic-curie.212-227-153-4.plesk.page\/de\/wp-json\/wp\/v2\/media\/5944363"}],"wp:attachment":[{"href":"https:\/\/stoic-curie.212-227-153-4.plesk.page\/de\/wp-json\/wp\/v2\/media?parent=3427301"}],"wp:term":[{"taxonomy":"product_brand","embeddable":true,"href":"https:\/\/stoic-curie.212-227-153-4.plesk.page\/de\/wp-json\/wp\/v2\/product_brand?post=3427301"},{"taxonomy":"product_cat","embeddable":true,"href":"https:\/\/stoic-curie.212-227-153-4.plesk.page\/de\/wp-json\/wp\/v2\/product_cat?post=3427301"},{"taxonomy":"product_tag","embeddable":true,"href":"https:\/\/stoic-curie.212-227-153-4.plesk.page\/de\/wp-json\/wp\/v2\/product_tag?post=3427301"}],"curies":[{"name":"wp","href":"https:\/\/api.w.org\/{rel}","templated":true}]}}