{"id":3427329,"date":"2025-10-09T22:54:21","date_gmt":"2025-10-10T02:54:21","guid":{"rendered":"https:\/\/stoic-curie.212-227-153-4.plesk.page\/product\/fendress-fenderbezug-f3-soft-grey\/"},"modified":"2026-02-24T23:35:05","modified_gmt":"2026-02-24T23:35:05","slug":"fendress-fenderbezug-f3-soft-grey","status":"publish","type":"product","link":"https:\/\/stoic-curie.212-227-153-4.plesk.page\/de\/product\/fendress-fenderbezug-f3-soft-grey\/","title":{"rendered":"Fendress Fenderbezug F3 Soft Grey"},"content":{"rendered":"<p>Fendress Fenderbezug F3 Soft Grey &#8211; <\/p>\n<p>Pl\u00fcsch-Fleece handgefertigte Fendress Fenderabdeckungen. Premium-Schutz f\u00fcr Ihre Fender, w\u00e4hrend Quietschen und Kratzer eliminiert werden. Weich und robust sch\u00fctzen diese Fenderbez\u00fcge effizient Ihre Gel-Coat-Lackierung und verl\u00e4ngern die Lebensdauer Ihrer Fender. <br \/> \u2022 &#8220;Fendress Covers&#8221; sind 100% Acryl, handgefertigt, von hochwertiger Qualit\u00e4t, widerstandsf\u00e4hig und nicht-abrasiv. Weiche Fleece-Fenderabdeckungen bieten den ultimativen Schutz f\u00fcr Ihre Oberfl\u00e4chen. <br \/> \u2022 &#8220;Fendress Covers&#8221; sind UV- und salzwasserbest\u00e4ndig und sch\u00fctzen effizient Ihre Gel-Coat-Lackierung vor Kratzern und Abrieb. Der strapazierf\u00e4hige und robuste Fleece-Stoff verf\u00fcgt \u00fcber alle besten Eigenschaften, einschlie\u00dflich Riss- und Abriebfestigkeit, schnelles Trocknen und einfache Entfernung zur Reinigung. <br \/> \u2022 &#8220;Fendress Covers&#8221; verl\u00e4ngern die Lebensdauer Ihrer Fender und beseitigen l\u00e4stiges Fenderquietschen. UV-best\u00e4ndige Farben hinterlassen keine Spuren auf Ihren Oberfl\u00e4chen. Maschinenwaschbar. <br \/> \u2022 &#8220;Fendress Covers&#8221; mit hochbest\u00e4ndigem oberen und elastischem B\u00fcndchen erm\u00f6glichen eine ma\u00dfgeschneiderte Passform f\u00fcr alle Arten von Fendern. Abdeckungen sind in 9 Farben erh\u00e4ltlich.<\/p>\n","protected":false},"excerpt":{"rendered":"<p>Fendress Fenderbezug F3 Soft Grey &#8211; Pl\u00fcsch-Fleece handgefertigte Fendress Fenderabdeckungen. Premium-Schutz f\u00fcr Ihre Fender, w\u00e4hrend Quietschen und Kratzer eliminiert werden.<\/p>\n","protected":false},"featured_media":5944363,"comment_status":"closed","ping_status":"closed","template":"","meta":[],"product_brand":[2935],"product_cat":[1564],"product_tag":[],"class_list":{"0":"post-3427329","1":"product","2":"type-product","3":"status-publish","4":"has-post-thumbnail","6":"product_brand-fendress-de","7":"product_cat-fenderhuellen","9":"first","10":"instock","11":"shipping-taxable","12":"purchasable","13":"product-type-simple"},"_links":{"self":[{"href":"https:\/\/stoic-curie.212-227-153-4.plesk.page\/de\/wp-json\/wp\/v2\/product\/3427329","targetHints":{"allow":["GET"]}}],"collection":[{"href":"https:\/\/stoic-curie.212-227-153-4.plesk.page\/de\/wp-json\/wp\/v2\/product"}],"about":[{"href":"https:\/\/stoic-curie.212-227-153-4.plesk.page\/de\/wp-json\/wp\/v2\/types\/product"}],"replies":[{"embeddable":true,"href":"https:\/\/stoic-curie.212-227-153-4.plesk.page\/de\/wp-json\/wp\/v2\/comments?post=3427329"}],"version-history":[{"count":0,"href":"https:\/\/stoic-curie.212-227-153-4.plesk.page\/de\/wp-json\/wp\/v2\/product\/3427329\/revisions"}],"wp:featuredmedia":[{"embeddable":true,"href":"https:\/\/stoic-curie.212-227-153-4.plesk.page\/de\/wp-json\/wp\/v2\/media\/5944363"}],"wp:attachment":[{"href":"https:\/\/stoic-curie.212-227-153-4.plesk.page\/de\/wp-json\/wp\/v2\/media?parent=3427329"}],"wp:term":[{"taxonomy":"product_brand","embeddable":true,"href":"https:\/\/stoic-curie.212-227-153-4.plesk.page\/de\/wp-json\/wp\/v2\/product_brand?post=3427329"},{"taxonomy":"product_cat","embeddable":true,"href":"https:\/\/stoic-curie.212-227-153-4.plesk.page\/de\/wp-json\/wp\/v2\/product_cat?post=3427329"},{"taxonomy":"product_tag","embeddable":true,"href":"https:\/\/stoic-curie.212-227-153-4.plesk.page\/de\/wp-json\/wp\/v2\/product_tag?post=3427329"}],"curies":[{"name":"wp","href":"https:\/\/api.w.org\/{rel}","templated":true}]}}