{"id":3427340,"date":"2025-10-09T22:54:21","date_gmt":"2025-10-10T02:54:21","guid":{"rendered":"https:\/\/stoic-curie.212-227-153-4.plesk.page\/product\/fendress-fenderbezug-f3-bordeaux\/"},"modified":"2026-02-24T23:35:05","modified_gmt":"2026-02-24T23:35:05","slug":"fendress-fenderbezug-f3-bordeaux","status":"publish","type":"product","link":"https:\/\/stoic-curie.212-227-153-4.plesk.page\/de\/product\/fendress-fenderbezug-f3-bordeaux\/","title":{"rendered":"Fendress Fenderbezug F3 Bordeaux"},"content":{"rendered":"<p>Fendress Fenderbezug F3 Bordeaux &#8211; <\/p>\n<p>Weiche, handgefertigte Fendress Fenderabdeckungen aus Fleece. Premium-Schutz f\u00fcr Ihre Fender, der das Quietschen und Abriebspuren von Fendern eliminiert. Diese weichen und robusten Fenderabdeckungen sch\u00fctzen effektiv Ihre Gelcoat-Lackierung und verl\u00e4ngern die Lebensdauer Ihrer Fender. <\/p>\n<p>\u2022 \u201eFendress Covers\u201c sind zu 100 % aus Acryl handgefertigt, von hoher Qualit\u00e4t, strapazierf\u00e4hig und nicht-abrasiv. Die weichen Fleece-Fenderabdeckungen bieten den ultimativen Schutz f\u00fcr Ihre Oberseite. <br \/>\u2022 \u201eFendress Covers\u201c sind UV- und salzwasserbest\u00e4ndig und sch\u00fctzen effektiv Ihre Gelcoat-Beschichtung vor Abriebspuren und Besch\u00e4digungen. Der strapazierf\u00e4hige Fleece-Stoff hat alle besten Eigenschaften, darunter Rei\u00df- und Abriebfestigkeit, schnelles Trocknen und leichtes Entfernen zur Reinigung. <br \/>\u2022 \u201eFendress Covers\u201c verl\u00e4ngern die Lebensdauer Ihrer Fender und beseitigen l\u00e4stiges Fenderquietschen. UV-best\u00e4ndige Farben hinterlassen keine Spuren auf Ihrer Oberseite. Maschinenwaschbar. <br \/>\u2022 \u201eFendress Covers\u201c mit strapazierf\u00e4higem oberen Teil und elastischem unteren Saum erm\u00f6glichen eine individuelle Passform f\u00fcr alle Fenderarten. Die Abdeckungen sind in 9 Farben erh\u00e4ltlich.<\/p>\n","protected":false},"excerpt":{"rendered":"<p>Fendress Fenderbezug F3 Bordeaux &#8211; Weiche, handgefertigte Fendress Fenderabdeckungen aus Fleece. Premium-Schutz f\u00fcr Ihre Fender, der das Quietschen und Abriebspuren<\/p>\n","protected":false},"featured_media":5944364,"comment_status":"closed","ping_status":"closed","template":"","meta":[],"product_brand":[2935],"product_cat":[1564],"product_tag":[],"class_list":{"0":"post-3427340","1":"product","2":"type-product","3":"status-publish","4":"has-post-thumbnail","6":"product_brand-fendress-de","7":"product_cat-fenderhuellen","9":"first","10":"instock","11":"shipping-taxable","12":"purchasable","13":"product-type-simple"},"_links":{"self":[{"href":"https:\/\/stoic-curie.212-227-153-4.plesk.page\/de\/wp-json\/wp\/v2\/product\/3427340","targetHints":{"allow":["GET"]}}],"collection":[{"href":"https:\/\/stoic-curie.212-227-153-4.plesk.page\/de\/wp-json\/wp\/v2\/product"}],"about":[{"href":"https:\/\/stoic-curie.212-227-153-4.plesk.page\/de\/wp-json\/wp\/v2\/types\/product"}],"replies":[{"embeddable":true,"href":"https:\/\/stoic-curie.212-227-153-4.plesk.page\/de\/wp-json\/wp\/v2\/comments?post=3427340"}],"version-history":[{"count":0,"href":"https:\/\/stoic-curie.212-227-153-4.plesk.page\/de\/wp-json\/wp\/v2\/product\/3427340\/revisions"}],"wp:featuredmedia":[{"embeddable":true,"href":"https:\/\/stoic-curie.212-227-153-4.plesk.page\/de\/wp-json\/wp\/v2\/media\/5944364"}],"wp:attachment":[{"href":"https:\/\/stoic-curie.212-227-153-4.plesk.page\/de\/wp-json\/wp\/v2\/media?parent=3427340"}],"wp:term":[{"taxonomy":"product_brand","embeddable":true,"href":"https:\/\/stoic-curie.212-227-153-4.plesk.page\/de\/wp-json\/wp\/v2\/product_brand?post=3427340"},{"taxonomy":"product_cat","embeddable":true,"href":"https:\/\/stoic-curie.212-227-153-4.plesk.page\/de\/wp-json\/wp\/v2\/product_cat?post=3427340"},{"taxonomy":"product_tag","embeddable":true,"href":"https:\/\/stoic-curie.212-227-153-4.plesk.page\/de\/wp-json\/wp\/v2\/product_tag?post=3427340"}],"curies":[{"name":"wp","href":"https:\/\/api.w.org\/{rel}","templated":true}]}}