{"id":3427352,"date":"2025-10-09T22:54:22","date_gmt":"2025-10-10T02:54:22","guid":{"rendered":"https:\/\/stoic-curie.212-227-153-4.plesk.page\/product\/fendress-fenderbezug-f4-soft-grey\/"},"modified":"2026-02-24T23:35:05","modified_gmt":"2026-02-24T23:35:05","slug":"fendress-fenderbezug-f4-soft-grey","status":"publish","type":"product","link":"https:\/\/stoic-curie.212-227-153-4.plesk.page\/de\/product\/fendress-fenderbezug-f4-soft-grey\/","title":{"rendered":"Fendress Fenderbezug F4 Soft Grey"},"content":{"rendered":"<p>Fendress Fenderbezug F4 Soft Grey &#8211; <\/p>\n<p>Weiche Fleece handgefertigte Fendress Fenderabdeckungen. Hochwertiger Schutz f\u00fcr Ihre Fender, der Fenderquietschen und Kratzer beseitigt. Diese weichen und strapazierf\u00e4higen Fenderabdeckungen sch\u00fctzen effizient Ihren Gel-Coat-Lack und verl\u00e4ngern die Lebensdauer Ihrer Fender.<\/p>\n<p>\u2022 \u201eFendress Covers\u201c sind 100% Acryl, handgefertigt, aus hochwertigem, widerstandsf\u00e4higem, nicht scheuerndem Loop-Strick. Weiche, pl\u00fcschige Fleece-Fenderabdeckungen bieten den ultimativen Schutz f\u00fcr Ihre Oberfl\u00e4chen. <br \/> \u2022 \u201eFendress Covers\u201c sind UV- und salzwasserbest\u00e4ndig und sch\u00fctzen Ihren Gel-Coat-Lack effizient vor Kratzern und Abrieb. Der rei\u00dffeste und strapazierf\u00e4hige Fleece-Stoff bietet alle besten Eigenschaften, darunter Rei\u00df- und Abriebfestigkeit, schnelle Trocknung und einfache Entfernung zur Reinigung. <br \/> \u2022 \u201eFendress Covers\u201c lassen Ihre Fender l\u00e4nger halten und beseitigen irritierendes Fenderquietschen. UV-best\u00e4ndige Farben hinterlassen keine Spuren an Ihren Oberfl\u00e4chen. Maschinenwaschbar. <br \/> \u2022 \u201eFendress Covers\u201c mit hochwertigem oberen und elastischem unteren Saum erm\u00f6glichen eine individuelle Passform f\u00fcr alle Fenderarten. Abdeckungen sind in 9 Farben erh\u00e4ltlich.<\/p>\n","protected":false},"excerpt":{"rendered":"<p>Fendress Fenderbezug F4 Soft Grey &#8211; Weiche Fleece handgefertigte Fendress Fenderabdeckungen. Hochwertiger Schutz f\u00fcr Ihre Fender, der Fenderquietschen und Kratzer<\/p>\n","protected":false},"featured_media":5944363,"comment_status":"closed","ping_status":"closed","template":"","meta":[],"product_brand":[2935],"product_cat":[1564],"product_tag":[],"class_list":{"0":"post-3427352","1":"product","2":"type-product","3":"status-publish","4":"has-post-thumbnail","6":"product_brand-fendress-de","7":"product_cat-fenderhuellen","9":"first","10":"instock","11":"shipping-taxable","12":"purchasable","13":"product-type-simple"},"_links":{"self":[{"href":"https:\/\/stoic-curie.212-227-153-4.plesk.page\/de\/wp-json\/wp\/v2\/product\/3427352","targetHints":{"allow":["GET"]}}],"collection":[{"href":"https:\/\/stoic-curie.212-227-153-4.plesk.page\/de\/wp-json\/wp\/v2\/product"}],"about":[{"href":"https:\/\/stoic-curie.212-227-153-4.plesk.page\/de\/wp-json\/wp\/v2\/types\/product"}],"replies":[{"embeddable":true,"href":"https:\/\/stoic-curie.212-227-153-4.plesk.page\/de\/wp-json\/wp\/v2\/comments?post=3427352"}],"version-history":[{"count":0,"href":"https:\/\/stoic-curie.212-227-153-4.plesk.page\/de\/wp-json\/wp\/v2\/product\/3427352\/revisions"}],"wp:featuredmedia":[{"embeddable":true,"href":"https:\/\/stoic-curie.212-227-153-4.plesk.page\/de\/wp-json\/wp\/v2\/media\/5944363"}],"wp:attachment":[{"href":"https:\/\/stoic-curie.212-227-153-4.plesk.page\/de\/wp-json\/wp\/v2\/media?parent=3427352"}],"wp:term":[{"taxonomy":"product_brand","embeddable":true,"href":"https:\/\/stoic-curie.212-227-153-4.plesk.page\/de\/wp-json\/wp\/v2\/product_brand?post=3427352"},{"taxonomy":"product_cat","embeddable":true,"href":"https:\/\/stoic-curie.212-227-153-4.plesk.page\/de\/wp-json\/wp\/v2\/product_cat?post=3427352"},{"taxonomy":"product_tag","embeddable":true,"href":"https:\/\/stoic-curie.212-227-153-4.plesk.page\/de\/wp-json\/wp\/v2\/product_tag?post=3427352"}],"curies":[{"name":"wp","href":"https:\/\/api.w.org\/{rel}","templated":true}]}}