{"id":3427371,"date":"2025-10-09T22:54:22","date_gmt":"2025-10-10T02:54:22","guid":{"rendered":"https:\/\/stoic-curie.212-227-153-4.plesk.page\/product\/fendress-fenderbezug-f4-bordeaux\/"},"modified":"2026-02-24T23:35:05","modified_gmt":"2026-02-24T23:35:05","slug":"fendress-fenderbezug-f4-bordeaux","status":"publish","type":"product","link":"https:\/\/stoic-curie.212-227-153-4.plesk.page\/de\/product\/fendress-fenderbezug-f4-bordeaux\/","title":{"rendered":"Fendress Fenderbezug F4 Bordeaux"},"content":{"rendered":"<p>Fendress Fenderbezug F4 Bordeaux &#8211; <\/p>\n<p>Handgefertigte Fendress Fenderabdeckungen aus plush Fleece. Premium-Schutz f\u00fcr Ihre Fender, w\u00e4hrend Fenderquietschen und Kratzer beseitigt werden. Diese weichen und strapazierf\u00e4higen Fenderabdeckungen sch\u00fctzen effektiv Ihre Gelcoat-Lackierung und verl\u00e4ngern die Lebensdauer Ihrer Fender.<\/p>\n<p>\u2022 &#8220;Fendress Covers&#8221; sind 100% Acryl, handgefertigte Premium-Qualit\u00e4t, widerstandsf\u00e4hig und nicht abrasiv gestrickt. Weiche, pl\u00fcschige Fleece-Fenderabdeckungen bieten ultimativen Schutz f\u00fcr Ihre Oberfl\u00e4chen. \u2022 &#8220;Fendress Covers&#8221; sind UV- und salzwasserbest\u00e4ndig und sch\u00fctzen effektiv Ihre Gelcoat-Lackierung vor Kratzern und Abrieb. Der strapazierf\u00e4hige Fleece-Stoff weist alle besten Eigenschaften auf, einschlie\u00dflich Rei\u00df- und Abriebfestigkeit, schnelles Trocknen und einfache Reinigung. \u2022 &#8220;Fendress Covers&#8221; verl\u00e4ngern die Lebensdauer Ihrer Fender und beseitigen l\u00e4stiges Fenderquietschen. UV-best\u00e4ndige Farben hinterlassen keine Flecken auf Ihren Oberfl\u00e4chen. Maschinenwaschbar. \u2022 &#8220;Fendress Covers&#8221; mit hoher Widerstandsf\u00e4higkeit oben und elastischem unteren Saum bieten eine ma\u00dfgeschneiderte Passform f\u00fcr alle Arten von Fendern. Abdeckungen sind in 9 Farben erh\u00e4ltlich.<\/p>\n","protected":false},"excerpt":{"rendered":"<p>Fendress Fenderbezug F4 Bordeaux &#8211; Handgefertigte Fendress Fenderabdeckungen aus plush Fleece. Premium-Schutz f\u00fcr Ihre Fender, w\u00e4hrend Fenderquietschen und Kratzer beseitigt<\/p>\n","protected":false},"featured_media":5944364,"comment_status":"closed","ping_status":"closed","template":"","meta":[],"product_brand":[2935],"product_cat":[1564],"product_tag":[],"class_list":{"0":"post-3427371","1":"product","2":"type-product","3":"status-publish","4":"has-post-thumbnail","6":"product_brand-fendress-de","7":"product_cat-fenderhuellen","9":"first","10":"instock","11":"shipping-taxable","12":"purchasable","13":"product-type-simple"},"_links":{"self":[{"href":"https:\/\/stoic-curie.212-227-153-4.plesk.page\/de\/wp-json\/wp\/v2\/product\/3427371","targetHints":{"allow":["GET"]}}],"collection":[{"href":"https:\/\/stoic-curie.212-227-153-4.plesk.page\/de\/wp-json\/wp\/v2\/product"}],"about":[{"href":"https:\/\/stoic-curie.212-227-153-4.plesk.page\/de\/wp-json\/wp\/v2\/types\/product"}],"replies":[{"embeddable":true,"href":"https:\/\/stoic-curie.212-227-153-4.plesk.page\/de\/wp-json\/wp\/v2\/comments?post=3427371"}],"version-history":[{"count":0,"href":"https:\/\/stoic-curie.212-227-153-4.plesk.page\/de\/wp-json\/wp\/v2\/product\/3427371\/revisions"}],"wp:featuredmedia":[{"embeddable":true,"href":"https:\/\/stoic-curie.212-227-153-4.plesk.page\/de\/wp-json\/wp\/v2\/media\/5944364"}],"wp:attachment":[{"href":"https:\/\/stoic-curie.212-227-153-4.plesk.page\/de\/wp-json\/wp\/v2\/media?parent=3427371"}],"wp:term":[{"taxonomy":"product_brand","embeddable":true,"href":"https:\/\/stoic-curie.212-227-153-4.plesk.page\/de\/wp-json\/wp\/v2\/product_brand?post=3427371"},{"taxonomy":"product_cat","embeddable":true,"href":"https:\/\/stoic-curie.212-227-153-4.plesk.page\/de\/wp-json\/wp\/v2\/product_cat?post=3427371"},{"taxonomy":"product_tag","embeddable":true,"href":"https:\/\/stoic-curie.212-227-153-4.plesk.page\/de\/wp-json\/wp\/v2\/product_tag?post=3427371"}],"curies":[{"name":"wp","href":"https:\/\/api.w.org\/{rel}","templated":true}]}}