{"id":3427382,"date":"2025-10-09T22:54:23","date_gmt":"2025-10-10T02:54:23","guid":{"rendered":"https:\/\/stoic-curie.212-227-153-4.plesk.page\/product\/fendress-fenderbezug-f5-soft-grey\/"},"modified":"2026-02-24T23:35:05","modified_gmt":"2026-02-24T23:35:05","slug":"fendress-fenderbezug-f5-soft-grey","status":"publish","type":"product","link":"https:\/\/stoic-curie.212-227-153-4.plesk.page\/de\/product\/fendress-fenderbezug-f5-soft-grey\/","title":{"rendered":"Fendress Fenderbezug F5 Soft Grey"},"content":{"rendered":"<p>Fendress Fenderbezug F5 Soft Grey &#8211; <\/p>\n<p>Handgemachte Fendress Fenderbez\u00fcge aus weichem Fleece. Erstklassiger Schutz f\u00fcr Ihre Fender, der gleichzeitig quietschende Ger\u00e4usche und Abnutzungsspuren beseitigt. Diese weichen und haltbaren Fenderbez\u00fcge sch\u00fctzen effektiv Ihre Gelcoat-Lackierung und verl\u00e4ngern die Lebensdauer Ihrer Fender.<\/p>\n<p>\u2022 \u201eFendress Covers\u201c sind aus 100% Acryl, handgemacht, von Premiumqualit\u00e4t, strapazierf\u00e4hig und nicht abrasiv. Weiche, flauschige Fleece Fenderbez\u00fcge bieten optimalen Schutz f\u00fcr Ihre Seitenfl\u00e4chen. \u2022 \u201eFendress Covers\u201c sind UV- und salzwasserbest\u00e4ndig und sch\u00fctzen Ihre Gelcoat-Lackierung effektiv vor Abnutzungsspuren und Abreibungen. Der strapazierf\u00e4hige Fleece-Stoff bietet die besten Eigenschaften, darunter Riss- und Abriebfestigkeit, schnelle Trocknung und einfache Entfernung zur Reinigung. \u2022 \u201eFendress Covers\u201c verl\u00e4ngern die Lebensdauer Ihrer Fender und beseitigen st\u00f6rende Fenderger\u00e4usche. UV-best\u00e4ndige Farben hinterlassen keine Flecken auf Ihren Seiten. Maschinenwaschbar. \u2022 \u201eFendress Covers\u201c mit hoher Widerstandsf\u00e4higkeit oben und elastischem unteren Saum erm\u00f6glichen eine ma\u00dfgeschneiderte Passform f\u00fcr alle Fendertypen. Die Bez\u00fcge sind in 9 Farben erh\u00e4ltlich.<\/p>\n","protected":false},"excerpt":{"rendered":"<p>Fendress Fenderbezug F5 Soft Grey &#8211; Handgemachte Fendress Fenderbez\u00fcge aus weichem Fleece. Erstklassiger Schutz f\u00fcr Ihre Fender, der gleichzeitig quietschende<\/p>\n","protected":false},"featured_media":5944363,"comment_status":"closed","ping_status":"closed","template":"","meta":[],"product_brand":[2935],"product_cat":[1564],"product_tag":[],"class_list":{"0":"post-3427382","1":"product","2":"type-product","3":"status-publish","4":"has-post-thumbnail","6":"product_brand-fendress-de","7":"product_cat-fenderhuellen","9":"first","10":"instock","11":"shipping-taxable","12":"purchasable","13":"product-type-simple"},"_links":{"self":[{"href":"https:\/\/stoic-curie.212-227-153-4.plesk.page\/de\/wp-json\/wp\/v2\/product\/3427382","targetHints":{"allow":["GET"]}}],"collection":[{"href":"https:\/\/stoic-curie.212-227-153-4.plesk.page\/de\/wp-json\/wp\/v2\/product"}],"about":[{"href":"https:\/\/stoic-curie.212-227-153-4.plesk.page\/de\/wp-json\/wp\/v2\/types\/product"}],"replies":[{"embeddable":true,"href":"https:\/\/stoic-curie.212-227-153-4.plesk.page\/de\/wp-json\/wp\/v2\/comments?post=3427382"}],"version-history":[{"count":0,"href":"https:\/\/stoic-curie.212-227-153-4.plesk.page\/de\/wp-json\/wp\/v2\/product\/3427382\/revisions"}],"wp:featuredmedia":[{"embeddable":true,"href":"https:\/\/stoic-curie.212-227-153-4.plesk.page\/de\/wp-json\/wp\/v2\/media\/5944363"}],"wp:attachment":[{"href":"https:\/\/stoic-curie.212-227-153-4.plesk.page\/de\/wp-json\/wp\/v2\/media?parent=3427382"}],"wp:term":[{"taxonomy":"product_brand","embeddable":true,"href":"https:\/\/stoic-curie.212-227-153-4.plesk.page\/de\/wp-json\/wp\/v2\/product_brand?post=3427382"},{"taxonomy":"product_cat","embeddable":true,"href":"https:\/\/stoic-curie.212-227-153-4.plesk.page\/de\/wp-json\/wp\/v2\/product_cat?post=3427382"},{"taxonomy":"product_tag","embeddable":true,"href":"https:\/\/stoic-curie.212-227-153-4.plesk.page\/de\/wp-json\/wp\/v2\/product_tag?post=3427382"}],"curies":[{"name":"wp","href":"https:\/\/api.w.org\/{rel}","templated":true}]}}