{"id":3427390,"date":"2025-10-09T22:54:24","date_gmt":"2025-10-10T02:54:24","guid":{"rendered":"https:\/\/stoic-curie.212-227-153-4.plesk.page\/product\/fendress-fenderbezug-f5-bordeaux\/"},"modified":"2026-02-24T23:35:05","modified_gmt":"2026-02-24T23:35:05","slug":"fendress-fenderbezug-f5-bordeaux","status":"publish","type":"product","link":"https:\/\/stoic-curie.212-227-153-4.plesk.page\/de\/product\/fendress-fenderbezug-f5-bordeaux\/","title":{"rendered":"Fendress Fenderbezug F5 Bordeaux"},"content":{"rendered":"<p>Fendress Fenderbezug F5 Bordeaux &#8211; <\/p>\n<p>Pl\u00fcsch-Fleece-Handgefertigte Fendress Fenderbez\u00fcge. Premium-Schutz f\u00fcr Ihre Fender, w\u00e4hrend Quietschen und Abnutzungsspuren beseitigt werden. Weich und robust sch\u00fctzen diese Fenderbez\u00fcge effizient Ihre Gelcoat-Lackierung und verl\u00e4ngern die Lebensdauer Ihrer Fender.<\/p>\n<p>\u2022 \u201eFendress Covers\u201c sind 100 % Acryl, handgefertigte, hochwertige, widerstandsf\u00e4hige, nicht abrasive Schlaufenstrick. Weiche, pl\u00fcschige Fleece-Fenderbez\u00fcge bieten den ultimativen Schutz f\u00fcr Ihre Oberfl\u00e4chen. \u2022 \u201eFendress Covers\u201c sind UV- und salzwasserbest\u00e4ndig und sch\u00fctzen Ihre Gelcoat-Lackierung effizient vor Abnutzungsspuren und Abrieb. Das strapazierf\u00e4hige und robuste Fleecematerial weist alle besten Eigenschaften auf, darunter Rei\u00dfen- und Abriebfestigkeit, schnelles Trocknen und einfache Entfernung zur Reinigung. \u2022 \u201eFendress Covers\u201c verl\u00e4ngern die Lebensdauer Ihrer Fender und beseitigen st\u00f6rendes Fenderquietschen. UV-best\u00e4ndige Farben hinterlassen keine Flecken auf Ihren Oberfl\u00e4chen. Maschinenwaschbar. \u2022 \u201eFendress Covers\u201c mit hohem Widerstand und elastischem unteren Saum erm\u00f6glichen eine ma\u00dfgeschneiderte Passform f\u00fcr alle Arten von Fendern. Die Bez\u00fcge sind in 9 Farben erh\u00e4ltlich.<\/p>\n","protected":false},"excerpt":{"rendered":"<p>Fendress Fenderbezug F5 Bordeaux &#8211; Pl\u00fcsch-Fleece-Handgefertigte Fendress Fenderbez\u00fcge. Premium-Schutz f\u00fcr Ihre Fender, w\u00e4hrend Quietschen und Abnutzungsspuren beseitigt werden. Weich und<\/p>\n","protected":false},"featured_media":5944364,"comment_status":"closed","ping_status":"closed","template":"","meta":[],"product_brand":[2935],"product_cat":[1564],"product_tag":[],"class_list":{"0":"post-3427390","1":"product","2":"type-product","3":"status-publish","4":"has-post-thumbnail","6":"product_brand-fendress-de","7":"product_cat-fenderhuellen","9":"first","10":"instock","11":"shipping-taxable","12":"purchasable","13":"product-type-simple"},"_links":{"self":[{"href":"https:\/\/stoic-curie.212-227-153-4.plesk.page\/de\/wp-json\/wp\/v2\/product\/3427390","targetHints":{"allow":["GET"]}}],"collection":[{"href":"https:\/\/stoic-curie.212-227-153-4.plesk.page\/de\/wp-json\/wp\/v2\/product"}],"about":[{"href":"https:\/\/stoic-curie.212-227-153-4.plesk.page\/de\/wp-json\/wp\/v2\/types\/product"}],"replies":[{"embeddable":true,"href":"https:\/\/stoic-curie.212-227-153-4.plesk.page\/de\/wp-json\/wp\/v2\/comments?post=3427390"}],"version-history":[{"count":0,"href":"https:\/\/stoic-curie.212-227-153-4.plesk.page\/de\/wp-json\/wp\/v2\/product\/3427390\/revisions"}],"wp:featuredmedia":[{"embeddable":true,"href":"https:\/\/stoic-curie.212-227-153-4.plesk.page\/de\/wp-json\/wp\/v2\/media\/5944364"}],"wp:attachment":[{"href":"https:\/\/stoic-curie.212-227-153-4.plesk.page\/de\/wp-json\/wp\/v2\/media?parent=3427390"}],"wp:term":[{"taxonomy":"product_brand","embeddable":true,"href":"https:\/\/stoic-curie.212-227-153-4.plesk.page\/de\/wp-json\/wp\/v2\/product_brand?post=3427390"},{"taxonomy":"product_cat","embeddable":true,"href":"https:\/\/stoic-curie.212-227-153-4.plesk.page\/de\/wp-json\/wp\/v2\/product_cat?post=3427390"},{"taxonomy":"product_tag","embeddable":true,"href":"https:\/\/stoic-curie.212-227-153-4.plesk.page\/de\/wp-json\/wp\/v2\/product_tag?post=3427390"}],"curies":[{"name":"wp","href":"https:\/\/api.w.org\/{rel}","templated":true}]}}