{"id":3427398,"date":"2025-10-09T22:54:24","date_gmt":"2025-10-10T02:54:24","guid":{"rendered":"https:\/\/stoic-curie.212-227-153-4.plesk.page\/product\/fendress-fenderbezug-f6-blau-navy\/"},"modified":"2026-02-24T23:35:05","modified_gmt":"2026-02-24T23:35:05","slug":"fendress-fenderbezug-f6-blau-navy","status":"publish","type":"product","link":"https:\/\/stoic-curie.212-227-153-4.plesk.page\/de\/product\/fendress-fenderbezug-f6-blau-navy\/","title":{"rendered":"Fendress Fenderbezug F6 Blau Navy"},"content":{"rendered":"<p>Fendress Fenderbezug F6 Blau Navy &#8211; <\/p>\n<p>Pl\u00fcsch-Fleece handgefertigte Fendress Fenderabdeckungen. Premium-Schutz f\u00fcr Ihre Fender, w\u00e4hrend sie Fenderquietschen und Abnutzungsspuren beseitigen. Weich und dennoch strapazierf\u00e4hig sch\u00fctzen diese Fenderabdeckungen effektiv Ihren Gelcoat-Lack und verl\u00e4ngern die Lebensdauer Ihrer Fender.<\/p>\n<p>\u2022 \u201eFendress Covers\u201c sind 100% handgefertigt aus hochwertigem, widerstandsf\u00e4higem, nicht abrasivem Loopstrick aus Acryl. Weiche, pl\u00fcschige Fleece-Fenderabdeckungen bieten den ultimativen Schutz f\u00fcr Ihre Seitenw\u00e4nde. \u2022 \u201eFendress Covers\u201c sind UV- und salzwasserbest\u00e4ndig, was Ihren Gelcoat-Lack effektiv vor Abnutzungsspuren und Absch\u00fcrfungen sch\u00fctzt. Der strapazierf\u00e4hige Fleece-Stoff enth\u00e4lt alle besten Eigenschaften, einschlie\u00dflich Riss- und Abriebfestigkeit, schnelles Trocknen und einfache Entfernung zur Reinigung. \u2022 \u201eFendress Covers\u201c verl\u00e4ngern die Lebensdauer Ihrer Fender und beseitigen l\u00e4stige Fenderger\u00e4usche. UV-best\u00e4ndige Farben hinterlassen keine Abdr\u00fccke auf Ihren Seitenw\u00e4nden. Maschinenwaschbar. \u2022 \u201eFendress Covers\u201c mit hochbest\u00e4ndigem Oberteil und elastischem unteren Saum erm\u00f6glichen eine ma\u00dfgeschneiderte Passform f\u00fcr alle Fenderarten. Abdeckungen sind in 9 Farben erh\u00e4ltlich.<\/p>\n","protected":false},"excerpt":{"rendered":"<p>Fendress Fenderbezug F6 Blau Navy &#8211; Pl\u00fcsch-Fleece handgefertigte Fendress Fenderabdeckungen. Premium-Schutz f\u00fcr Ihre Fender, w\u00e4hrend sie Fenderquietschen und Abnutzungsspuren beseitigen.<\/p>\n","protected":false},"featured_media":5944351,"comment_status":"closed","ping_status":"closed","template":"","meta":[],"product_brand":[2935],"product_cat":[1564],"product_tag":[],"class_list":{"0":"post-3427398","1":"product","2":"type-product","3":"status-publish","4":"has-post-thumbnail","6":"product_brand-fendress-de","7":"product_cat-fenderhuellen","9":"first","10":"instock","11":"shipping-taxable","12":"purchasable","13":"product-type-simple"},"_links":{"self":[{"href":"https:\/\/stoic-curie.212-227-153-4.plesk.page\/de\/wp-json\/wp\/v2\/product\/3427398","targetHints":{"allow":["GET"]}}],"collection":[{"href":"https:\/\/stoic-curie.212-227-153-4.plesk.page\/de\/wp-json\/wp\/v2\/product"}],"about":[{"href":"https:\/\/stoic-curie.212-227-153-4.plesk.page\/de\/wp-json\/wp\/v2\/types\/product"}],"replies":[{"embeddable":true,"href":"https:\/\/stoic-curie.212-227-153-4.plesk.page\/de\/wp-json\/wp\/v2\/comments?post=3427398"}],"version-history":[{"count":0,"href":"https:\/\/stoic-curie.212-227-153-4.plesk.page\/de\/wp-json\/wp\/v2\/product\/3427398\/revisions"}],"wp:featuredmedia":[{"embeddable":true,"href":"https:\/\/stoic-curie.212-227-153-4.plesk.page\/de\/wp-json\/wp\/v2\/media\/5944351"}],"wp:attachment":[{"href":"https:\/\/stoic-curie.212-227-153-4.plesk.page\/de\/wp-json\/wp\/v2\/media?parent=3427398"}],"wp:term":[{"taxonomy":"product_brand","embeddable":true,"href":"https:\/\/stoic-curie.212-227-153-4.plesk.page\/de\/wp-json\/wp\/v2\/product_brand?post=3427398"},{"taxonomy":"product_cat","embeddable":true,"href":"https:\/\/stoic-curie.212-227-153-4.plesk.page\/de\/wp-json\/wp\/v2\/product_cat?post=3427398"},{"taxonomy":"product_tag","embeddable":true,"href":"https:\/\/stoic-curie.212-227-153-4.plesk.page\/de\/wp-json\/wp\/v2\/product_tag?post=3427398"}],"curies":[{"name":"wp","href":"https:\/\/api.w.org\/{rel}","templated":true}]}}