{"id":3427401,"date":"2025-10-09T22:54:24","date_gmt":"2025-10-10T02:54:24","guid":{"rendered":"https:\/\/stoic-curie.212-227-153-4.plesk.page\/product\/fendress-fenderbezug-f6-schwarz\/"},"modified":"2026-02-24T23:35:05","modified_gmt":"2026-02-24T23:35:05","slug":"fendress-fenderbezug-f6-schwarz","status":"publish","type":"product","link":"https:\/\/stoic-curie.212-227-153-4.plesk.page\/de\/product\/fendress-fenderbezug-f6-schwarz\/","title":{"rendered":"Fendress Fenderbezug F6 Schwarz"},"content":{"rendered":"<p>Fendress Fenderbezug F6 Schwarz &#8211; <\/p>\n<p>Pl\u00fcschfleece handgefertigte Fendress Fenderbez\u00fcge. Premium Schutz f\u00fcr Ihre Fender und Eliminierung von Fenderquietschen und Kratzern. Weich und robust sch\u00fctzen diese Fenderbez\u00fcge effizient Ihren Gelcoat-Anstrich und verl\u00e4ngern die Lebensdauer Ihrer Fender. <br \/> \u2022 \u201cFendress Covers\u201d sind 100% Acryl, handgefertigte Premiumqualit\u00e4t, widerstandsf\u00e4hig und nicht abrasiv gewebt. Weiche, pl\u00fcschige Fleece-Fenderbez\u00fcge bieten den ultimativen Schutz f\u00fcr Ihre Oberfl\u00e4chen.<br \/> \u2022 \u201cFendress Covers\u201d sind UV- und salzwasserbest\u00e4ndig und sch\u00fctzen effizient Ihre Gelcoat-Lackierung vor Kratzern und Abrieb. Der strapazierf\u00e4hige und robuste Fleece-Stoff verf\u00fcgt \u00fcber alle besten Eigenschaften, einschlie\u00dflich Riss- und Abriebfestigkeit, schnelle Trocknungsf\u00e4higkeit und einfache Entfernung zur Reinigung.<br \/> \u2022 \u201cFendress Covers\u201d verl\u00e4ngern die Lebensdauer Ihrer Fender und beseitigen l\u00e4stige Fenderquietschen. UV-best\u00e4ndige Farben hinterlassen keine Spuren auf Ihren Oberfl\u00e4chen. Maschinenwaschbar.<br \/> \u2022 \u201cFendress Covers\u201d mit hoher Widerstandskraft an der Oberseite und elastischem Saum erm\u00f6glichen eine ma\u00dfgeschneiderte Passform f\u00fcr alle Fenderarten. Bez\u00fcge sind in 9 Farben erh\u00e4ltlich.<\/p>\n","protected":false},"excerpt":{"rendered":"<p>Fendress Fenderbezug F6 Schwarz &#8211; Pl\u00fcschfleece handgefertigte Fendress Fenderbez\u00fcge. Premium Schutz f\u00fcr Ihre Fender und Eliminierung von Fenderquietschen und Kratzern.<\/p>\n","protected":false},"featured_media":5944361,"comment_status":"closed","ping_status":"closed","template":"","meta":[],"product_brand":[2935],"product_cat":[1564],"product_tag":[],"class_list":{"0":"post-3427401","1":"product","2":"type-product","3":"status-publish","4":"has-post-thumbnail","6":"product_brand-fendress-de","7":"product_cat-fenderhuellen","9":"first","10":"instock","11":"shipping-taxable","12":"purchasable","13":"product-type-simple"},"_links":{"self":[{"href":"https:\/\/stoic-curie.212-227-153-4.plesk.page\/de\/wp-json\/wp\/v2\/product\/3427401","targetHints":{"allow":["GET"]}}],"collection":[{"href":"https:\/\/stoic-curie.212-227-153-4.plesk.page\/de\/wp-json\/wp\/v2\/product"}],"about":[{"href":"https:\/\/stoic-curie.212-227-153-4.plesk.page\/de\/wp-json\/wp\/v2\/types\/product"}],"replies":[{"embeddable":true,"href":"https:\/\/stoic-curie.212-227-153-4.plesk.page\/de\/wp-json\/wp\/v2\/comments?post=3427401"}],"version-history":[{"count":0,"href":"https:\/\/stoic-curie.212-227-153-4.plesk.page\/de\/wp-json\/wp\/v2\/product\/3427401\/revisions"}],"wp:featuredmedia":[{"embeddable":true,"href":"https:\/\/stoic-curie.212-227-153-4.plesk.page\/de\/wp-json\/wp\/v2\/media\/5944361"}],"wp:attachment":[{"href":"https:\/\/stoic-curie.212-227-153-4.plesk.page\/de\/wp-json\/wp\/v2\/media?parent=3427401"}],"wp:term":[{"taxonomy":"product_brand","embeddable":true,"href":"https:\/\/stoic-curie.212-227-153-4.plesk.page\/de\/wp-json\/wp\/v2\/product_brand?post=3427401"},{"taxonomy":"product_cat","embeddable":true,"href":"https:\/\/stoic-curie.212-227-153-4.plesk.page\/de\/wp-json\/wp\/v2\/product_cat?post=3427401"},{"taxonomy":"product_tag","embeddable":true,"href":"https:\/\/stoic-curie.212-227-153-4.plesk.page\/de\/wp-json\/wp\/v2\/product_tag?post=3427401"}],"curies":[{"name":"wp","href":"https:\/\/api.w.org\/{rel}","templated":true}]}}