{"id":3427434,"date":"2025-10-09T22:54:26","date_gmt":"2025-10-10T02:54:26","guid":{"rendered":"https:\/\/stoic-curie.212-227-153-4.plesk.page\/product\/fendress-fenderbezug-f7-schwarz\/"},"modified":"2026-02-24T23:35:05","modified_gmt":"2026-02-24T23:35:05","slug":"fendress-fenderbezug-f7-schwarz","status":"publish","type":"product","link":"https:\/\/stoic-curie.212-227-153-4.plesk.page\/de\/product\/fendress-fenderbezug-f7-schwarz\/","title":{"rendered":"Fendress Fenderbezug F7 Schwarz"},"content":{"rendered":"<p>Fendress Fenderbezug F7 Schwarz &#8211; <\/p>\n<p>Pl\u00fcsch-Fleece handgefertigte Fendress Fenderabdeckungen. Premium-Schutz f\u00fcr Ihre Fender und gleichzeitig die Fenderger\u00e4usche und Kratzmarken eliminieren. Weich und robust sch\u00fctzen diese Fenderabdeckungen effizient Ihren Gel-Coat-Lack und verl\u00e4ngern die Lebensdauer Ihrer Fender.<\/p>\n<p>&#149; \u201cFendress Covers\u201d sind 100% Acryl handgefertigte Premium-Qualit\u00e4t, widerstandsf\u00e4hig und nicht abrasiv gestrickt. Weiche, pl\u00fcschige Fleece-Fenderabdeckungen bieten ultimativen Schutz f\u00fcr Ihre Oberfl\u00e4chen. &#149; \u201cFendress Covers\u201d sind UV- und salzwasserbest\u00e4ndig und sch\u00fctzen effizient Ihre Gel-Coat-Lackierung vor Kratzmarken und Abrieb. Der strapazierf\u00e4hige Fleece-Stoff vereint alle besten Eigenschaften, einschlie\u00dflich Rei\u00df- und Abriebfestigkeit, schnelles Trocknen und einfache Entfernung zur Reinigung. &#149; \u201cFendress Covers\u201d verl\u00e4ngern die Lebensdauer Ihrer Fender und beseitigen l\u00e4stige Fenderger\u00e4usche. UV-best\u00e4ndige Farben hinterlassen keine Abdr\u00fccke auf Ihren Oberfl\u00e4chen. Maschinenwaschbar. &#149; \u201cFendress Covers\u201d bieten hohen Widerstand an der Oberseite und einen elastischen Saum, der eine ma\u00dfgeschneiderte Passform f\u00fcr alle Arten von Fendern erm\u00f6glicht. Die Abdeckungen sind in 9 Farben erh\u00e4ltlich.<\/p>\n","protected":false},"excerpt":{"rendered":"<p>Fendress Fenderbezug F7 Schwarz &#8211; Pl\u00fcsch-Fleece handgefertigte Fendress Fenderabdeckungen. Premium-Schutz f\u00fcr Ihre Fender und gleichzeitig die Fenderger\u00e4usche und Kratzmarken eliminieren.<\/p>\n","protected":false},"featured_media":5944361,"comment_status":"closed","ping_status":"closed","template":"","meta":[],"product_brand":[2935],"product_cat":[1564],"product_tag":[],"class_list":{"0":"post-3427434","1":"product","2":"type-product","3":"status-publish","4":"has-post-thumbnail","6":"product_brand-fendress-de","7":"product_cat-fenderhuellen","9":"first","10":"instock","11":"shipping-taxable","12":"purchasable","13":"product-type-simple"},"_links":{"self":[{"href":"https:\/\/stoic-curie.212-227-153-4.plesk.page\/de\/wp-json\/wp\/v2\/product\/3427434","targetHints":{"allow":["GET"]}}],"collection":[{"href":"https:\/\/stoic-curie.212-227-153-4.plesk.page\/de\/wp-json\/wp\/v2\/product"}],"about":[{"href":"https:\/\/stoic-curie.212-227-153-4.plesk.page\/de\/wp-json\/wp\/v2\/types\/product"}],"replies":[{"embeddable":true,"href":"https:\/\/stoic-curie.212-227-153-4.plesk.page\/de\/wp-json\/wp\/v2\/comments?post=3427434"}],"version-history":[{"count":0,"href":"https:\/\/stoic-curie.212-227-153-4.plesk.page\/de\/wp-json\/wp\/v2\/product\/3427434\/revisions"}],"wp:featuredmedia":[{"embeddable":true,"href":"https:\/\/stoic-curie.212-227-153-4.plesk.page\/de\/wp-json\/wp\/v2\/media\/5944361"}],"wp:attachment":[{"href":"https:\/\/stoic-curie.212-227-153-4.plesk.page\/de\/wp-json\/wp\/v2\/media?parent=3427434"}],"wp:term":[{"taxonomy":"product_brand","embeddable":true,"href":"https:\/\/stoic-curie.212-227-153-4.plesk.page\/de\/wp-json\/wp\/v2\/product_brand?post=3427434"},{"taxonomy":"product_cat","embeddable":true,"href":"https:\/\/stoic-curie.212-227-153-4.plesk.page\/de\/wp-json\/wp\/v2\/product_cat?post=3427434"},{"taxonomy":"product_tag","embeddable":true,"href":"https:\/\/stoic-curie.212-227-153-4.plesk.page\/de\/wp-json\/wp\/v2\/product_tag?post=3427434"}],"curies":[{"name":"wp","href":"https:\/\/api.w.org\/{rel}","templated":true}]}}