{"id":3427464,"date":"2025-10-09T22:54:27","date_gmt":"2025-10-10T02:54:27","guid":{"rendered":"https:\/\/stoic-curie.212-227-153-4.plesk.page\/product\/fendress-fenderbezug-f02-blau-navy\/"},"modified":"2026-02-24T23:35:05","modified_gmt":"2026-02-24T23:35:05","slug":"fendress-fenderbezug-f02-blau-navy","status":"publish","type":"product","link":"https:\/\/stoic-curie.212-227-153-4.plesk.page\/de\/product\/fendress-fenderbezug-f02-blau-navy\/","title":{"rendered":"Fendress Fenderbezug F02 Blau Navy"},"content":{"rendered":"<p>Fendress Fenderbezug F02 Blau Navy &#8211; <\/p>\n<p>Handgefertigte Fendress Fenderbez\u00fcge aus pl\u00fcschigem Fleece. Premium Schutz f\u00fcr Ihre Fender, der Quietschen und schrammige Stellen eliminiert. Weich und dennoch robust sind diese Fenderbez\u00fcge eine effektive Schutzl\u00f6sung f\u00fcr Ihre Gel-Coat-Lackierung und verl\u00e4ngern die Lebensdauer Ihrer Fender.<\/p>\n<p>&#149; &#8220;Fendress Covers&#8221; sind 100% aus Acryl, handgefertigt, von hochwertiger, widerstandsf\u00e4higer und nicht scheuernder Schlaufenstrickware. Die weichen, pl\u00fcschigen Fleece-Fenderbez\u00fcge bieten den ultimativen Schutz f\u00fcr Ihre Decksleiste.&#149; &#8220;Fendress Covers&#8221; sind UV- und meerwasserbest\u00e4ndig und sch\u00fctzen Ihre Gel-Coat-Lackierung effektiv vor schrammigen Stellen und Abrieb. Der strapazierf\u00e4hige und robuste Fleece-Stoff bietet alle besten Eigenschaften, einschlie\u00dflich Riss- und Abriebfestigkeit, schnelles Trocknen und einfache Entfernung zur Reinigung.&#149; &#8220;Fendress Covers&#8221; sorgen daf\u00fcr, dass Ihre Fender l\u00e4nger halten und das st\u00f6rende Quietschen beseitigen. UV-best\u00e4ndige Farben hinterlassen keine Spuren an Ihren Decksleisten. Maschinenwaschbar.&#149; &#8220;Fendress Covers&#8221; mit hochbest\u00e4ndigem Oberteil und elastischem Saum sorgen f\u00fcr eine ma\u00dfgeschneiderte Passform f\u00fcr alle Fender-Typen. Bez\u00fcge sind in 9 Farben erh\u00e4ltlich.<\/p>\n","protected":false},"excerpt":{"rendered":"<p>Fendress Fenderbezug F02 Blau Navy &#8211; Handgefertigte Fendress Fenderbez\u00fcge aus pl\u00fcschigem Fleece. Premium Schutz f\u00fcr Ihre Fender, der Quietschen und<\/p>\n","protected":false},"featured_media":5944351,"comment_status":"closed","ping_status":"closed","template":"","meta":[],"product_brand":[2935],"product_cat":[1564],"product_tag":[],"class_list":{"0":"post-3427464","1":"product","2":"type-product","3":"status-publish","4":"has-post-thumbnail","6":"product_brand-fendress-de","7":"product_cat-fenderhuellen","9":"first","10":"instock","11":"shipping-taxable","12":"purchasable","13":"product-type-simple"},"_links":{"self":[{"href":"https:\/\/stoic-curie.212-227-153-4.plesk.page\/de\/wp-json\/wp\/v2\/product\/3427464","targetHints":{"allow":["GET"]}}],"collection":[{"href":"https:\/\/stoic-curie.212-227-153-4.plesk.page\/de\/wp-json\/wp\/v2\/product"}],"about":[{"href":"https:\/\/stoic-curie.212-227-153-4.plesk.page\/de\/wp-json\/wp\/v2\/types\/product"}],"replies":[{"embeddable":true,"href":"https:\/\/stoic-curie.212-227-153-4.plesk.page\/de\/wp-json\/wp\/v2\/comments?post=3427464"}],"version-history":[{"count":0,"href":"https:\/\/stoic-curie.212-227-153-4.plesk.page\/de\/wp-json\/wp\/v2\/product\/3427464\/revisions"}],"wp:featuredmedia":[{"embeddable":true,"href":"https:\/\/stoic-curie.212-227-153-4.plesk.page\/de\/wp-json\/wp\/v2\/media\/5944351"}],"wp:attachment":[{"href":"https:\/\/stoic-curie.212-227-153-4.plesk.page\/de\/wp-json\/wp\/v2\/media?parent=3427464"}],"wp:term":[{"taxonomy":"product_brand","embeddable":true,"href":"https:\/\/stoic-curie.212-227-153-4.plesk.page\/de\/wp-json\/wp\/v2\/product_brand?post=3427464"},{"taxonomy":"product_cat","embeddable":true,"href":"https:\/\/stoic-curie.212-227-153-4.plesk.page\/de\/wp-json\/wp\/v2\/product_cat?post=3427464"},{"taxonomy":"product_tag","embeddable":true,"href":"https:\/\/stoic-curie.212-227-153-4.plesk.page\/de\/wp-json\/wp\/v2\/product_tag?post=3427464"}],"curies":[{"name":"wp","href":"https:\/\/api.w.org\/{rel}","templated":true}]}}