{"id":3427476,"date":"2025-10-09T22:54:28","date_gmt":"2025-10-10T02:54:28","guid":{"rendered":"https:\/\/stoic-curie.212-227-153-4.plesk.page\/product\/fenderabdeckungen-fendress-sand-19-x-64-cm-polyform-f02\/"},"modified":"2026-02-24T23:35:05","modified_gmt":"2026-02-24T23:35:05","slug":"fenderabdeckungen-fendress-sand-19-x-64-cm-polyform-f02","status":"publish","type":"product","link":"https:\/\/stoic-curie.212-227-153-4.plesk.page\/de\/product\/fenderabdeckungen-fendress-sand-19-x-64-cm-polyform-f02\/","title":{"rendered":"Fenderabdeckungen Fendress Sand 19 x 64 cm (Polyform F02)"},"content":{"rendered":"<p>Fenderabdeckungen Fendress Sand 19 x 64 cm (Polyform F02) &#8211; <\/p>\n<p>Pl\u00fcsch-Fleece handgefertigte Fendress Fenderabdeckungen. Premium-Schutz f\u00fcr Ihre Fender, w\u00e4hrend sie Fenderknarren und -kratzern beseitigen. Weich und dennoch haltbar sch\u00fctzen diese Fenderabdeckungen effizient Ihre Gelcoatfarbe und verl\u00e4ngern die Lebensdauer Ihrer Fender.<\/p>\n<p>\u2022 &#8220;Fendress Covers&#8221; sind aus 100% Acryl, handgefertigt, von hochwertiger, widerstandsf\u00e4higer und nicht-abrasiver Schlaufenstrickware. Weiche, pl\u00fcschige Fleece Fenderabdeckungen bieten den ultimativen Schutz f\u00fcr Ihre Oberseite.<\/p>\n<p>\u2022 &#8220;Fendress Covers&#8221; sind UV- und Meerwasserbest\u00e4ndig, sch\u00fctzen effizient Ihre Gelcoatfarbe vor Kratzern und Abrieb. Der strapazierf\u00e4hige, elastische Fleecestoff enth\u00e4lt alle besten Eigenschaften, einschlie\u00dflich Rei\u00dfen- und Abriebfestigkeit, schnelle Trocknung und einfache Entfernung zur Reinigung.<\/p>\n<p>\u2022 &#8220;Fendress Covers&#8221; verl\u00e4ngern die Lebensdauer Ihrer Fender und beseitigen st\u00f6rendes Fenderknarren. UV-best\u00e4ndige Farben hinterlassen keine Spuren auf Ihren Oberfl\u00e4chen. Maschinenwaschbar.<\/p>\n<p>\u2022 &#8220;Fendress Covers&#8221; hoher Widerstand oben und elastischer Saum sorgen f\u00fcr eine ma\u00dfgeschneiderte Passform f\u00fcr alle Fenderarten. Abdeckungen sind in 9 Farben erh\u00e4ltlich.<\/p>\n","protected":false},"excerpt":{"rendered":"<p>Fenderabdeckungen Fendress Sand 19 x 64 cm (Polyform F02) &#8211; Pl\u00fcsch-Fleece handgefertigte Fendress Fenderabdeckungen. Premium-Schutz f\u00fcr Ihre Fender, w\u00e4hrend sie<\/p>\n","protected":false},"featured_media":5944367,"comment_status":"closed","ping_status":"closed","template":"","meta":[],"product_brand":[2935],"product_cat":[1564],"product_tag":[],"class_list":{"0":"post-3427476","1":"product","2":"type-product","3":"status-publish","4":"has-post-thumbnail","6":"product_brand-fendress-de","7":"product_cat-fenderhuellen","9":"first","10":"instock","11":"shipping-taxable","12":"purchasable","13":"product-type-simple"},"_links":{"self":[{"href":"https:\/\/stoic-curie.212-227-153-4.plesk.page\/de\/wp-json\/wp\/v2\/product\/3427476","targetHints":{"allow":["GET"]}}],"collection":[{"href":"https:\/\/stoic-curie.212-227-153-4.plesk.page\/de\/wp-json\/wp\/v2\/product"}],"about":[{"href":"https:\/\/stoic-curie.212-227-153-4.plesk.page\/de\/wp-json\/wp\/v2\/types\/product"}],"replies":[{"embeddable":true,"href":"https:\/\/stoic-curie.212-227-153-4.plesk.page\/de\/wp-json\/wp\/v2\/comments?post=3427476"}],"version-history":[{"count":0,"href":"https:\/\/stoic-curie.212-227-153-4.plesk.page\/de\/wp-json\/wp\/v2\/product\/3427476\/revisions"}],"wp:featuredmedia":[{"embeddable":true,"href":"https:\/\/stoic-curie.212-227-153-4.plesk.page\/de\/wp-json\/wp\/v2\/media\/5944367"}],"wp:attachment":[{"href":"https:\/\/stoic-curie.212-227-153-4.plesk.page\/de\/wp-json\/wp\/v2\/media?parent=3427476"}],"wp:term":[{"taxonomy":"product_brand","embeddable":true,"href":"https:\/\/stoic-curie.212-227-153-4.plesk.page\/de\/wp-json\/wp\/v2\/product_brand?post=3427476"},{"taxonomy":"product_cat","embeddable":true,"href":"https:\/\/stoic-curie.212-227-153-4.plesk.page\/de\/wp-json\/wp\/v2\/product_cat?post=3427476"},{"taxonomy":"product_tag","embeddable":true,"href":"https:\/\/stoic-curie.212-227-153-4.plesk.page\/de\/wp-json\/wp\/v2\/product_tag?post=3427476"}],"curies":[{"name":"wp","href":"https:\/\/api.w.org\/{rel}","templated":true}]}}